{"id":2774,"date":"2026-01-05T19:34:24","date_gmt":"2026-01-05T19:34:24","guid":{"rendered":"https:\/\/floranueva.com\/programme-oleos\/"},"modified":"2026-03-26T22:17:56","modified_gmt":"2026-03-26T22:17:56","slug":"programme-oleos","status":"publish","type":"page","link":"https:\/\/floranueva.com\/fr\/programme-oleos\/","title":{"rendered":"Programme Oleos"},"content":{"rendered":"\t\t<div data-elementor-type=\"wp-page\" data-elementor-id=\"2774\" class=\"elementor elementor-2774 elementor-2127\">\n\t\t\t\t<div class=\"elementor-element elementor-element-1c06c23 elementor-hidden-mobile e-flex e-con-boxed e-con e-parent\" data-id=\"1c06c23\" data-element_type=\"container\">\n\t\t\t\t\t<div class=\"e-con-inner\">\n\t\t<div class=\"elementor-element elementor-element-8a08594 e-con-full e-flex e-con e-child\" data-id=\"8a08594\" data-element_type=\"container\" data-settings=\"{&quot;background_background&quot;:&quot;classic&quot;}\">\n\t\t\t\t<\/div>\n\t\t\t\t\t<\/div>\n\t\t\t\t<\/div>\n\t\t<div class=\"elementor-element elementor-element-8eefb3d elementor-hidden-desktop elementor-hidden-laptop elementor-hidden-tablet_extra elementor-hidden-tablet e-flex e-con-boxed e-con e-parent\" data-id=\"8eefb3d\" data-element_type=\"container\">\n\t\t\t\t\t<div class=\"e-con-inner\">\n\t\t<div class=\"elementor-element elementor-element-8b37dab e-con-full e-flex e-con e-child\" data-id=\"8b37dab\" data-element_type=\"container\" data-settings=\"{&quot;background_background&quot;:&quot;classic&quot;}\">\n\t\t\t\t<\/div>\n\t\t\t\t\t<\/div>\n\t\t\t\t<\/div>\n\t\t<div class=\"elementor-element elementor-element-100fd36 e-flex e-con-boxed e-con e-parent\" data-id=\"100fd36\" data-element_type=\"container\">\n\t\t\t\t\t<div class=\"e-con-inner\">\n\t\t<div class=\"elementor-element elementor-element-d1b2f6f e-con-full e-flex e-con e-child\" data-id=\"d1b2f6f\" data-element_type=\"container\" data-settings=\"{&quot;background_background&quot;:&quot;classic&quot;}\">\n\t\t\t\t<div class=\"elementor-element elementor-element-26fe67c elementor-widget elementor-widget-text-editor\" data-id=\"26fe67c\" data-element_type=\"widget\" data-widget_type=\"text-editor.default\">\n\t\t\t\t\t\t\t\t\t<p>PROGRAMME<\/p><p>OLEOS<\/p>\t\t\t\t\t\t\t\t<\/div>\n\t\t\t\t<\/div>\n\t\t\t\t<div class=\"elementor-element elementor-element-b34e548 elementor-widget elementor-widget-text-editor\" data-id=\"b34e548\" data-element_type=\"widget\" data-widget_type=\"text-editor.default\">\n\t\t\t\t\t\t\t\t\t<p><b>Le Programme Oleos n&rsquo;est pas seulement une ligne de production \u2014 c&rsquo;est la pierre angulaire sur laquelle Flora Nueva s&rsquo;est construite.<\/b><\/p>\n<p><span style=\"font-weight: 400;\">Notre premi\u00e8re dissidence face \u00e0 l&rsquo;extractivisme : refuser que les communaut\u00e9s continuent d&rsquo;exporter leurs cultures comme mati\u00e8res premi\u00e8res brutes pendant que la valeur se cr\u00e9e ailleurs<\/span><\/p>\n<p><span style=\"font-weight: 400;\"> Nous avons pari\u00e9 sur un ancrage radical \u2014 transformation et valeur ajout\u00e9e au c\u0153ur m\u00eame des territoires.<\/span><\/p>\n<p><span style=\"font-weight: 400;\">Les huiles v\u00e9g\u00e9tales : un point de d\u00e9part strat\u00e9gique id\u00e9al. Leur transformation ne requiert pas d&rsquo;infrastructures industrielles massives \u2014 ce qui nous a permis de d\u00e9mocratiser la technologie et de d\u00e9montrer, d\u00e8s les premiers pas, que le mod\u00e8le de Village Industry est viable, rentable et transposable. <\/span><\/p><p><span style=\"font-weight: 400;\"><br><\/span><\/p><p><span style=\"font-weight: 400;\">Programme Oleos complet.<\/span><\/p>\t\t\t\t\t\t\t\t<\/div>\n\t\t\t\t<div class=\"elementor-element elementor-element-440d5ce elementor-widget elementor-widget-button\" data-id=\"440d5ce\" data-element_type=\"widget\" data-widget_type=\"button.default\">\n\t\t\t\t\t\t\t\t\t\t<a class=\"elementor-button elementor-button-link elementor-size-sm\" href=\"https:\/\/floranueva.com\/fr\/nos-tresors\/\">\n\t\t\t\t\t\t<span class=\"elementor-button-content-wrapper\">\n\t\t\t\t\t\t<span class=\"elementor-button-icon\">\n\t\t\t\t<svg aria-hidden=\"true\" class=\"e-font-icon-svg e-fas-arrow-right\" viewBox=\"0 0 448 512\" xmlns=\"http:\/\/www.w3.org\/2000\/svg\"><path d=\"M190.5 66.9l22.2-22.2c9.4-9.4 24.6-9.4 33.9 0L441 239c9.4 9.4 9.4 24.6 0 33.9L246.6 467.3c-9.4 9.4-24.6 9.4-33.9 0l-22.2-22.2c-9.5-9.5-9.3-25 .4-34.3L311.4 296H24c-13.3 0-24-10.7-24-24v-32c0-13.3 10.7-24 24-24h287.4L190.9 101.2c-9.8-9.3-10-24.8-.4-34.3z\"><\/path><\/svg>\t\t\t<\/span>\n\t\t\t\t\t\t\t\t\t<span class=\"elementor-button-text\">CATALOGUE DE PRODUITS<\/span>\n\t\t\t\t\t<\/span>\n\t\t\t\t\t<\/a>\n\t\t\t\t\t\t\t\t<\/div>\n\t\t\t\t\t<\/div>\n\t\t\t\t<\/div>\n\t\t<div class=\"elementor-element elementor-element-42a6d92 e-flex e-con-boxed e-con e-parent\" data-id=\"42a6d92\" data-element_type=\"container\" data-settings=\"{&quot;background_background&quot;:&quot;classic&quot;}\">\n\t\t\t\t\t<div class=\"e-con-inner\">\n\t\t\t\t<div class=\"elementor-element elementor-element-fcbf375 elementor-widget elementor-widget-heading\" data-id=\"fcbf375\" data-element_type=\"widget\" data-widget_type=\"heading.default\">\n\t\t\t\t\t<h2 class=\"elementor-heading-title elementor-size-default\">UN CYCLE DE VALEUR PARTAG\u00c9E<\/h2>\t\t\t\t<\/div>\n\t\t\t\t<div class=\"elementor-element elementor-element-4e24ec7 elementor-widget elementor-widget-text-editor\" data-id=\"4e24ec7\" data-element_type=\"widget\" data-widget_type=\"text-editor.default\">\n\t\t\t\t\t\t\t\t\t<p><span style=\"font-weight: 400;\">Chia, hibiscus \u2014 des cultures simples devenues huiles d&rsquo;une puret\u00e9 irr\u00e9prochable, gr\u00e2ce \u00e0 un mod\u00e8le de coop\u00e9ration profonde. Ici, nous ne nous contentons pas d&rsquo;acheter : nous co-cr\u00e9ons chaque maillon de la fili\u00e8re. <\/span><\/p><ol><li style=\"font-weight: 400;\" aria-level=\"1\"><b>Mise en culture et accompagnement technique : Nous fournissons les semences et l&rsquo;appui technique, aux c\u00f4t\u00e9s des producteurs d\u00e8s les premi\u00e8res pousses.<\/b><\/li><li style=\"font-weight: 400;\" aria-level=\"1\"><b>R\u00e9colte et post-r\u00e9colte : <\/b><span style=\"font-weight: 400;\">Les familles assurent la r\u00e9colte, le tri et le s\u00e9chage sur site, garantissant ainsi la qualit\u00e9 de la mati\u00e8re premi\u00e8re.<\/span><\/li><li style=\"font-weight: 400;\" aria-level=\"1\"><b>Transformation in situ : <\/b>L\u2019extraction de l\u2019huile est r\u00e9alis\u00e9e au sein de notre Village Industry, garantissant un processus industriel \u00e0 la fois rigoureux et collectif.<\/li><li style=\"font-weight: 400;\" aria-level=\"1\"><b>Commercialisation : <\/b><span style=\"font-weight: 400;\">Nous commercialisons le produit fini.<\/span><\/li><li style=\"font-weight: 400;\" aria-level=\"1\">Nous bouclons le cycle en redistribuant les b\u00e9n\u00e9fices au sein de la communaut\u00e9, injectant des ressources qui consolident son autonomie sur le long terme<\/li><\/ol>\t\t\t\t\t\t\t\t<\/div>\n\t\t\t\t<div class=\"elementor-element elementor-element-30de8e3 elementor-widget elementor-widget-text-editor\" data-id=\"30de8e3\" data-element_type=\"widget\" data-widget_type=\"text-editor.default\">\n\t\t\t\t\t\t\t\t\t<p><b>Nous ne produisons pas seulement des huiles \u2014 nous produisons un mod\u00e8le. <\/b><span style=\"font-weight: 400;\">Ce programme a prouv\u00e9 que la co-production et l&rsquo;industrialisation communautaire sont viables, en posant les fondations de confiance et de solidit\u00e9 financi\u00e8re qui nous permettent aujourd&rsquo;hui de relever des d\u00e9fis toujours plus ambitieux.<\/span><\/p>\t\t\t\t\t\t\t\t<\/div>\n\t\t\t\t\t<\/div>\n\t\t\t\t<\/div>\n\t\t<div class=\"elementor-element elementor-element-23e1ac7 elementor-hidden-desktop elementor-hidden-laptop elementor-hidden-tablet_extra elementor-hidden-tablet elementor-hidden-mobile e-flex e-con-boxed e-con e-parent\" data-id=\"23e1ac7\" data-element_type=\"container\" data-settings=\"{&quot;background_background&quot;:&quot;classic&quot;}\">\n\t\t\t\t\t<div class=\"e-con-inner\">\n\t\t<div class=\"elementor-element elementor-element-badf457 e-con-full e-flex e-con e-child\" data-id=\"badf457\" data-element_type=\"container\">\n\t\t\t\t<div class=\"elementor-element elementor-element-be26f91 elementor-widget elementor-widget-heading\" data-id=\"be26f91\" data-element_type=\"widget\" data-widget_type=\"heading.default\">\n\t\t\t\t\t<h2 class=\"elementor-heading-title elementor-size-default\">NOTRE IMPACT<\/h2>\t\t\t\t<\/div>\n\t\t<div class=\"elementor-element elementor-element-f68fc93 e-grid e-con-full e-con e-child\" data-id=\"f68fc93\" data-element_type=\"container\">\n\t\t<div class=\"elementor-element elementor-element-fa8c0e6 e-con-full e-flex e-con e-child\" data-id=\"fa8c0e6\" data-element_type=\"container\">\n\t\t\t\t<div class=\"elementor-element elementor-element-8bb718c elementor-widget elementor-widget-text-editor\" data-id=\"8bb718c\" data-element_type=\"widget\" data-widget_type=\"text-editor.default\">\n\t\t\t\t\t\t\t\t\t99<span style=\"color:#E7CAB1\">%<\/span>\t\t\t\t\t\t\t\t<\/div>\n\t\t\t\t<div class=\"elementor-element elementor-element-c08c2f3 elementor-widget elementor-widget-text-editor\" data-id=\"c08c2f3\" data-element_type=\"widget\" data-widget_type=\"text-editor.default\">\n\t\t\t\t\t\t\t\t\t<p>Satisfaction client<\/p>\t\t\t\t\t\t\t\t<\/div>\n\t\t\t\t<\/div>\n\t\t<div class=\"elementor-element elementor-element-d654d7a e-con-full e-flex e-con e-child\" data-id=\"d654d7a\" data-element_type=\"container\">\n\t\t\t\t<div class=\"elementor-element elementor-element-8cea62a elementor-widget elementor-widget-text-editor\" data-id=\"8cea62a\" data-element_type=\"widget\" data-widget_type=\"text-editor.default\">\n\t\t\t\t\t\t\t\t\t32<span style=\"color: #e7cab1;\">M<\/span>\t\t\t\t\t\t\t\t<\/div>\n\t\t\t\t<div class=\"elementor-element elementor-element-04a47ab elementor-widget elementor-widget-text-editor\" data-id=\"04a47ab\" data-element_type=\"widget\" data-widget_type=\"text-editor.default\">\n\t\t\t\t\t\t\t\t\t<p>Nouveaux produits<\/p>\t\t\t\t\t\t\t\t<\/div>\n\t\t\t\t<\/div>\n\t\t<div class=\"elementor-element elementor-element-3a75859 e-con-full e-flex e-con e-child\" data-id=\"3a75859\" data-element_type=\"container\">\n\t\t\t\t<div class=\"elementor-element elementor-element-9840e67 elementor-widget elementor-widget-text-editor\" data-id=\"9840e67\" data-element_type=\"widget\" data-widget_type=\"text-editor.default\">\n\t\t\t\t\t\t\t\t\t125<span style=\"color: #e7cab1;\">+<\/span>\t\t\t\t\t\t\t\t<\/div>\n\t\t\t\t<div class=\"elementor-element elementor-element-b25d782 elementor-widget elementor-widget-text-editor\" data-id=\"b25d782\" data-element_type=\"widget\" data-widget_type=\"text-editor.default\">\n\t\t\t\t\t\t\t\t\t<p>Familles b\u00e9n\u00e9ficiaires<\/p>\t\t\t\t\t\t\t\t<\/div>\n\t\t\t\t<\/div>\n\t\t<div class=\"elementor-element elementor-element-ac2e140 e-con-full e-flex e-con e-child\" data-id=\"ac2e140\" data-element_type=\"container\">\n\t\t\t\t<div class=\"elementor-element elementor-element-35bf2a6 elementor-widget elementor-widget-text-editor\" data-id=\"35bf2a6\" data-element_type=\"widget\" data-widget_type=\"text-editor.default\">\n\t\t\t\t\t\t\t\t\t<p>240<span style=\"color: #e7cab1;\">%<\/span><\/p>\t\t\t\t\t\t\t\t<\/div>\n\t\t\t\t<div class=\"elementor-element elementor-element-f77e08d elementor-widget elementor-widget-text-editor\" data-id=\"f77e08d\" data-element_type=\"widget\" data-widget_type=\"text-editor.default\">\n\t\t\t\t\t\t\t\t\t<p>Croissance<\/p>\t\t\t\t\t\t\t\t<\/div>\n\t\t\t\t<\/div>\n\t\t\t\t<\/div>\n\t\t\t\t<\/div>\n\t\t\t\t\t<\/div>\n\t\t\t\t<\/div>\n\t\t<div class=\"elementor-element elementor-element-19808e6 e-flex e-con-boxed e-con e-parent\" data-id=\"19808e6\" data-element_type=\"container\">\n\t\t\t\t\t<div class=\"e-con-inner\">\n\t\t\t\t<div class=\"elementor-element elementor-element-2f6f189 elementor-widget elementor-widget-heading\" data-id=\"2f6f189\" data-element_type=\"widget\" data-widget_type=\"heading.default\">\n\t\t\t\t\t<h2 class=\"elementor-heading-title elementor-size-default\">NOTRE PROCESSUS<\/h2>\t\t\t\t<\/div>\n\t\t<div class=\"elementor-element elementor-element-49bf47d e-con-full e-flex e-con e-child\" data-id=\"49bf47d\" data-element_type=\"container\">\n\t\t\t\t<div class=\"elementor-element elementor-element-2fd8ce7 elementor-hidden-tablet elementor-hidden-mobile elementor-widget elementor-widget-image\" data-id=\"2fd8ce7\" data-element_type=\"widget\" data-widget_type=\"image.default\">\n\t\t\t\t\t\t\t\t\t\t\t\t\t\t\t<img fetchpriority=\"high\" decoding=\"async\" width=\"930\" height=\"947\" src=\"https:\/\/floranueva.com\/wp-content\/uploads\/2026\/03\/FR-InfografiaOLEOS-1.png\" class=\"attachment-full size-full wp-image-5908\" alt=\"\" srcset=\"https:\/\/floranueva.com\/wp-content\/uploads\/2026\/03\/FR-InfografiaOLEOS-1.png 930w, https:\/\/floranueva.com\/wp-content\/uploads\/2026\/03\/FR-InfografiaOLEOS-1-295x300.png 295w, https:\/\/floranueva.com\/wp-content\/uploads\/2026\/03\/FR-InfografiaOLEOS-1-768x782.png 768w, https:\/\/floranueva.com\/wp-content\/uploads\/2026\/03\/FR-InfografiaOLEOS-1-600x611.png 600w\" sizes=\"(max-width: 930px) 100vw, 930px\" \/>\t\t\t\t\t\t\t\t\t\t\t\t\t\t\t<\/div>\n\t\t\t\t<div class=\"elementor-element elementor-element-62ff935 elementor-hidden-desktop elementor-hidden-laptop elementor-hidden-tablet_extra elementor-widget elementor-widget-image\" data-id=\"62ff935\" data-element_type=\"widget\" data-widget_type=\"image.default\">\n\t\t\t\t\t\t\t\t\t\t\t\t\t\t\t<img decoding=\"async\" width=\"1081\" height=\"1596\" src=\"https:\/\/floranueva.com\/wp-content\/uploads\/2026\/03\/FR-InfografiaOLEOS-Mobile-1.png\" class=\"attachment-full size-full wp-image-5910\" alt=\"\" srcset=\"https:\/\/floranueva.com\/wp-content\/uploads\/2026\/03\/FR-InfografiaOLEOS-Mobile-1.png 1081w, https:\/\/floranueva.com\/wp-content\/uploads\/2026\/03\/FR-InfografiaOLEOS-Mobile-1-203x300.png 203w, https:\/\/floranueva.com\/wp-content\/uploads\/2026\/03\/FR-InfografiaOLEOS-Mobile-1-694x1024.png 694w, https:\/\/floranueva.com\/wp-content\/uploads\/2026\/03\/FR-InfografiaOLEOS-Mobile-1-768x1134.png 768w, https:\/\/floranueva.com\/wp-content\/uploads\/2026\/03\/FR-InfografiaOLEOS-Mobile-1-1040x1536.png 1040w, https:\/\/floranueva.com\/wp-content\/uploads\/2026\/03\/FR-InfografiaOLEOS-Mobile-1-600x886.png 600w\" sizes=\"(max-width: 1081px) 100vw, 1081px\" \/>\t\t\t\t\t\t\t\t\t\t\t\t\t\t\t<\/div>\n\t\t\t\t<\/div>\n\t\t\t\t\t<\/div>\n\t\t\t\t<\/div>\n\t\t\t\t<\/div>\n\t\t","protected":false},"excerpt":{"rendered":"<p>PROGRAMME OLEOS Le Programme Oleos n&rsquo;est pas seulement une ligne de production \u2014 c&rsquo;est la pierre angulaire sur laquelle Flora Nueva s&rsquo;est construite. Notre premi\u00e8re dissidence face \u00e0 l&rsquo;extractivisme : refuser que les communaut\u00e9s continuent d&rsquo;exporter leurs cultures comme mati\u00e8res premi\u00e8res brutes pendant que la valeur se cr\u00e9e ailleurs Nous avons pari\u00e9 sur un ancrage [&hellip;]<\/p>\n","protected":false},"author":1,"featured_media":0,"parent":0,"menu_order":0,"comment_status":"closed","ping_status":"closed","template":"","meta":{"site-sidebar-layout":"no-sidebar","site-content-layout":"","ast-site-content-layout":"full-width-container","site-content-style":"default","site-sidebar-style":"default","ast-global-header-display":"","ast-banner-title-visibility":"","ast-main-header-display":"","ast-hfb-above-header-display":"","ast-hfb-below-header-display":"","ast-hfb-mobile-header-display":"","site-post-title":"disabled","ast-breadcrumbs-content":"","ast-featured-img":"disabled","footer-sml-layout":"","theme-transparent-header-meta":"","adv-header-id-meta":"","stick-header-meta":"","header-above-stick-meta":"","header-main-stick-meta":"","header-below-stick-meta":"","astra-migrate-meta-layouts":"default","ast-page-background-enabled":"default","ast-page-background-meta":{"desktop":{"background-color":"var(--ast-global-color-5)","background-image":"","background-repeat":"repeat","background-position":"center center","background-size":"auto","background-attachment":"scroll","background-type":"","background-media":"","overlay-type":"","overlay-color":"","overlay-opacity":"","overlay-gradient":""},"tablet":{"background-color":"","background-image":"","background-repeat":"repeat","background-position":"center center","background-size":"auto","background-attachment":"scroll","background-type":"","background-media":"","overlay-type":"","overlay-color":"","overlay-opacity":"","overlay-gradient":""},"mobile":{"background-color":"","background-image":"","background-repeat":"repeat","background-position":"center center","background-size":"auto","background-attachment":"scroll","background-type":"","background-media":"","overlay-type":"","overlay-color":"","overlay-opacity":"","overlay-gradient":""}},"ast-content-background-meta":{"desktop":{"background-color":"var(--ast-global-color-4)","background-image":"","background-repeat":"repeat","background-position":"center center","background-size":"auto","background-attachment":"scroll","background-type":"","background-media":"","overlay-type":"","overlay-color":"","overlay-opacity":"","overlay-gradient":""},"tablet":{"background-color":"var(--ast-global-color-4)","background-image":"","background-repeat":"repeat","background-position":"center center","background-size":"auto","background-attachment":"scroll","background-type":"","background-media":"","overlay-type":"","overlay-color":"","overlay-opacity":"","overlay-gradient":""},"mobile":{"background-color":"var(--ast-global-color-4)","background-image":"","background-repeat":"repeat","background-position":"center center","background-size":"auto","background-attachment":"scroll","background-type":"","background-media":"","overlay-type":"","overlay-color":"","overlay-opacity":"","overlay-gradient":""}},"footnotes":""},"class_list":["post-2774","page","type-page","status-publish","hentry"],"yoast_head":"<!-- This site is optimized with the Yoast SEO plugin v27.3 - https:\/\/yoast.com\/product\/yoast-seo-wordpress\/ -->\n<title>Programme Oleos - Flora Nueva<\/title>\n<meta name=\"robots\" content=\"index, follow, max-snippet:-1, max-image-preview:large, max-video-preview:-1\" \/>\n<link rel=\"canonical\" href=\"https:\/\/floranueva.com\/fr\/programme-oleos\/\" \/>\n<meta property=\"og:locale\" content=\"fr_FR\" \/>\n<meta property=\"og:type\" content=\"article\" \/>\n<meta property=\"og:title\" content=\"Programme Oleos - Flora Nueva\" \/>\n<meta property=\"og:description\" content=\"PROGRAMME OLEOS Le Programme Oleos n&rsquo;est pas seulement une ligne de production \u2014 c&rsquo;est la pierre angulaire sur laquelle Flora Nueva s&rsquo;est construite. Notre premi\u00e8re dissidence face \u00e0 l&rsquo;extractivisme : refuser que les communaut\u00e9s continuent d&rsquo;exporter leurs cultures comme mati\u00e8res premi\u00e8res brutes pendant que la valeur se cr\u00e9e ailleurs Nous avons pari\u00e9 sur un ancrage [&hellip;]\" \/>\n<meta property=\"og:url\" content=\"https:\/\/floranueva.com\/fr\/programme-oleos\/\" \/>\n<meta property=\"og:site_name\" content=\"Flora Nueva\" \/>\n<meta property=\"article:modified_time\" content=\"2026-03-26T22:17:56+00:00\" \/>\n<meta property=\"og:image\" content=\"https:\/\/floranueva.com\/wp-content\/uploads\/2026\/03\/FR-InfografiaOLEOS-1.png\" \/>\n<meta name=\"twitter:card\" content=\"summary_large_image\" \/>\n<meta name=\"twitter:label1\" content=\"Dur\u00e9e de lecture estim\u00e9e\" \/>\n\t<meta name=\"twitter:data1\" content=\"2 minutes\" \/>\n<script type=\"application\/ld+json\" class=\"yoast-schema-graph\">{\"@context\":\"https:\\\/\\\/schema.org\",\"@graph\":[{\"@type\":\"WebPage\",\"@id\":\"https:\\\/\\\/floranueva.com\\\/fr\\\/programme-oleos\\\/\",\"url\":\"https:\\\/\\\/floranueva.com\\\/fr\\\/programme-oleos\\\/\",\"name\":\"Programme Oleos - Flora Nueva\",\"isPartOf\":{\"@id\":\"https:\\\/\\\/purple-eland-953371.hostingersite.com\\\/#website\"},\"primaryImageOfPage\":{\"@id\":\"https:\\\/\\\/floranueva.com\\\/fr\\\/programme-oleos\\\/#primaryimage\"},\"image\":{\"@id\":\"https:\\\/\\\/floranueva.com\\\/fr\\\/programme-oleos\\\/#primaryimage\"},\"thumbnailUrl\":\"https:\\\/\\\/floranueva.com\\\/wp-content\\\/uploads\\\/2026\\\/03\\\/FR-InfografiaOLEOS-1.png\",\"datePublished\":\"2026-01-05T19:34:24+00:00\",\"dateModified\":\"2026-03-26T22:17:56+00:00\",\"breadcrumb\":{\"@id\":\"https:\\\/\\\/floranueva.com\\\/fr\\\/programme-oleos\\\/#breadcrumb\"},\"inLanguage\":\"fr-FR\",\"potentialAction\":[{\"@type\":\"ReadAction\",\"target\":[\"https:\\\/\\\/floranueva.com\\\/fr\\\/programme-oleos\\\/\"]}]},{\"@type\":\"ImageObject\",\"inLanguage\":\"fr-FR\",\"@id\":\"https:\\\/\\\/floranueva.com\\\/fr\\\/programme-oleos\\\/#primaryimage\",\"url\":\"https:\\\/\\\/floranueva.com\\\/wp-content\\\/uploads\\\/2026\\\/03\\\/FR-InfografiaOLEOS-1.png\",\"contentUrl\":\"https:\\\/\\\/floranueva.com\\\/wp-content\\\/uploads\\\/2026\\\/03\\\/FR-InfografiaOLEOS-1.png\"},{\"@type\":\"BreadcrumbList\",\"@id\":\"https:\\\/\\\/floranueva.com\\\/fr\\\/programme-oleos\\\/#breadcrumb\",\"itemListElement\":[{\"@type\":\"ListItem\",\"position\":1,\"name\":\"Portada\",\"item\":\"https:\\\/\\\/floranueva.com\\\/fr\\\/\"},{\"@type\":\"ListItem\",\"position\":2,\"name\":\"Programme Oleos\"}]},{\"@type\":\"WebSite\",\"@id\":\"https:\\\/\\\/purple-eland-953371.hostingersite.com\\\/#website\",\"url\":\"https:\\\/\\\/purple-eland-953371.hostingersite.com\\\/\",\"name\":\"Flora Nueva\",\"description\":\"\",\"publisher\":{\"@id\":\"https:\\\/\\\/purple-eland-953371.hostingersite.com\\\/#organization\"},\"potentialAction\":[{\"@type\":\"SearchAction\",\"target\":{\"@type\":\"EntryPoint\",\"urlTemplate\":\"https:\\\/\\\/purple-eland-953371.hostingersite.com\\\/?s={search_term_string}\"},\"query-input\":{\"@type\":\"PropertyValueSpecification\",\"valueRequired\":true,\"valueName\":\"search_term_string\"}}],\"inLanguage\":\"fr-FR\"},{\"@type\":\"Organization\",\"@id\":\"https:\\\/\\\/purple-eland-953371.hostingersite.com\\\/#organization\",\"name\":\"Flora Nueva\",\"url\":\"https:\\\/\\\/purple-eland-953371.hostingersite.com\\\/\",\"logo\":{\"@type\":\"ImageObject\",\"inLanguage\":\"fr-FR\",\"@id\":\"https:\\\/\\\/purple-eland-953371.hostingersite.com\\\/#\\\/schema\\\/logo\\\/image\\\/\",\"url\":\"https:\\\/\\\/floranueva.com\\\/wp-content\\\/uploads\\\/2025\\\/11\\\/ISO-GRANDE.png\",\"contentUrl\":\"https:\\\/\\\/floranueva.com\\\/wp-content\\\/uploads\\\/2025\\\/11\\\/ISO-GRANDE.png\",\"width\":434,\"height\":552,\"caption\":\"Flora Nueva\"},\"image\":{\"@id\":\"https:\\\/\\\/purple-eland-953371.hostingersite.com\\\/#\\\/schema\\\/logo\\\/image\\\/\"}}]}<\/script>\n<!-- \/ Yoast SEO plugin. -->","yoast_head_json":{"title":"Programme Oleos - Flora Nueva","robots":{"index":"index","follow":"follow","max-snippet":"max-snippet:-1","max-image-preview":"max-image-preview:large","max-video-preview":"max-video-preview:-1"},"canonical":"https:\/\/floranueva.com\/fr\/programme-oleos\/","og_locale":"fr_FR","og_type":"article","og_title":"Programme Oleos - Flora Nueva","og_description":"PROGRAMME OLEOS Le Programme Oleos n&rsquo;est pas seulement une ligne de production \u2014 c&rsquo;est la pierre angulaire sur laquelle Flora Nueva s&rsquo;est construite. Notre premi\u00e8re dissidence face \u00e0 l&rsquo;extractivisme : refuser que les communaut\u00e9s continuent d&rsquo;exporter leurs cultures comme mati\u00e8res premi\u00e8res brutes pendant que la valeur se cr\u00e9e ailleurs Nous avons pari\u00e9 sur un ancrage [&hellip;]","og_url":"https:\/\/floranueva.com\/fr\/programme-oleos\/","og_site_name":"Flora Nueva","article_modified_time":"2026-03-26T22:17:56+00:00","og_image":[{"url":"https:\/\/floranueva.com\/wp-content\/uploads\/2026\/03\/FR-InfografiaOLEOS-1.png","type":"","width":"","height":""}],"twitter_card":"summary_large_image","twitter_misc":{"Dur\u00e9e de lecture estim\u00e9e":"2 minutes"},"schema":{"@context":"https:\/\/schema.org","@graph":[{"@type":"WebPage","@id":"https:\/\/floranueva.com\/fr\/programme-oleos\/","url":"https:\/\/floranueva.com\/fr\/programme-oleos\/","name":"Programme Oleos - Flora Nueva","isPartOf":{"@id":"https:\/\/purple-eland-953371.hostingersite.com\/#website"},"primaryImageOfPage":{"@id":"https:\/\/floranueva.com\/fr\/programme-oleos\/#primaryimage"},"image":{"@id":"https:\/\/floranueva.com\/fr\/programme-oleos\/#primaryimage"},"thumbnailUrl":"https:\/\/floranueva.com\/wp-content\/uploads\/2026\/03\/FR-InfografiaOLEOS-1.png","datePublished":"2026-01-05T19:34:24+00:00","dateModified":"2026-03-26T22:17:56+00:00","breadcrumb":{"@id":"https:\/\/floranueva.com\/fr\/programme-oleos\/#breadcrumb"},"inLanguage":"fr-FR","potentialAction":[{"@type":"ReadAction","target":["https:\/\/floranueva.com\/fr\/programme-oleos\/"]}]},{"@type":"ImageObject","inLanguage":"fr-FR","@id":"https:\/\/floranueva.com\/fr\/programme-oleos\/#primaryimage","url":"https:\/\/floranueva.com\/wp-content\/uploads\/2026\/03\/FR-InfografiaOLEOS-1.png","contentUrl":"https:\/\/floranueva.com\/wp-content\/uploads\/2026\/03\/FR-InfografiaOLEOS-1.png"},{"@type":"BreadcrumbList","@id":"https:\/\/floranueva.com\/fr\/programme-oleos\/#breadcrumb","itemListElement":[{"@type":"ListItem","position":1,"name":"Portada","item":"https:\/\/floranueva.com\/fr\/"},{"@type":"ListItem","position":2,"name":"Programme Oleos"}]},{"@type":"WebSite","@id":"https:\/\/purple-eland-953371.hostingersite.com\/#website","url":"https:\/\/purple-eland-953371.hostingersite.com\/","name":"Flora Nueva","description":"","publisher":{"@id":"https:\/\/purple-eland-953371.hostingersite.com\/#organization"},"potentialAction":[{"@type":"SearchAction","target":{"@type":"EntryPoint","urlTemplate":"https:\/\/purple-eland-953371.hostingersite.com\/?s={search_term_string}"},"query-input":{"@type":"PropertyValueSpecification","valueRequired":true,"valueName":"search_term_string"}}],"inLanguage":"fr-FR"},{"@type":"Organization","@id":"https:\/\/purple-eland-953371.hostingersite.com\/#organization","name":"Flora Nueva","url":"https:\/\/purple-eland-953371.hostingersite.com\/","logo":{"@type":"ImageObject","inLanguage":"fr-FR","@id":"https:\/\/purple-eland-953371.hostingersite.com\/#\/schema\/logo\/image\/","url":"https:\/\/floranueva.com\/wp-content\/uploads\/2025\/11\/ISO-GRANDE.png","contentUrl":"https:\/\/floranueva.com\/wp-content\/uploads\/2025\/11\/ISO-GRANDE.png","width":434,"height":552,"caption":"Flora Nueva"},"image":{"@id":"https:\/\/purple-eland-953371.hostingersite.com\/#\/schema\/logo\/image\/"}}]}},"_hostinger_reach_plugin_has_subscription_block":false,"_hostinger_reach_plugin_is_elementor":false,"_links":{"self":[{"href":"https:\/\/floranueva.com\/fr\/wp-json\/wp\/v2\/pages\/2774","targetHints":{"allow":["GET"]}}],"collection":[{"href":"https:\/\/floranueva.com\/fr\/wp-json\/wp\/v2\/pages"}],"about":[{"href":"https:\/\/floranueva.com\/fr\/wp-json\/wp\/v2\/types\/page"}],"author":[{"embeddable":true,"href":"https:\/\/floranueva.com\/fr\/wp-json\/wp\/v2\/users\/1"}],"replies":[{"embeddable":true,"href":"https:\/\/floranueva.com\/fr\/wp-json\/wp\/v2\/comments?post=2774"}],"version-history":[{"count":40,"href":"https:\/\/floranueva.com\/fr\/wp-json\/wp\/v2\/pages\/2774\/revisions"}],"predecessor-version":[{"id":5913,"href":"https:\/\/floranueva.com\/fr\/wp-json\/wp\/v2\/pages\/2774\/revisions\/5913"}],"wp:attachment":[{"href":"https:\/\/floranueva.com\/fr\/wp-json\/wp\/v2\/media?parent=2774"}],"curies":[{"name":"wp","href":"https:\/\/api.w.org\/{rel}","templated":true}]}}