{"id":2780,"date":"2026-01-05T19:34:43","date_gmt":"2026-01-05T19:34:43","guid":{"rendered":"https:\/\/floranueva.com\/programme-huiles-essentielles\/"},"modified":"2026-03-26T22:21:33","modified_gmt":"2026-03-26T22:21:33","slug":"programme-huiles-essentielles","status":"publish","type":"page","link":"https:\/\/floranueva.com\/fr\/programme-huiles-essentielles\/","title":{"rendered":"Programme Huiles Essentielles"},"content":{"rendered":"\t\t<div data-elementor-type=\"wp-page\" data-elementor-id=\"2780\" class=\"elementor elementor-2780 elementor-2129\">\n\t\t\t\t<div class=\"elementor-element elementor-element-1c06c23 elementor-hidden-mobile e-flex e-con-boxed e-con e-parent\" data-id=\"1c06c23\" data-element_type=\"container\">\n\t\t\t\t\t<div class=\"e-con-inner\">\n\t\t<div class=\"elementor-element elementor-element-8a08594 e-con-full e-flex e-con e-child\" data-id=\"8a08594\" data-element_type=\"container\" data-settings=\"{&quot;background_background&quot;:&quot;classic&quot;}\">\n\t\t\t\t<\/div>\n\t\t\t\t\t<\/div>\n\t\t\t\t<\/div>\n\t\t<div class=\"elementor-element elementor-element-d8beb0d elementor-hidden-desktop elementor-hidden-laptop elementor-hidden-tablet_extra elementor-hidden-tablet e-flex e-con-boxed e-con e-parent\" data-id=\"d8beb0d\" data-element_type=\"container\">\n\t\t\t\t\t<div class=\"e-con-inner\">\n\t\t<div class=\"elementor-element elementor-element-b5c5392 e-con-full e-flex e-con e-child\" data-id=\"b5c5392\" data-element_type=\"container\" data-settings=\"{&quot;background_background&quot;:&quot;classic&quot;}\">\n\t\t\t\t<\/div>\n\t\t\t\t\t<\/div>\n\t\t\t\t<\/div>\n\t\t<div class=\"elementor-element elementor-element-100fd36 e-flex e-con-boxed e-con e-parent\" data-id=\"100fd36\" data-element_type=\"container\">\n\t\t\t\t\t<div class=\"e-con-inner\">\n\t\t<div class=\"elementor-element elementor-element-d1b2f6f e-con-full e-flex e-con e-child\" data-id=\"d1b2f6f\" data-element_type=\"container\" data-settings=\"{&quot;background_background&quot;:&quot;classic&quot;}\">\n\t\t\t\t<div class=\"elementor-element elementor-element-26fe67c elementor-widget elementor-widget-text-editor\" data-id=\"26fe67c\" data-element_type=\"widget\" data-widget_type=\"text-editor.default\">\n\t\t\t\t\t\t\t\t\t<p>PROGRAMME<\/p><p>HUILES ESSENTIELLES<\/p>\t\t\t\t\t\t\t\t<\/div>\n\t\t\t\t<\/div>\n\t\t\t\t<div class=\"elementor-element elementor-element-b34e548 elementor-widget elementor-widget-text-editor\" data-id=\"b34e548\" data-element_type=\"widget\" data-widget_type=\"text-editor.default\">\n\t\t\t\t\t\t\t\t\t<p><span style=\"font-weight: 400;\">Dans un pays qui abrite 5 % de la biodiversit\u00e9 mondiale, notre engagement est de capter l\u2019essence pure de la nature afin d\u2019offrir sant\u00e9 et bien-\u00eatre. Ce programme est d\u00e9di\u00e9 \u00e0 l\u2019extraction de \u00ab l\u2019\u00e2me de la plante \u00bb, en concentrant ses propri\u00e9t\u00e9s m\u00e9dicinales et aromatiques dans des produits \u00e0 forte valeur ajout\u00e9e, \u00e0 la hauteur de la richesse de notre environnement. <\/span><\/p>\t\t\t\t\t\t\t\t<\/div>\n\t\t\t\t<div class=\"elementor-element elementor-element-e8b7327 elementor-widget elementor-widget-heading\" data-id=\"e8b7327\" data-element_type=\"widget\" data-widget_type=\"heading.default\">\n\t\t\t\t\t<h2 class=\"elementor-heading-title elementor-size-default\">AUTONOMIE RADICALE ET TRANSFORMATION LOCALE<\/h2>\t\t\t\t<\/div>\n\t\t\t\t<div class=\"elementor-element elementor-element-7ca0499 elementor-widget elementor-widget-text-editor\" data-id=\"7ca0499\" data-element_type=\"widget\" data-widget_type=\"text-editor.default\">\n\t\t\t\t\t\t\t\t\t<p>C&rsquo;est notre initiative la plus d\u00e9centralis\u00e9e \u2014 et la preuve que la transformation et la distillation ne sont pas l&rsquo;apanage de l&rsquo;industrie, mais un patrimoine que les communaut\u00e9s peuvent pleinement s&rsquo;approprier. Ici, les familles productrices g\u00e8rent l&rsquo;ensemble du cycle : de la culture des esp\u00e8ces p\u00e9rennes \u00e0 l&rsquo;exploitation de leurs propres alambics.<\/p><p> <\/p><p><span style=\"font-weight: 400;\">S\u00e9paration de l&rsquo;eau florale, filtration de l&rsquo;huile, conditionnement final \u2014 chaque \u00e9tape est entre les mains des producteurs, pour une autonomie productive quasi totale. La Juanilama, dont nous avons identifi\u00e9 quatre chimiotypes distincts, est l&rsquo;un de ces tr\u00e9sors locaux que nous travaillons \u00e0 valoriser. Et CoopeCuna, coop\u00e9rative de femmes de la r\u00e9gion Cara\u00efbe, en est la d\u00e9monstration la plus accomplie.  <\/span><\/p>\t\t\t\t\t\t\t\t<\/div>\n\t\t<div class=\"elementor-element elementor-element-7647fe0 e-con-full e-flex e-con e-child\" data-id=\"7647fe0\" data-element_type=\"container\" data-settings=\"{&quot;background_background&quot;:&quot;classic&quot;}\">\n\t\t\t\t<div class=\"elementor-element elementor-element-b9d411a elementor-widget elementor-widget-heading\" data-id=\"b9d411a\" data-element_type=\"widget\" data-widget_type=\"heading.default\">\n\t\t\t\t\t<h2 class=\"elementor-heading-title elementor-size-default\">SCIENCE, \u00c9DUCATION ET VOCATION<\/h2>\t\t\t\t<\/div>\n\t\t\t\t<div class=\"elementor-element elementor-element-c5ce175 elementor-widget elementor-widget-text-editor\" data-id=\"c5ce175\" data-element_type=\"widget\" data-widget_type=\"text-editor.default\">\n\t\t\t\t\t\t\t\t\t<p><span style=\"font-weight: 400;\">Au-del\u00e0 du march\u00e9 national, ce programme est une salle de classe vivante. Nous introduisons l&rsquo;exp\u00e9rience de la distillation dans les lyc\u00e9es techniques pour inspirer les nouvelles g\u00e9n\u00e9rations \u2014 en prouvant que le monde rural peut \u00eatre synonyme de science, d&rsquo;excellence et de valeur. <\/span><\/p><p><span style=\"font-weight: 400;\">Tandis que les communaut\u00e9s pilotent la production, Flora Nueva apporte un appui technique en coordonnant des \u00e9tudes scientifiques et des analyses en laboratoire pour valider la qualit\u00e9 d\u2019innovations th\u00e9rapeutiques.<\/span><\/p>\t\t\t\t\t\t\t\t<\/div>\n\t\t\t\t<\/div>\n\t\t\t\t<div class=\"elementor-element elementor-element-440d5ce elementor-widget elementor-widget-button\" data-id=\"440d5ce\" data-element_type=\"widget\" data-widget_type=\"button.default\">\n\t\t\t\t\t\t\t\t\t\t<a class=\"elementor-button elementor-button-link elementor-size-sm\" href=\"https:\/\/darkred-viper-182448.hostingersite.com\/nuestros-tesoros\/\">\n\t\t\t\t\t\t<span class=\"elementor-button-content-wrapper\">\n\t\t\t\t\t\t<span class=\"elementor-button-icon\">\n\t\t\t\t<svg aria-hidden=\"true\" class=\"e-font-icon-svg e-fas-arrow-right\" viewBox=\"0 0 448 512\" xmlns=\"http:\/\/www.w3.org\/2000\/svg\"><path d=\"M190.5 66.9l22.2-22.2c9.4-9.4 24.6-9.4 33.9 0L441 239c9.4 9.4 9.4 24.6 0 33.9L246.6 467.3c-9.4 9.4-24.6 9.4-33.9 0l-22.2-22.2c-9.5-9.5-9.3-25 .4-34.3L311.4 296H24c-13.3 0-24-10.7-24-24v-32c0-13.3 10.7-24 24-24h287.4L190.9 101.2c-9.8-9.3-10-24.8-.4-34.3z\"><\/path><\/svg>\t\t\t<\/span>\n\t\t\t\t\t\t\t\t\t<span class=\"elementor-button-text\">CATALOGUE DE PRODUITS<\/span>\n\t\t\t\t\t<\/span>\n\t\t\t\t\t<\/a>\n\t\t\t\t\t\t\t\t<\/div>\n\t\t\t\t\t<\/div>\n\t\t\t\t<\/div>\n\t\t<div class=\"elementor-element elementor-element-23e1ac7 elementor-hidden-desktop elementor-hidden-laptop elementor-hidden-tablet_extra elementor-hidden-tablet elementor-hidden-mobile e-flex e-con-boxed e-con e-parent\" data-id=\"23e1ac7\" data-element_type=\"container\" data-settings=\"{&quot;background_background&quot;:&quot;classic&quot;}\">\n\t\t\t\t\t<div class=\"e-con-inner\">\n\t\t<div class=\"elementor-element elementor-element-badf457 e-con-full e-flex e-con e-child\" data-id=\"badf457\" data-element_type=\"container\">\n\t\t\t\t<div class=\"elementor-element elementor-element-be26f91 elementor-widget elementor-widget-heading\" data-id=\"be26f91\" data-element_type=\"widget\" data-widget_type=\"heading.default\">\n\t\t\t\t\t<h2 class=\"elementor-heading-title elementor-size-default\">NOTRE IMPACT<\/h2>\t\t\t\t<\/div>\n\t\t<div class=\"elementor-element elementor-element-f68fc93 e-grid e-con-full e-con e-child\" data-id=\"f68fc93\" data-element_type=\"container\">\n\t\t<div class=\"elementor-element elementor-element-fa8c0e6 e-con-full e-flex e-con e-child\" data-id=\"fa8c0e6\" data-element_type=\"container\">\n\t\t\t\t<div class=\"elementor-element elementor-element-8bb718c elementor-widget elementor-widget-text-editor\" data-id=\"8bb718c\" data-element_type=\"widget\" data-widget_type=\"text-editor.default\">\n\t\t\t\t\t\t\t\t\t99<span style=\"color:#E7CAB1\">%<\/span>\t\t\t\t\t\t\t\t<\/div>\n\t\t\t\t<div class=\"elementor-element elementor-element-c08c2f3 elementor-widget elementor-widget-text-editor\" data-id=\"c08c2f3\" data-element_type=\"widget\" data-widget_type=\"text-editor.default\">\n\t\t\t\t\t\t\t\t\t<p>Satisfaction client<\/p>\t\t\t\t\t\t\t\t<\/div>\n\t\t\t\t<\/div>\n\t\t<div class=\"elementor-element elementor-element-d654d7a e-con-full e-flex e-con e-child\" data-id=\"d654d7a\" data-element_type=\"container\">\n\t\t\t\t<div class=\"elementor-element elementor-element-8cea62a elementor-widget elementor-widget-text-editor\" data-id=\"8cea62a\" data-element_type=\"widget\" data-widget_type=\"text-editor.default\">\n\t\t\t\t\t\t\t\t\t32<span style=\"color: #e7cab1;\">M<\/span>\t\t\t\t\t\t\t\t<\/div>\n\t\t\t\t<div class=\"elementor-element elementor-element-04a47ab elementor-widget elementor-widget-text-editor\" data-id=\"04a47ab\" data-element_type=\"widget\" data-widget_type=\"text-editor.default\">\n\t\t\t\t\t\t\t\t\t<p>Nouveaux produits<\/p>\t\t\t\t\t\t\t\t<\/div>\n\t\t\t\t<\/div>\n\t\t<div class=\"elementor-element elementor-element-3a75859 e-con-full e-flex e-con e-child\" data-id=\"3a75859\" data-element_type=\"container\">\n\t\t\t\t<div class=\"elementor-element elementor-element-9840e67 elementor-widget elementor-widget-text-editor\" data-id=\"9840e67\" data-element_type=\"widget\" data-widget_type=\"text-editor.default\">\n\t\t\t\t\t\t\t\t\t125<span style=\"color: #e7cab1;\">+<\/span>\t\t\t\t\t\t\t\t<\/div>\n\t\t\t\t<div class=\"elementor-element elementor-element-b25d782 elementor-widget elementor-widget-text-editor\" data-id=\"b25d782\" data-element_type=\"widget\" data-widget_type=\"text-editor.default\">\n\t\t\t\t\t\t\t\t\t<p>Familles b\u00e9n\u00e9ficiaires<\/p>\t\t\t\t\t\t\t\t<\/div>\n\t\t\t\t<\/div>\n\t\t<div class=\"elementor-element elementor-element-ac2e140 e-con-full e-flex e-con e-child\" data-id=\"ac2e140\" data-element_type=\"container\">\n\t\t\t\t<div class=\"elementor-element elementor-element-35bf2a6 elementor-widget elementor-widget-text-editor\" data-id=\"35bf2a6\" data-element_type=\"widget\" data-widget_type=\"text-editor.default\">\n\t\t\t\t\t\t\t\t\t<p>240<span style=\"color: #e7cab1;\">%<\/span><\/p>\t\t\t\t\t\t\t\t<\/div>\n\t\t\t\t<div class=\"elementor-element elementor-element-f77e08d elementor-widget elementor-widget-text-editor\" data-id=\"f77e08d\" data-element_type=\"widget\" data-widget_type=\"text-editor.default\">\n\t\t\t\t\t\t\t\t\t<p>Croissance<\/p>\t\t\t\t\t\t\t\t<\/div>\n\t\t\t\t<\/div>\n\t\t\t\t<\/div>\n\t\t\t\t<\/div>\n\t\t\t\t\t<\/div>\n\t\t\t\t<\/div>\n\t\t<div class=\"elementor-element elementor-element-19808e6 e-flex e-con-boxed e-con e-parent\" data-id=\"19808e6\" data-element_type=\"container\">\n\t\t\t\t\t<div class=\"e-con-inner\">\n\t\t\t\t<div class=\"elementor-element elementor-element-2f6f189 elementor-widget elementor-widget-heading\" data-id=\"2f6f189\" data-element_type=\"widget\" data-widget_type=\"heading.default\">\n\t\t\t\t\t<h2 class=\"elementor-heading-title elementor-size-default\">NOTRE PROCESSUS<\/h2>\t\t\t\t<\/div>\n\t\t<div class=\"elementor-element elementor-element-49bf47d e-con-full e-flex e-con e-child\" data-id=\"49bf47d\" data-element_type=\"container\">\n\t\t\t\t<div class=\"elementor-element elementor-element-2fd8ce7 elementor-hidden-tablet elementor-hidden-mobile elementor-widget elementor-widget-image\" data-id=\"2fd8ce7\" data-element_type=\"widget\" data-widget_type=\"image.default\">\n\t\t\t\t\t\t\t\t\t\t\t\t\t\t\t<img fetchpriority=\"high\" decoding=\"async\" width=\"930\" height=\"946\" src=\"https:\/\/floranueva.com\/wp-content\/uploads\/2026\/03\/FR-InfografiaACEITES.png\" class=\"attachment-full size-full wp-image-5647\" alt=\"\" srcset=\"https:\/\/floranueva.com\/wp-content\/uploads\/2026\/03\/FR-InfografiaACEITES.png 930w, https:\/\/floranueva.com\/wp-content\/uploads\/2026\/03\/FR-InfografiaACEITES-295x300.png 295w, https:\/\/floranueva.com\/wp-content\/uploads\/2026\/03\/FR-InfografiaACEITES-768x781.png 768w, https:\/\/floranueva.com\/wp-content\/uploads\/2026\/03\/FR-InfografiaACEITES-600x610.png 600w\" sizes=\"(max-width: 930px) 100vw, 930px\" \/>\t\t\t\t\t\t\t\t\t\t\t\t\t\t\t<\/div>\n\t\t\t\t<div class=\"elementor-element elementor-element-62ff935 elementor-hidden-desktop elementor-hidden-laptop elementor-hidden-tablet_extra elementor-widget elementor-widget-image\" data-id=\"62ff935\" data-element_type=\"widget\" data-widget_type=\"image.default\">\n\t\t\t\t\t\t\t\t\t\t\t\t\t\t\t<img decoding=\"async\" width=\"1081\" height=\"1596\" src=\"https:\/\/floranueva.com\/wp-content\/uploads\/2026\/03\/FR-InfografiaACEITES-Mobile.png\" class=\"attachment-full size-full wp-image-5648\" alt=\"\" srcset=\"https:\/\/floranueva.com\/wp-content\/uploads\/2026\/03\/FR-InfografiaACEITES-Mobile.png 1081w, https:\/\/floranueva.com\/wp-content\/uploads\/2026\/03\/FR-InfografiaACEITES-Mobile-203x300.png 203w, https:\/\/floranueva.com\/wp-content\/uploads\/2026\/03\/FR-InfografiaACEITES-Mobile-694x1024.png 694w, https:\/\/floranueva.com\/wp-content\/uploads\/2026\/03\/FR-InfografiaACEITES-Mobile-768x1134.png 768w, https:\/\/floranueva.com\/wp-content\/uploads\/2026\/03\/FR-InfografiaACEITES-Mobile-1040x1536.png 1040w, https:\/\/floranueva.com\/wp-content\/uploads\/2026\/03\/FR-InfografiaACEITES-Mobile-600x886.png 600w\" sizes=\"(max-width: 1081px) 100vw, 1081px\" \/>\t\t\t\t\t\t\t\t\t\t\t\t\t\t\t<\/div>\n\t\t\t\t<\/div>\n\t\t\t\t\t<\/div>\n\t\t\t\t<\/div>\n\t\t\t\t<\/div>\n\t\t","protected":false},"excerpt":{"rendered":"<p>PROGRAMME HUILES ESSENTIELLES Dans un pays qui abrite 5 % de la biodiversit\u00e9 mondiale, notre engagement est de capter l\u2019essence pure de la nature afin d\u2019offrir sant\u00e9 et bien-\u00eatre. Ce programme est d\u00e9di\u00e9 \u00e0 l\u2019extraction de \u00ab l\u2019\u00e2me de la plante \u00bb, en concentrant ses propri\u00e9t\u00e9s m\u00e9dicinales et aromatiques dans des produits \u00e0 forte valeur [&hellip;]<\/p>\n","protected":false},"author":1,"featured_media":0,"parent":0,"menu_order":0,"comment_status":"closed","ping_status":"closed","template":"","meta":{"site-sidebar-layout":"no-sidebar","site-content-layout":"","ast-site-content-layout":"full-width-container","site-content-style":"default","site-sidebar-style":"default","ast-global-header-display":"","ast-banner-title-visibility":"","ast-main-header-display":"","ast-hfb-above-header-display":"","ast-hfb-below-header-display":"","ast-hfb-mobile-header-display":"","site-post-title":"disabled","ast-breadcrumbs-content":"","ast-featured-img":"disabled","footer-sml-layout":"","theme-transparent-header-meta":"","adv-header-id-meta":"","stick-header-meta":"","header-above-stick-meta":"","header-main-stick-meta":"","header-below-stick-meta":"","astra-migrate-meta-layouts":"default","ast-page-background-enabled":"default","ast-page-background-meta":{"desktop":{"background-color":"var(--ast-global-color-5)","background-image":"","background-repeat":"repeat","background-position":"center center","background-size":"auto","background-attachment":"scroll","background-type":"","background-media":"","overlay-type":"","overlay-color":"","overlay-opacity":"","overlay-gradient":""},"tablet":{"background-color":"","background-image":"","background-repeat":"repeat","background-position":"center center","background-size":"auto","background-attachment":"scroll","background-type":"","background-media":"","overlay-type":"","overlay-color":"","overlay-opacity":"","overlay-gradient":""},"mobile":{"background-color":"","background-image":"","background-repeat":"repeat","background-position":"center center","background-size":"auto","background-attachment":"scroll","background-type":"","background-media":"","overlay-type":"","overlay-color":"","overlay-opacity":"","overlay-gradient":""}},"ast-content-background-meta":{"desktop":{"background-color":"var(--ast-global-color-4)","background-image":"","background-repeat":"repeat","background-position":"center center","background-size":"auto","background-attachment":"scroll","background-type":"","background-media":"","overlay-type":"","overlay-color":"","overlay-opacity":"","overlay-gradient":""},"tablet":{"background-color":"var(--ast-global-color-4)","background-image":"","background-repeat":"repeat","background-position":"center center","background-size":"auto","background-attachment":"scroll","background-type":"","background-media":"","overlay-type":"","overlay-color":"","overlay-opacity":"","overlay-gradient":""},"mobile":{"background-color":"var(--ast-global-color-4)","background-image":"","background-repeat":"repeat","background-position":"center center","background-size":"auto","background-attachment":"scroll","background-type":"","background-media":"","overlay-type":"","overlay-color":"","overlay-opacity":"","overlay-gradient":""}},"footnotes":""},"class_list":["post-2780","page","type-page","status-publish","hentry"],"yoast_head":"<!-- This site is optimized with the Yoast SEO plugin v27.3 - https:\/\/yoast.com\/product\/yoast-seo-wordpress\/ -->\n<title>Programme Huiles Essentielles - Flora Nueva<\/title>\n<meta name=\"robots\" content=\"index, follow, max-snippet:-1, max-image-preview:large, max-video-preview:-1\" \/>\n<link rel=\"canonical\" href=\"https:\/\/floranueva.com\/fr\/programme-huiles-essentielles\/\" \/>\n<meta property=\"og:locale\" content=\"fr_FR\" \/>\n<meta property=\"og:type\" content=\"article\" \/>\n<meta property=\"og:title\" content=\"Programme Huiles Essentielles - Flora Nueva\" \/>\n<meta property=\"og:description\" content=\"PROGRAMME HUILES ESSENTIELLES Dans un pays qui abrite 5 % de la biodiversit\u00e9 mondiale, notre engagement est de capter l\u2019essence pure de la nature afin d\u2019offrir sant\u00e9 et bien-\u00eatre. Ce programme est d\u00e9di\u00e9 \u00e0 l\u2019extraction de \u00ab l\u2019\u00e2me de la plante \u00bb, en concentrant ses propri\u00e9t\u00e9s m\u00e9dicinales et aromatiques dans des produits \u00e0 forte valeur [&hellip;]\" \/>\n<meta property=\"og:url\" content=\"https:\/\/floranueva.com\/fr\/programme-huiles-essentielles\/\" \/>\n<meta property=\"og:site_name\" content=\"Flora Nueva\" \/>\n<meta property=\"article:modified_time\" content=\"2026-03-26T22:21:33+00:00\" \/>\n<meta property=\"og:image\" content=\"https:\/\/floranueva.com\/wp-content\/uploads\/2026\/03\/FR-InfografiaACEITES.png\" \/>\n\t<meta property=\"og:image:width\" content=\"930\" \/>\n\t<meta property=\"og:image:height\" content=\"946\" \/>\n\t<meta property=\"og:image:type\" content=\"image\/png\" \/>\n<meta name=\"twitter:card\" content=\"summary_large_image\" \/>\n<meta name=\"twitter:label1\" content=\"Dur\u00e9e de lecture estim\u00e9e\" \/>\n\t<meta name=\"twitter:data1\" content=\"2 minutes\" \/>\n<script type=\"application\/ld+json\" class=\"yoast-schema-graph\">{\"@context\":\"https:\\\/\\\/schema.org\",\"@graph\":[{\"@type\":\"WebPage\",\"@id\":\"https:\\\/\\\/floranueva.com\\\/fr\\\/programme-huiles-essentielles\\\/\",\"url\":\"https:\\\/\\\/floranueva.com\\\/fr\\\/programme-huiles-essentielles\\\/\",\"name\":\"Programme Huiles Essentielles - Flora Nueva\",\"isPartOf\":{\"@id\":\"https:\\\/\\\/purple-eland-953371.hostingersite.com\\\/#website\"},\"primaryImageOfPage\":{\"@id\":\"https:\\\/\\\/floranueva.com\\\/fr\\\/programme-huiles-essentielles\\\/#primaryimage\"},\"image\":{\"@id\":\"https:\\\/\\\/floranueva.com\\\/fr\\\/programme-huiles-essentielles\\\/#primaryimage\"},\"thumbnailUrl\":\"https:\\\/\\\/floranueva.com\\\/wp-content\\\/uploads\\\/2026\\\/03\\\/FR-InfografiaACEITES.png\",\"datePublished\":\"2026-01-05T19:34:43+00:00\",\"dateModified\":\"2026-03-26T22:21:33+00:00\",\"breadcrumb\":{\"@id\":\"https:\\\/\\\/floranueva.com\\\/fr\\\/programme-huiles-essentielles\\\/#breadcrumb\"},\"inLanguage\":\"fr-FR\",\"potentialAction\":[{\"@type\":\"ReadAction\",\"target\":[\"https:\\\/\\\/floranueva.com\\\/fr\\\/programme-huiles-essentielles\\\/\"]}]},{\"@type\":\"ImageObject\",\"inLanguage\":\"fr-FR\",\"@id\":\"https:\\\/\\\/floranueva.com\\\/fr\\\/programme-huiles-essentielles\\\/#primaryimage\",\"url\":\"https:\\\/\\\/floranueva.com\\\/wp-content\\\/uploads\\\/2026\\\/03\\\/FR-InfografiaACEITES.png\",\"contentUrl\":\"https:\\\/\\\/floranueva.com\\\/wp-content\\\/uploads\\\/2026\\\/03\\\/FR-InfografiaACEITES.png\"},{\"@type\":\"BreadcrumbList\",\"@id\":\"https:\\\/\\\/floranueva.com\\\/fr\\\/programme-huiles-essentielles\\\/#breadcrumb\",\"itemListElement\":[{\"@type\":\"ListItem\",\"position\":1,\"name\":\"Portada\",\"item\":\"https:\\\/\\\/floranueva.com\\\/fr\\\/\"},{\"@type\":\"ListItem\",\"position\":2,\"name\":\"Programme Huiles Essentielles\"}]},{\"@type\":\"WebSite\",\"@id\":\"https:\\\/\\\/purple-eland-953371.hostingersite.com\\\/#website\",\"url\":\"https:\\\/\\\/purple-eland-953371.hostingersite.com\\\/\",\"name\":\"Flora Nueva\",\"description\":\"\",\"publisher\":{\"@id\":\"https:\\\/\\\/purple-eland-953371.hostingersite.com\\\/#organization\"},\"potentialAction\":[{\"@type\":\"SearchAction\",\"target\":{\"@type\":\"EntryPoint\",\"urlTemplate\":\"https:\\\/\\\/purple-eland-953371.hostingersite.com\\\/?s={search_term_string}\"},\"query-input\":{\"@type\":\"PropertyValueSpecification\",\"valueRequired\":true,\"valueName\":\"search_term_string\"}}],\"inLanguage\":\"fr-FR\"},{\"@type\":\"Organization\",\"@id\":\"https:\\\/\\\/purple-eland-953371.hostingersite.com\\\/#organization\",\"name\":\"Flora Nueva\",\"url\":\"https:\\\/\\\/purple-eland-953371.hostingersite.com\\\/\",\"logo\":{\"@type\":\"ImageObject\",\"inLanguage\":\"fr-FR\",\"@id\":\"https:\\\/\\\/purple-eland-953371.hostingersite.com\\\/#\\\/schema\\\/logo\\\/image\\\/\",\"url\":\"https:\\\/\\\/floranueva.com\\\/wp-content\\\/uploads\\\/2025\\\/11\\\/ISO-GRANDE.png\",\"contentUrl\":\"https:\\\/\\\/floranueva.com\\\/wp-content\\\/uploads\\\/2025\\\/11\\\/ISO-GRANDE.png\",\"width\":434,\"height\":552,\"caption\":\"Flora Nueva\"},\"image\":{\"@id\":\"https:\\\/\\\/purple-eland-953371.hostingersite.com\\\/#\\\/schema\\\/logo\\\/image\\\/\"}}]}<\/script>\n<!-- \/ Yoast SEO plugin. -->","yoast_head_json":{"title":"Programme Huiles Essentielles - Flora Nueva","robots":{"index":"index","follow":"follow","max-snippet":"max-snippet:-1","max-image-preview":"max-image-preview:large","max-video-preview":"max-video-preview:-1"},"canonical":"https:\/\/floranueva.com\/fr\/programme-huiles-essentielles\/","og_locale":"fr_FR","og_type":"article","og_title":"Programme Huiles Essentielles - Flora Nueva","og_description":"PROGRAMME HUILES ESSENTIELLES Dans un pays qui abrite 5 % de la biodiversit\u00e9 mondiale, notre engagement est de capter l\u2019essence pure de la nature afin d\u2019offrir sant\u00e9 et bien-\u00eatre. Ce programme est d\u00e9di\u00e9 \u00e0 l\u2019extraction de \u00ab l\u2019\u00e2me de la plante \u00bb, en concentrant ses propri\u00e9t\u00e9s m\u00e9dicinales et aromatiques dans des produits \u00e0 forte valeur [&hellip;]","og_url":"https:\/\/floranueva.com\/fr\/programme-huiles-essentielles\/","og_site_name":"Flora Nueva","article_modified_time":"2026-03-26T22:21:33+00:00","og_image":[{"width":930,"height":946,"url":"https:\/\/floranueva.com\/wp-content\/uploads\/2026\/03\/FR-InfografiaACEITES.png","type":"image\/png"}],"twitter_card":"summary_large_image","twitter_misc":{"Dur\u00e9e de lecture estim\u00e9e":"2 minutes"},"schema":{"@context":"https:\/\/schema.org","@graph":[{"@type":"WebPage","@id":"https:\/\/floranueva.com\/fr\/programme-huiles-essentielles\/","url":"https:\/\/floranueva.com\/fr\/programme-huiles-essentielles\/","name":"Programme Huiles Essentielles - Flora Nueva","isPartOf":{"@id":"https:\/\/purple-eland-953371.hostingersite.com\/#website"},"primaryImageOfPage":{"@id":"https:\/\/floranueva.com\/fr\/programme-huiles-essentielles\/#primaryimage"},"image":{"@id":"https:\/\/floranueva.com\/fr\/programme-huiles-essentielles\/#primaryimage"},"thumbnailUrl":"https:\/\/floranueva.com\/wp-content\/uploads\/2026\/03\/FR-InfografiaACEITES.png","datePublished":"2026-01-05T19:34:43+00:00","dateModified":"2026-03-26T22:21:33+00:00","breadcrumb":{"@id":"https:\/\/floranueva.com\/fr\/programme-huiles-essentielles\/#breadcrumb"},"inLanguage":"fr-FR","potentialAction":[{"@type":"ReadAction","target":["https:\/\/floranueva.com\/fr\/programme-huiles-essentielles\/"]}]},{"@type":"ImageObject","inLanguage":"fr-FR","@id":"https:\/\/floranueva.com\/fr\/programme-huiles-essentielles\/#primaryimage","url":"https:\/\/floranueva.com\/wp-content\/uploads\/2026\/03\/FR-InfografiaACEITES.png","contentUrl":"https:\/\/floranueva.com\/wp-content\/uploads\/2026\/03\/FR-InfografiaACEITES.png"},{"@type":"BreadcrumbList","@id":"https:\/\/floranueva.com\/fr\/programme-huiles-essentielles\/#breadcrumb","itemListElement":[{"@type":"ListItem","position":1,"name":"Portada","item":"https:\/\/floranueva.com\/fr\/"},{"@type":"ListItem","position":2,"name":"Programme Huiles Essentielles"}]},{"@type":"WebSite","@id":"https:\/\/purple-eland-953371.hostingersite.com\/#website","url":"https:\/\/purple-eland-953371.hostingersite.com\/","name":"Flora Nueva","description":"","publisher":{"@id":"https:\/\/purple-eland-953371.hostingersite.com\/#organization"},"potentialAction":[{"@type":"SearchAction","target":{"@type":"EntryPoint","urlTemplate":"https:\/\/purple-eland-953371.hostingersite.com\/?s={search_term_string}"},"query-input":{"@type":"PropertyValueSpecification","valueRequired":true,"valueName":"search_term_string"}}],"inLanguage":"fr-FR"},{"@type":"Organization","@id":"https:\/\/purple-eland-953371.hostingersite.com\/#organization","name":"Flora Nueva","url":"https:\/\/purple-eland-953371.hostingersite.com\/","logo":{"@type":"ImageObject","inLanguage":"fr-FR","@id":"https:\/\/purple-eland-953371.hostingersite.com\/#\/schema\/logo\/image\/","url":"https:\/\/floranueva.com\/wp-content\/uploads\/2025\/11\/ISO-GRANDE.png","contentUrl":"https:\/\/floranueva.com\/wp-content\/uploads\/2025\/11\/ISO-GRANDE.png","width":434,"height":552,"caption":"Flora Nueva"},"image":{"@id":"https:\/\/purple-eland-953371.hostingersite.com\/#\/schema\/logo\/image\/"}}]}},"_hostinger_reach_plugin_has_subscription_block":false,"_hostinger_reach_plugin_is_elementor":false,"_links":{"self":[{"href":"https:\/\/floranueva.com\/fr\/wp-json\/wp\/v2\/pages\/2780","targetHints":{"allow":["GET"]}}],"collection":[{"href":"https:\/\/floranueva.com\/fr\/wp-json\/wp\/v2\/pages"}],"about":[{"href":"https:\/\/floranueva.com\/fr\/wp-json\/wp\/v2\/types\/page"}],"author":[{"embeddable":true,"href":"https:\/\/floranueva.com\/fr\/wp-json\/wp\/v2\/users\/1"}],"replies":[{"embeddable":true,"href":"https:\/\/floranueva.com\/fr\/wp-json\/wp\/v2\/comments?post=2780"}],"version-history":[{"count":27,"href":"https:\/\/floranueva.com\/fr\/wp-json\/wp\/v2\/pages\/2780\/revisions"}],"predecessor-version":[{"id":5919,"href":"https:\/\/floranueva.com\/fr\/wp-json\/wp\/v2\/pages\/2780\/revisions\/5919"}],"wp:attachment":[{"href":"https:\/\/floranueva.com\/fr\/wp-json\/wp\/v2\/media?parent=2780"}],"curies":[{"name":"wp","href":"https:\/\/api.w.org\/{rel}","templated":true}]}}