{"id":2786,"date":"2026-01-05T19:33:35","date_gmt":"2026-01-05T19:33:35","guid":{"rendered":"https:\/\/floranueva.com\/programme-cacao\/"},"modified":"2026-03-26T22:19:55","modified_gmt":"2026-03-26T22:19:55","slug":"programme-cacao","status":"publish","type":"page","link":"https:\/\/floranueva.com\/fr\/programme-cacao\/","title":{"rendered":"Programme Cacao"},"content":{"rendered":"\t\t<div data-elementor-type=\"wp-page\" data-elementor-id=\"2786\" class=\"elementor elementor-2786 elementor-2123\">\n\t\t\t\t<div class=\"elementor-element elementor-element-1c06c23 elementor-hidden-mobile e-flex e-con-boxed e-con e-parent\" data-id=\"1c06c23\" data-element_type=\"container\">\n\t\t\t\t\t<div class=\"e-con-inner\">\n\t\t<div class=\"elementor-element elementor-element-8a08594 e-con-full e-flex e-con e-child\" data-id=\"8a08594\" data-element_type=\"container\" data-settings=\"{&quot;background_background&quot;:&quot;classic&quot;}\">\n\t\t\t\t<\/div>\n\t\t\t\t\t<\/div>\n\t\t\t\t<\/div>\n\t\t<div class=\"elementor-element elementor-element-322cbad elementor-hidden-desktop elementor-hidden-laptop elementor-hidden-tablet_extra elementor-hidden-tablet e-flex e-con-boxed e-con e-parent\" data-id=\"322cbad\" data-element_type=\"container\">\n\t\t\t\t\t<div class=\"e-con-inner\">\n\t\t<div class=\"elementor-element elementor-element-4f527ee e-con-full e-flex e-con e-child\" data-id=\"4f527ee\" data-element_type=\"container\" data-settings=\"{&quot;background_background&quot;:&quot;classic&quot;}\">\n\t\t\t\t<\/div>\n\t\t\t\t\t<\/div>\n\t\t\t\t<\/div>\n\t\t<div class=\"elementor-element elementor-element-100fd36 e-flex e-con-boxed e-con e-parent\" data-id=\"100fd36\" data-element_type=\"container\">\n\t\t\t\t\t<div class=\"e-con-inner\">\n\t\t<div class=\"elementor-element elementor-element-d1b2f6f e-con-full e-flex e-con e-child\" data-id=\"d1b2f6f\" data-element_type=\"container\" data-settings=\"{&quot;background_background&quot;:&quot;classic&quot;}\">\n\t\t\t\t<div class=\"elementor-element elementor-element-26fe67c elementor-widget elementor-widget-text-editor\" data-id=\"26fe67c\" data-element_type=\"widget\" data-widget_type=\"text-editor.default\">\n\t\t\t\t\t\t\t\t\t<p>PROGRAMME<\/p><p>CACAO<\/p>\t\t\t\t\t\t\t\t<\/div>\n\t\t\t\t<\/div>\n\t\t\t\t<div class=\"elementor-element elementor-element-995a67e elementor-widget elementor-widget-text-editor\" data-id=\"995a67e\" data-element_type=\"widget\" data-widget_type=\"text-editor.default\">\n\t\t\t\t\t\t\t\t\t<p>Tout se joue dans le lieu de la transformation. Pendant que les mod\u00e8les conventionnels \u00e9loignent le cacao de son origine, nous cherchons \u00e0 ce que la f\u00e8ve devienne tablette de chocolat sans jamais quitter la communaut\u00e9.<\/p>\t\t\t\t\t\t\t\t<\/div>\n\t\t\t\t<div class=\"elementor-element elementor-element-440d5ce elementor-widget elementor-widget-button\" data-id=\"440d5ce\" data-element_type=\"widget\" data-widget_type=\"button.default\">\n\t\t\t\t\t\t\t\t\t\t<a class=\"elementor-button elementor-button-link elementor-size-sm\" href=\"https:\/\/darkred-viper-182448.hostingersite.com\/nuestros-tesoros\/\">\n\t\t\t\t\t\t<span class=\"elementor-button-content-wrapper\">\n\t\t\t\t\t\t<span class=\"elementor-button-icon\">\n\t\t\t\t<svg aria-hidden=\"true\" class=\"e-font-icon-svg e-fas-arrow-right\" viewBox=\"0 0 448 512\" xmlns=\"http:\/\/www.w3.org\/2000\/svg\"><path d=\"M190.5 66.9l22.2-22.2c9.4-9.4 24.6-9.4 33.9 0L441 239c9.4 9.4 9.4 24.6 0 33.9L246.6 467.3c-9.4 9.4-24.6 9.4-33.9 0l-22.2-22.2c-9.5-9.5-9.3-25 .4-34.3L311.4 296H24c-13.3 0-24-10.7-24-24v-32c0-13.3 10.7-24 24-24h287.4L190.9 101.2c-9.8-9.3-10-24.8-.4-34.3z\"><\/path><\/svg>\t\t\t<\/span>\n\t\t\t\t\t\t\t\t\t<span class=\"elementor-button-text\">CATALOGUE DE PRODUITS<\/span>\n\t\t\t\t\t<\/span>\n\t\t\t\t\t<\/a>\n\t\t\t\t\t\t\t\t<\/div>\n\t\t\t\t\t<\/div>\n\t\t\t\t<\/div>\n\t\t<div class=\"elementor-element elementor-element-6d0f603 e-flex e-con-boxed e-con e-parent\" data-id=\"6d0f603\" data-element_type=\"container\">\n\t\t\t\t\t<div class=\"e-con-inner\">\n\t\t<div class=\"elementor-element elementor-element-239e545 e-con-full e-flex e-con e-child\" data-id=\"239e545\" data-element_type=\"container\" data-settings=\"{&quot;background_background&quot;:&quot;classic&quot;}\">\n\t\t\t\t<div class=\"elementor-element elementor-element-56d6f17 elementor-widget elementor-widget-heading\" data-id=\"56d6f17\" data-element_type=\"widget\" data-widget_type=\"heading.default\">\n\t\t\t\t\t<h2 class=\"elementor-heading-title elementor-size-default\">DE LA F\u00c8VE \u00c0 LA TABLETTE, AU C\u0152UR DE LA FOR\u00caT TROPICALE<\/h2>\t\t\t\t<\/div>\n\t\t\t\t<div class=\"elementor-element elementor-element-b34e548 elementor-widget elementor-widget-text-editor\" data-id=\"b34e548\" data-element_type=\"widget\" data-widget_type=\"text-editor.default\">\n\t\t\t\t\t\t\t\t\t<p><b>Le cacao n&rsquo;est pas seulement une culture \u2014 c&rsquo;est un h\u00e9ritage vivant du territoire m\u00e9soam\u00e9ricain.<\/b><span style=\"font-weight: 400;\"> <\/span><\/p><p><span style=\"font-weight: 400;\">Notre objectif : inverser la logique historique de l&rsquo;extraction et construire un mod\u00e8le de souverainet\u00e9 productive \u00e0 travers la Chocolaterie Communautaire.<\/span><\/p><p><span style=\"font-weight: 400;\">Notre premi\u00e8re rencontre avec le cacao s&rsquo;est faite dans des territoires autochtones. Pendant des ann\u00e9es, des communaut\u00e9s comme Yorkin, en territoire Bribri, ont \u00e9t\u00e9 contraintes de vendre leur cacao en f\u00e8ves fra\u00eeches \u2014 non transform\u00e9es \u2014 \u00e0 des prix qui ne refl\u00e9taient pas leur travail. Face \u00e0 cette r\u00e9alit\u00e9, nous avons engag\u00e9 un processus de technification progressive pour que les familles renforcent leur autonomie et ma\u00eetrisent chaque \u00e9tape cl\u00e9 : fermentation contr\u00f4l\u00e9e, s\u00e9chage, torr\u00e9faction et obtention du beurre de cacao.<\/span><\/p>\t\t\t\t\t\t\t\t<\/div>\n\t\t\t\t<div class=\"elementor-element elementor-element-8a10863 elementor-widget elementor-widget-heading\" data-id=\"8a10863\" data-element_type=\"widget\" data-widget_type=\"heading.default\">\n\t\t\t\t\t<h2 class=\"elementor-heading-title elementor-size-default\">VERS UNE CHOCOLATERIE MOBILE<\/h2>\t\t\t\t<\/div>\n\t\t\t\t<div class=\"elementor-element elementor-element-f63a136 elementor-widget elementor-widget-text-editor\" data-id=\"f63a136\" data-element_type=\"widget\" data-widget_type=\"text-editor.default\">\n\t\t\t\t\t\t\t\t\t<p>La distance ne sera plus un obstacle. Nous travaillons \u00e0 la mise en place d&rsquo;une Chocolaterie Mobile : une unit\u00e9 itin\u00e9rante qui apporte la technologie directement dans les territoires les plus isol\u00e9s \u2014 pour que chaque communaut\u00e9, aussi recul\u00e9e soit-elle, puisse transformer sa r\u00e9colte en chocolat fini.<\/p>\t\t\t\t\t\t\t\t<\/div>\n\t\t\t\t<\/div>\n\t\t\t\t\t<\/div>\n\t\t\t\t<\/div>\n\t\t<div class=\"elementor-element elementor-element-23e1ac7 elementor-hidden-desktop elementor-hidden-laptop elementor-hidden-tablet_extra elementor-hidden-tablet elementor-hidden-mobile e-flex e-con-boxed e-con e-parent\" data-id=\"23e1ac7\" data-element_type=\"container\" data-settings=\"{&quot;background_background&quot;:&quot;classic&quot;}\">\n\t\t\t\t\t<div class=\"e-con-inner\">\n\t\t<div class=\"elementor-element elementor-element-badf457 e-con-full e-flex e-con e-child\" data-id=\"badf457\" data-element_type=\"container\">\n\t\t\t\t<div class=\"elementor-element elementor-element-be26f91 elementor-widget elementor-widget-heading\" data-id=\"be26f91\" data-element_type=\"widget\" data-widget_type=\"heading.default\">\n\t\t\t\t\t<h2 class=\"elementor-heading-title elementor-size-default\">NOTRE IMPACT<\/h2>\t\t\t\t<\/div>\n\t\t<div class=\"elementor-element elementor-element-f68fc93 e-grid e-con-full e-con e-child\" data-id=\"f68fc93\" data-element_type=\"container\">\n\t\t<div class=\"elementor-element elementor-element-fa8c0e6 e-con-full e-flex e-con e-child\" data-id=\"fa8c0e6\" data-element_type=\"container\">\n\t\t\t\t<div class=\"elementor-element elementor-element-8bb718c elementor-widget elementor-widget-text-editor\" data-id=\"8bb718c\" data-element_type=\"widget\" data-widget_type=\"text-editor.default\">\n\t\t\t\t\t\t\t\t\t99<span style=\"color:#E7CAB1\">%<\/span>\t\t\t\t\t\t\t\t<\/div>\n\t\t\t\t<div class=\"elementor-element elementor-element-c08c2f3 elementor-widget elementor-widget-text-editor\" data-id=\"c08c2f3\" data-element_type=\"widget\" data-widget_type=\"text-editor.default\">\n\t\t\t\t\t\t\t\t\t<p>Satisfaction client<\/p>\t\t\t\t\t\t\t\t<\/div>\n\t\t\t\t<\/div>\n\t\t<div class=\"elementor-element elementor-element-d654d7a e-con-full e-flex e-con e-child\" data-id=\"d654d7a\" data-element_type=\"container\">\n\t\t\t\t<div class=\"elementor-element elementor-element-8cea62a elementor-widget elementor-widget-text-editor\" data-id=\"8cea62a\" data-element_type=\"widget\" data-widget_type=\"text-editor.default\">\n\t\t\t\t\t\t\t\t\t32<span style=\"color: #e7cab1;\">M<\/span>\t\t\t\t\t\t\t\t<\/div>\n\t\t\t\t<div class=\"elementor-element elementor-element-04a47ab elementor-widget elementor-widget-text-editor\" data-id=\"04a47ab\" data-element_type=\"widget\" data-widget_type=\"text-editor.default\">\n\t\t\t\t\t\t\t\t\t<p>Nouveaux produits<\/p>\t\t\t\t\t\t\t\t<\/div>\n\t\t\t\t<\/div>\n\t\t<div class=\"elementor-element elementor-element-3a75859 e-con-full e-flex e-con e-child\" data-id=\"3a75859\" data-element_type=\"container\">\n\t\t\t\t<div class=\"elementor-element elementor-element-9840e67 elementor-widget elementor-widget-text-editor\" data-id=\"9840e67\" data-element_type=\"widget\" data-widget_type=\"text-editor.default\">\n\t\t\t\t\t\t\t\t\t125<span style=\"color: #e7cab1;\">+<\/span>\t\t\t\t\t\t\t\t<\/div>\n\t\t\t\t<div class=\"elementor-element elementor-element-b25d782 elementor-widget elementor-widget-text-editor\" data-id=\"b25d782\" data-element_type=\"widget\" data-widget_type=\"text-editor.default\">\n\t\t\t\t\t\t\t\t\t<p>Familles b\u00e9n\u00e9ficiaires<\/p>\t\t\t\t\t\t\t\t<\/div>\n\t\t\t\t<\/div>\n\t\t<div class=\"elementor-element elementor-element-ac2e140 e-con-full e-flex e-con e-child\" data-id=\"ac2e140\" data-element_type=\"container\">\n\t\t\t\t<div class=\"elementor-element elementor-element-35bf2a6 elementor-widget elementor-widget-text-editor\" data-id=\"35bf2a6\" data-element_type=\"widget\" data-widget_type=\"text-editor.default\">\n\t\t\t\t\t\t\t\t\t<p>240<span style=\"color: #e7cab1;\">%<\/span><\/p>\t\t\t\t\t\t\t\t<\/div>\n\t\t\t\t<div class=\"elementor-element elementor-element-f77e08d elementor-widget elementor-widget-text-editor\" data-id=\"f77e08d\" data-element_type=\"widget\" data-widget_type=\"text-editor.default\">\n\t\t\t\t\t\t\t\t\t<p>Croissance<\/p>\t\t\t\t\t\t\t\t<\/div>\n\t\t\t\t<\/div>\n\t\t\t\t<\/div>\n\t\t\t\t<\/div>\n\t\t\t\t\t<\/div>\n\t\t\t\t<\/div>\n\t\t<div class=\"elementor-element elementor-element-19808e6 e-flex e-con-boxed e-con e-parent\" data-id=\"19808e6\" data-element_type=\"container\">\n\t\t\t\t\t<div class=\"e-con-inner\">\n\t\t\t\t<div class=\"elementor-element elementor-element-2f6f189 elementor-widget elementor-widget-heading\" data-id=\"2f6f189\" data-element_type=\"widget\" data-widget_type=\"heading.default\">\n\t\t\t\t\t<h2 class=\"elementor-heading-title elementor-size-default\">NOTRE PROCESSUS<\/h2>\t\t\t\t<\/div>\n\t\t<div class=\"elementor-element elementor-element-49bf47d e-con-full e-flex e-con e-child\" data-id=\"49bf47d\" data-element_type=\"container\">\n\t\t\t\t<div class=\"elementor-element elementor-element-2fd8ce7 elementor-hidden-tablet elementor-hidden-mobile elementor-widget elementor-widget-image\" data-id=\"2fd8ce7\" data-element_type=\"widget\" data-widget_type=\"image.default\">\n\t\t\t\t\t\t\t\t\t\t\t\t\t\t\t<img fetchpriority=\"high\" decoding=\"async\" width=\"930\" height=\"883\" src=\"https:\/\/floranueva.com\/wp-content\/uploads\/2026\/02\/FR-InfografiaCACAO1.png\" class=\"attachment-full size-full wp-image-4901\" alt=\"infograf\u00eda cacao Flora Nueva\" srcset=\"https:\/\/floranueva.com\/wp-content\/uploads\/2026\/02\/FR-InfografiaCACAO1.png 930w, https:\/\/floranueva.com\/wp-content\/uploads\/2026\/02\/FR-InfografiaCACAO1-300x285.png 300w, https:\/\/floranueva.com\/wp-content\/uploads\/2026\/02\/FR-InfografiaCACAO1-768x729.png 768w, https:\/\/floranueva.com\/wp-content\/uploads\/2026\/02\/FR-InfografiaCACAO1-600x570.png 600w\" sizes=\"(max-width: 930px) 100vw, 930px\" \/>\t\t\t\t\t\t\t\t\t\t\t\t\t\t\t<\/div>\n\t\t\t\t<div class=\"elementor-element elementor-element-62ff935 elementor-hidden-desktop elementor-hidden-laptop elementor-hidden-tablet_extra elementor-widget elementor-widget-image\" data-id=\"62ff935\" data-element_type=\"widget\" data-widget_type=\"image.default\">\n\t\t\t\t\t\t\t\t\t\t\t\t\t\t\t<img decoding=\"async\" width=\"1081\" height=\"1467\" src=\"https:\/\/floranueva.com\/wp-content\/uploads\/2026\/02\/FR-InfografiaCACAO_11.png\" class=\"attachment-full size-full wp-image-4902\" alt=\"infograf\u00eda cacao Flora Nueva\" srcset=\"https:\/\/floranueva.com\/wp-content\/uploads\/2026\/02\/FR-InfografiaCACAO_11.png 1081w, https:\/\/floranueva.com\/wp-content\/uploads\/2026\/02\/FR-InfografiaCACAO_11-221x300.png 221w, https:\/\/floranueva.com\/wp-content\/uploads\/2026\/02\/FR-InfografiaCACAO_11-755x1024.png 755w, https:\/\/floranueva.com\/wp-content\/uploads\/2026\/02\/FR-InfografiaCACAO_11-768x1042.png 768w, https:\/\/floranueva.com\/wp-content\/uploads\/2026\/02\/FR-InfografiaCACAO_11-600x814.png 600w\" sizes=\"(max-width: 1081px) 100vw, 1081px\" \/>\t\t\t\t\t\t\t\t\t\t\t\t\t\t\t<\/div>\n\t\t\t\t<\/div>\n\t\t\t\t\t<\/div>\n\t\t\t\t<\/div>\n\t\t\t\t<\/div>\n\t\t","protected":false},"excerpt":{"rendered":"<p>PROGRAMME CACAO Tout se joue dans le lieu de la transformation. Pendant que les mod\u00e8les conventionnels \u00e9loignent le cacao de son origine, nous cherchons \u00e0 ce que la f\u00e8ve devienne tablette de chocolat sans jamais quitter la communaut\u00e9. CATALOGUE DE PRODUITS DE LA F\u00c8VE \u00c0 LA TABLETTE, AU C\u0152UR DE LA FOR\u00caT TROPICALE Le cacao [&hellip;]<\/p>\n","protected":false},"author":1,"featured_media":0,"parent":0,"menu_order":0,"comment_status":"closed","ping_status":"closed","template":"","meta":{"site-sidebar-layout":"no-sidebar","site-content-layout":"","ast-site-content-layout":"full-width-container","site-content-style":"default","site-sidebar-style":"default","ast-global-header-display":"","ast-banner-title-visibility":"","ast-main-header-display":"","ast-hfb-above-header-display":"","ast-hfb-below-header-display":"","ast-hfb-mobile-header-display":"","site-post-title":"disabled","ast-breadcrumbs-content":"","ast-featured-img":"disabled","footer-sml-layout":"","theme-transparent-header-meta":"","adv-header-id-meta":"","stick-header-meta":"","header-above-stick-meta":"","header-main-stick-meta":"","header-below-stick-meta":"","astra-migrate-meta-layouts":"default","ast-page-background-enabled":"default","ast-page-background-meta":{"desktop":{"background-color":"var(--ast-global-color-5)","background-image":"","background-repeat":"repeat","background-position":"center center","background-size":"auto","background-attachment":"scroll","background-type":"","background-media":"","overlay-type":"","overlay-color":"","overlay-opacity":"","overlay-gradient":""},"tablet":{"background-color":"","background-image":"","background-repeat":"repeat","background-position":"center center","background-size":"auto","background-attachment":"scroll","background-type":"","background-media":"","overlay-type":"","overlay-color":"","overlay-opacity":"","overlay-gradient":""},"mobile":{"background-color":"","background-image":"","background-repeat":"repeat","background-position":"center center","background-size":"auto","background-attachment":"scroll","background-type":"","background-media":"","overlay-type":"","overlay-color":"","overlay-opacity":"","overlay-gradient":""}},"ast-content-background-meta":{"desktop":{"background-color":"var(--ast-global-color-4)","background-image":"","background-repeat":"repeat","background-position":"center center","background-size":"auto","background-attachment":"scroll","background-type":"","background-media":"","overlay-type":"","overlay-color":"","overlay-opacity":"","overlay-gradient":""},"tablet":{"background-color":"var(--ast-global-color-4)","background-image":"","background-repeat":"repeat","background-position":"center center","background-size":"auto","background-attachment":"scroll","background-type":"","background-media":"","overlay-type":"","overlay-color":"","overlay-opacity":"","overlay-gradient":""},"mobile":{"background-color":"var(--ast-global-color-4)","background-image":"","background-repeat":"repeat","background-position":"center center","background-size":"auto","background-attachment":"scroll","background-type":"","background-media":"","overlay-type":"","overlay-color":"","overlay-opacity":"","overlay-gradient":""}},"footnotes":""},"class_list":["post-2786","page","type-page","status-publish","hentry"],"yoast_head":"<!-- This site is optimized with the Yoast SEO plugin v27.3 - https:\/\/yoast.com\/product\/yoast-seo-wordpress\/ -->\n<title>Programme Cacao - Flora Nueva<\/title>\n<meta name=\"robots\" content=\"index, follow, max-snippet:-1, max-image-preview:large, max-video-preview:-1\" \/>\n<link rel=\"canonical\" href=\"https:\/\/floranueva.com\/fr\/programme-cacao\/\" \/>\n<meta property=\"og:locale\" content=\"fr_FR\" \/>\n<meta property=\"og:type\" content=\"article\" \/>\n<meta property=\"og:title\" content=\"Programme Cacao - Flora Nueva\" \/>\n<meta property=\"og:description\" content=\"PROGRAMME CACAO Tout se joue dans le lieu de la transformation. Pendant que les mod\u00e8les conventionnels \u00e9loignent le cacao de son origine, nous cherchons \u00e0 ce que la f\u00e8ve devienne tablette de chocolat sans jamais quitter la communaut\u00e9. CATALOGUE DE PRODUITS DE LA F\u00c8VE \u00c0 LA TABLETTE, AU C\u0152UR DE LA FOR\u00caT TROPICALE Le cacao [&hellip;]\" \/>\n<meta property=\"og:url\" content=\"https:\/\/floranueva.com\/fr\/programme-cacao\/\" \/>\n<meta property=\"og:site_name\" content=\"Flora Nueva\" \/>\n<meta property=\"article:modified_time\" content=\"2026-03-26T22:19:55+00:00\" \/>\n<meta property=\"og:image\" content=\"https:\/\/floranueva.com\/wp-content\/uploads\/2026\/02\/FR-InfografiaCACAO1.png\" \/>\n<meta name=\"twitter:card\" content=\"summary_large_image\" \/>\n<meta name=\"twitter:label1\" content=\"Dur\u00e9e de lecture estim\u00e9e\" \/>\n\t<meta name=\"twitter:data1\" content=\"2 minutes\" \/>\n<script type=\"application\/ld+json\" class=\"yoast-schema-graph\">{\"@context\":\"https:\\\/\\\/schema.org\",\"@graph\":[{\"@type\":\"WebPage\",\"@id\":\"https:\\\/\\\/floranueva.com\\\/fr\\\/programme-cacao\\\/\",\"url\":\"https:\\\/\\\/floranueva.com\\\/fr\\\/programme-cacao\\\/\",\"name\":\"Programme Cacao - Flora Nueva\",\"isPartOf\":{\"@id\":\"https:\\\/\\\/purple-eland-953371.hostingersite.com\\\/#website\"},\"primaryImageOfPage\":{\"@id\":\"https:\\\/\\\/floranueva.com\\\/fr\\\/programme-cacao\\\/#primaryimage\"},\"image\":{\"@id\":\"https:\\\/\\\/floranueva.com\\\/fr\\\/programme-cacao\\\/#primaryimage\"},\"thumbnailUrl\":\"https:\\\/\\\/floranueva.com\\\/wp-content\\\/uploads\\\/2026\\\/02\\\/FR-InfografiaCACAO1.png\",\"datePublished\":\"2026-01-05T19:33:35+00:00\",\"dateModified\":\"2026-03-26T22:19:55+00:00\",\"breadcrumb\":{\"@id\":\"https:\\\/\\\/floranueva.com\\\/fr\\\/programme-cacao\\\/#breadcrumb\"},\"inLanguage\":\"fr-FR\",\"potentialAction\":[{\"@type\":\"ReadAction\",\"target\":[\"https:\\\/\\\/floranueva.com\\\/fr\\\/programme-cacao\\\/\"]}]},{\"@type\":\"ImageObject\",\"inLanguage\":\"fr-FR\",\"@id\":\"https:\\\/\\\/floranueva.com\\\/fr\\\/programme-cacao\\\/#primaryimage\",\"url\":\"https:\\\/\\\/floranueva.com\\\/wp-content\\\/uploads\\\/2026\\\/02\\\/FR-InfografiaCACAO1.png\",\"contentUrl\":\"https:\\\/\\\/floranueva.com\\\/wp-content\\\/uploads\\\/2026\\\/02\\\/FR-InfografiaCACAO1.png\"},{\"@type\":\"BreadcrumbList\",\"@id\":\"https:\\\/\\\/floranueva.com\\\/fr\\\/programme-cacao\\\/#breadcrumb\",\"itemListElement\":[{\"@type\":\"ListItem\",\"position\":1,\"name\":\"Portada\",\"item\":\"https:\\\/\\\/floranueva.com\\\/fr\\\/\"},{\"@type\":\"ListItem\",\"position\":2,\"name\":\"Programme Cacao\"}]},{\"@type\":\"WebSite\",\"@id\":\"https:\\\/\\\/purple-eland-953371.hostingersite.com\\\/#website\",\"url\":\"https:\\\/\\\/purple-eland-953371.hostingersite.com\\\/\",\"name\":\"Flora Nueva\",\"description\":\"\",\"publisher\":{\"@id\":\"https:\\\/\\\/purple-eland-953371.hostingersite.com\\\/#organization\"},\"potentialAction\":[{\"@type\":\"SearchAction\",\"target\":{\"@type\":\"EntryPoint\",\"urlTemplate\":\"https:\\\/\\\/purple-eland-953371.hostingersite.com\\\/?s={search_term_string}\"},\"query-input\":{\"@type\":\"PropertyValueSpecification\",\"valueRequired\":true,\"valueName\":\"search_term_string\"}}],\"inLanguage\":\"fr-FR\"},{\"@type\":\"Organization\",\"@id\":\"https:\\\/\\\/purple-eland-953371.hostingersite.com\\\/#organization\",\"name\":\"Flora Nueva\",\"url\":\"https:\\\/\\\/purple-eland-953371.hostingersite.com\\\/\",\"logo\":{\"@type\":\"ImageObject\",\"inLanguage\":\"fr-FR\",\"@id\":\"https:\\\/\\\/purple-eland-953371.hostingersite.com\\\/#\\\/schema\\\/logo\\\/image\\\/\",\"url\":\"https:\\\/\\\/floranueva.com\\\/wp-content\\\/uploads\\\/2025\\\/11\\\/ISO-GRANDE.png\",\"contentUrl\":\"https:\\\/\\\/floranueva.com\\\/wp-content\\\/uploads\\\/2025\\\/11\\\/ISO-GRANDE.png\",\"width\":434,\"height\":552,\"caption\":\"Flora Nueva\"},\"image\":{\"@id\":\"https:\\\/\\\/purple-eland-953371.hostingersite.com\\\/#\\\/schema\\\/logo\\\/image\\\/\"}}]}<\/script>\n<!-- \/ Yoast SEO plugin. -->","yoast_head_json":{"title":"Programme Cacao - Flora Nueva","robots":{"index":"index","follow":"follow","max-snippet":"max-snippet:-1","max-image-preview":"max-image-preview:large","max-video-preview":"max-video-preview:-1"},"canonical":"https:\/\/floranueva.com\/fr\/programme-cacao\/","og_locale":"fr_FR","og_type":"article","og_title":"Programme Cacao - Flora Nueva","og_description":"PROGRAMME CACAO Tout se joue dans le lieu de la transformation. Pendant que les mod\u00e8les conventionnels \u00e9loignent le cacao de son origine, nous cherchons \u00e0 ce que la f\u00e8ve devienne tablette de chocolat sans jamais quitter la communaut\u00e9. CATALOGUE DE PRODUITS DE LA F\u00c8VE \u00c0 LA TABLETTE, AU C\u0152UR DE LA FOR\u00caT TROPICALE Le cacao [&hellip;]","og_url":"https:\/\/floranueva.com\/fr\/programme-cacao\/","og_site_name":"Flora Nueva","article_modified_time":"2026-03-26T22:19:55+00:00","og_image":[{"url":"https:\/\/floranueva.com\/wp-content\/uploads\/2026\/02\/FR-InfografiaCACAO1.png","type":"","width":"","height":""}],"twitter_card":"summary_large_image","twitter_misc":{"Dur\u00e9e de lecture estim\u00e9e":"2 minutes"},"schema":{"@context":"https:\/\/schema.org","@graph":[{"@type":"WebPage","@id":"https:\/\/floranueva.com\/fr\/programme-cacao\/","url":"https:\/\/floranueva.com\/fr\/programme-cacao\/","name":"Programme Cacao - Flora Nueva","isPartOf":{"@id":"https:\/\/purple-eland-953371.hostingersite.com\/#website"},"primaryImageOfPage":{"@id":"https:\/\/floranueva.com\/fr\/programme-cacao\/#primaryimage"},"image":{"@id":"https:\/\/floranueva.com\/fr\/programme-cacao\/#primaryimage"},"thumbnailUrl":"https:\/\/floranueva.com\/wp-content\/uploads\/2026\/02\/FR-InfografiaCACAO1.png","datePublished":"2026-01-05T19:33:35+00:00","dateModified":"2026-03-26T22:19:55+00:00","breadcrumb":{"@id":"https:\/\/floranueva.com\/fr\/programme-cacao\/#breadcrumb"},"inLanguage":"fr-FR","potentialAction":[{"@type":"ReadAction","target":["https:\/\/floranueva.com\/fr\/programme-cacao\/"]}]},{"@type":"ImageObject","inLanguage":"fr-FR","@id":"https:\/\/floranueva.com\/fr\/programme-cacao\/#primaryimage","url":"https:\/\/floranueva.com\/wp-content\/uploads\/2026\/02\/FR-InfografiaCACAO1.png","contentUrl":"https:\/\/floranueva.com\/wp-content\/uploads\/2026\/02\/FR-InfografiaCACAO1.png"},{"@type":"BreadcrumbList","@id":"https:\/\/floranueva.com\/fr\/programme-cacao\/#breadcrumb","itemListElement":[{"@type":"ListItem","position":1,"name":"Portada","item":"https:\/\/floranueva.com\/fr\/"},{"@type":"ListItem","position":2,"name":"Programme Cacao"}]},{"@type":"WebSite","@id":"https:\/\/purple-eland-953371.hostingersite.com\/#website","url":"https:\/\/purple-eland-953371.hostingersite.com\/","name":"Flora Nueva","description":"","publisher":{"@id":"https:\/\/purple-eland-953371.hostingersite.com\/#organization"},"potentialAction":[{"@type":"SearchAction","target":{"@type":"EntryPoint","urlTemplate":"https:\/\/purple-eland-953371.hostingersite.com\/?s={search_term_string}"},"query-input":{"@type":"PropertyValueSpecification","valueRequired":true,"valueName":"search_term_string"}}],"inLanguage":"fr-FR"},{"@type":"Organization","@id":"https:\/\/purple-eland-953371.hostingersite.com\/#organization","name":"Flora Nueva","url":"https:\/\/purple-eland-953371.hostingersite.com\/","logo":{"@type":"ImageObject","inLanguage":"fr-FR","@id":"https:\/\/purple-eland-953371.hostingersite.com\/#\/schema\/logo\/image\/","url":"https:\/\/floranueva.com\/wp-content\/uploads\/2025\/11\/ISO-GRANDE.png","contentUrl":"https:\/\/floranueva.com\/wp-content\/uploads\/2025\/11\/ISO-GRANDE.png","width":434,"height":552,"caption":"Flora Nueva"},"image":{"@id":"https:\/\/purple-eland-953371.hostingersite.com\/#\/schema\/logo\/image\/"}}]}},"_hostinger_reach_plugin_has_subscription_block":false,"_hostinger_reach_plugin_is_elementor":false,"_links":{"self":[{"href":"https:\/\/floranueva.com\/fr\/wp-json\/wp\/v2\/pages\/2786","targetHints":{"allow":["GET"]}}],"collection":[{"href":"https:\/\/floranueva.com\/fr\/wp-json\/wp\/v2\/pages"}],"about":[{"href":"https:\/\/floranueva.com\/fr\/wp-json\/wp\/v2\/types\/page"}],"author":[{"embeddable":true,"href":"https:\/\/floranueva.com\/fr\/wp-json\/wp\/v2\/users\/1"}],"replies":[{"embeddable":true,"href":"https:\/\/floranueva.com\/fr\/wp-json\/wp\/v2\/comments?post=2786"}],"version-history":[{"count":27,"href":"https:\/\/floranueva.com\/fr\/wp-json\/wp\/v2\/pages\/2786\/revisions"}],"predecessor-version":[{"id":5916,"href":"https:\/\/floranueva.com\/fr\/wp-json\/wp\/v2\/pages\/2786\/revisions\/5916"}],"wp:attachment":[{"href":"https:\/\/floranueva.com\/fr\/wp-json\/wp\/v2\/media?parent=2786"}],"curies":[{"name":"wp","href":"https:\/\/api.w.org\/{rel}","templated":true}]}}