{"id":2798,"date":"2025-12-08T20:02:58","date_gmt":"2025-12-08T20:02:58","guid":{"rendered":"https:\/\/floranueva.com\/programme-cafe\/"},"modified":"2026-03-24T15:33:31","modified_gmt":"2026-03-24T15:33:31","slug":"programme-cafe","status":"publish","type":"page","link":"https:\/\/floranueva.com\/fr\/programme-cafe\/","title":{"rendered":"Programme Caf\u00e9"},"content":{"rendered":"\t\t<div data-elementor-type=\"wp-page\" data-elementor-id=\"2798\" class=\"elementor elementor-2798 elementor-1161\">\n\t\t\t\t<div class=\"elementor-element elementor-element-1c06c23 elementor-hidden-mobile e-flex e-con-boxed e-con e-parent\" data-id=\"1c06c23\" data-element_type=\"container\">\n\t\t\t\t\t<div class=\"e-con-inner\">\n\t\t<div class=\"elementor-element elementor-element-8a08594 e-con-full e-flex e-con e-child\" data-id=\"8a08594\" data-element_type=\"container\" data-settings=\"{&quot;background_background&quot;:&quot;classic&quot;}\">\n\t\t\t\t<\/div>\n\t\t\t\t\t<\/div>\n\t\t\t\t<\/div>\n\t\t<div class=\"elementor-element elementor-element-ab5d9dd elementor-hidden-desktop elementor-hidden-laptop elementor-hidden-tablet_extra elementor-hidden-tablet e-flex e-con-boxed e-con e-parent\" data-id=\"ab5d9dd\" data-element_type=\"container\">\n\t\t\t\t\t<div class=\"e-con-inner\">\n\t\t<div class=\"elementor-element elementor-element-4bb79e4 e-con-full e-flex e-con e-child\" data-id=\"4bb79e4\" data-element_type=\"container\" data-settings=\"{&quot;background_background&quot;:&quot;classic&quot;}\">\n\t\t\t\t<\/div>\n\t\t\t\t\t<\/div>\n\t\t\t\t<\/div>\n\t\t<div class=\"elementor-element elementor-element-100fd36 e-flex e-con-boxed e-con e-parent\" data-id=\"100fd36\" data-element_type=\"container\">\n\t\t\t\t\t<div class=\"e-con-inner\">\n\t\t<div class=\"elementor-element elementor-element-d1b2f6f e-con-full e-flex e-con e-child\" data-id=\"d1b2f6f\" data-element_type=\"container\" data-settings=\"{&quot;background_background&quot;:&quot;classic&quot;}\">\n\t\t\t\t<div class=\"elementor-element elementor-element-26fe67c elementor-widget elementor-widget-text-editor\" data-id=\"26fe67c\" data-element_type=\"widget\" data-widget_type=\"text-editor.default\">\n\t\t\t\t\t\t\t\t\t<p>PROGRAMME<\/p><p>CAF\u00c9<\/p>\t\t\t\t\t\t\t\t<\/div>\n\t\t\t\t<\/div>\n\t\t\t\t<div class=\"elementor-element elementor-element-b34e548 elementor-widget elementor-widget-text-editor\" data-id=\"b34e548\" data-element_type=\"widget\" data-widget_type=\"text-editor.default\">\n\t\t\t\t\t\t\t\t\t<p><b>Le caf\u00e9 est \u00e0 la fois notre plus grand d\u00e9fi et notre meilleure opportunit\u00e9 de prouver qu&rsquo;un autre mod\u00e8le est possible. <\/b><\/p><p><span style=\"font-weight: 400;\">Le caf\u00e9 est une \u00ab\u00a0commodity\u00a0\u00bb mondiale\u2014 sp\u00e9culatif, in\u00e9gal, exigeant. C&rsquo;est pr\u00e9cis\u00e9ment pour cela que nous l&rsquo;avons choisi : c&rsquo;est l\u00e0 o\u00f9 le changement est le plus n\u00e9cessaire qu&rsquo;il est le plus puissant.<\/span><\/p><p><span style=\"font-weight: 400;\"><strong>Laboratoire de solutions avant tout,<\/strong> ce programme ne se limite pas \u00e0 commercialiser du caf\u00e9. Nous sommes partis de l&rsquo;huile de caf\u00e9 pour couvrir aujourd&rsquo;hui l&rsquo;ensemble de la fili\u00e8re \u2014 en nous attaquant aux d\u00e9fis l\u00e0 o\u00f9 ils naissent vraiment. <\/span><\/p>\t\t\t\t\t\t\t\t<\/div>\n\t\t\t\t<div class=\"elementor-element elementor-element-440d5ce elementor-widget elementor-widget-button\" data-id=\"440d5ce\" data-element_type=\"widget\" data-widget_type=\"button.default\">\n\t\t\t\t\t\t\t\t\t\t<a class=\"elementor-button elementor-button-link elementor-size-sm\" href=\"https:\/\/floranueva.com\/fr\/nos-tresors\/\">\n\t\t\t\t\t\t<span class=\"elementor-button-content-wrapper\">\n\t\t\t\t\t\t<span class=\"elementor-button-icon\">\n\t\t\t\t<svg aria-hidden=\"true\" class=\"e-font-icon-svg e-fas-arrow-right\" viewBox=\"0 0 448 512\" xmlns=\"http:\/\/www.w3.org\/2000\/svg\"><path d=\"M190.5 66.9l22.2-22.2c9.4-9.4 24.6-9.4 33.9 0L441 239c9.4 9.4 9.4 24.6 0 33.9L246.6 467.3c-9.4 9.4-24.6 9.4-33.9 0l-22.2-22.2c-9.5-9.5-9.3-25 .4-34.3L311.4 296H24c-13.3 0-24-10.7-24-24v-32c0-13.3 10.7-24 24-24h287.4L190.9 101.2c-9.8-9.3-10-24.8-.4-34.3z\"><\/path><\/svg>\t\t\t<\/span>\n\t\t\t\t\t\t\t\t\t<span class=\"elementor-button-text\">CATALOGUE DE PRODUITS<\/span>\n\t\t\t\t\t<\/span>\n\t\t\t\t\t<\/a>\n\t\t\t\t\t\t\t\t<\/div>\n\t\t\t\t\t<\/div>\n\t\t\t\t<\/div>\n\t\t<div class=\"elementor-element elementor-element-fecf2ad e-flex e-con-boxed e-con e-parent\" data-id=\"fecf2ad\" data-element_type=\"container\" data-settings=\"{&quot;background_background&quot;:&quot;classic&quot;}\">\n\t\t\t\t\t<div class=\"e-con-inner\">\n\t\t\t\t<div class=\"elementor-element elementor-element-b4505c2 elementor-widget elementor-widget-heading\" data-id=\"b4505c2\" data-element_type=\"widget\" data-widget_type=\"heading.default\">\n\t\t\t\t\t<h2 class=\"elementor-heading-title elementor-size-default\">NOS PILIERS D\u2019ACTION<\/h2>\t\t\t\t<\/div>\n\t\t\t\t<div class=\"elementor-element elementor-element-3ffdfce elementor-widget elementor-widget-text-editor\" data-id=\"3ffdfce\" data-element_type=\"widget\" data-widget_type=\"text-editor.default\">\n\t\t\t\t\t\t\t\t\t<ul><li style=\"list-style-type: none;\"><ul><li style=\"font-weight: 400;\" aria-level=\"1\"><b>Innovation et autonomisation :<\/b>Nous accompagnons les familles productrices au-del\u00e0 des pratiques traditionnelles de culture et de r\u00e9colte. Par la distribution de plants et l&rsquo;am\u00e9lioration g\u00e9n\u00e9tique des vari\u00e9t\u00e9s, nous r\u00e9duisons leur d\u00e9pendance aux pesticides et aussi leur donnons les outils pour maitriser eux-m\u00eames leurs processus de post-r\u00e9colte et de s\u00e9chage.<\/li><li style=\"font-weight: 400;\" aria-level=\"1\"><b>Normes sociales et environnementales : <\/b>Pas d&rsquo;excellence sans dignit\u00e9. Avec des organisations internationales, nous mettons en place des programmes de sant\u00e9, de s\u00e9curit\u00e9 et d&rsquo;\u00e9radication du travail des enfants \u2014 pour que chaque grain r\u00e9colt\u00e9 porte en lui une promesse de bien-\u00eatre social.<\/li><li style=\"font-weight: 400;\" aria-level=\"1\"><strong>L&rsquo;agro\u00e9cologie comme moteur de bien-\u00eatre.<\/strong> Nous croyons que la transition agro\u00e9cologique est la seule voie vers un environnement v\u00e9ritablement sain \u2014 pour les familles qui cultivent et pour les abeilles qui pollinisent.<\/li><li style=\"font-weight: 400;\" aria-level=\"1\"><b style=\"font-style: inherit;\">Diversification et valeur ajout\u00e9e :<\/b> Nous ne nous limitons pas au grain torr\u00e9fi\u00e9. Huile, extrait, produits innovants \u2014 nous explorons toutes les fa\u00e7ons de cr\u00e9er de la valeur \u00e0 partir du caf\u00e9. Une diversification qui profite directement aux familles productrices et consolide la r\u00e9silience de Flora Nueva dans une fili\u00e8re mondiale particuli\u00e8rement exigeante.<\/li><\/ul><\/li><\/ul><p><span style=\"font-weight: 400;\">Dans un march\u00e9 marqu\u00e9 par de nombreux d\u00e9fis, le Programme Caf\u00e9 de Flora Nueva s\u2019impose comme une plateforme promouvant justice, qualit\u00e9 et autonomie.<\/span><\/p>\t\t\t\t\t\t\t\t<\/div>\n\t\t\t\t\t<\/div>\n\t\t\t\t<\/div>\n\t\t<div class=\"elementor-element elementor-element-23e1ac7 elementor-hidden-desktop elementor-hidden-laptop elementor-hidden-tablet_extra elementor-hidden-tablet elementor-hidden-mobile e-flex e-con-boxed e-con e-parent\" data-id=\"23e1ac7\" data-element_type=\"container\" data-settings=\"{&quot;background_background&quot;:&quot;classic&quot;}\">\n\t\t\t\t\t<div class=\"e-con-inner\">\n\t\t<div class=\"elementor-element elementor-element-badf457 e-con-full e-flex e-con e-child\" data-id=\"badf457\" data-element_type=\"container\">\n\t\t\t\t<div class=\"elementor-element elementor-element-be26f91 elementor-widget elementor-widget-heading\" data-id=\"be26f91\" data-element_type=\"widget\" data-widget_type=\"heading.default\">\n\t\t\t\t\t<h2 class=\"elementor-heading-title elementor-size-default\">NOTRE IMPACT<\/h2>\t\t\t\t<\/div>\n\t\t<div class=\"elementor-element elementor-element-f68fc93 e-grid e-con-full e-con e-child\" data-id=\"f68fc93\" data-element_type=\"container\">\n\t\t<div class=\"elementor-element elementor-element-fa8c0e6 e-con-full e-flex e-con e-child\" data-id=\"fa8c0e6\" data-element_type=\"container\">\n\t\t\t\t<div class=\"elementor-element elementor-element-8bb718c elementor-widget elementor-widget-text-editor\" data-id=\"8bb718c\" data-element_type=\"widget\" data-widget_type=\"text-editor.default\">\n\t\t\t\t\t\t\t\t\t99<span style=\"color:#E7CAB1\">%<\/span>\t\t\t\t\t\t\t\t<\/div>\n\t\t\t\t<div class=\"elementor-element elementor-element-c08c2f3 elementor-widget elementor-widget-text-editor\" data-id=\"c08c2f3\" data-element_type=\"widget\" data-widget_type=\"text-editor.default\">\n\t\t\t\t\t\t\t\t\t<p>Satisfaction client<\/p>\t\t\t\t\t\t\t\t<\/div>\n\t\t\t\t<\/div>\n\t\t<div class=\"elementor-element elementor-element-d654d7a e-con-full e-flex e-con e-child\" data-id=\"d654d7a\" data-element_type=\"container\">\n\t\t\t\t<div class=\"elementor-element elementor-element-8cea62a elementor-widget elementor-widget-text-editor\" data-id=\"8cea62a\" data-element_type=\"widget\" data-widget_type=\"text-editor.default\">\n\t\t\t\t\t\t\t\t\t32<span style=\"color: #e7cab1;\">M<\/span>\t\t\t\t\t\t\t\t<\/div>\n\t\t\t\t<div class=\"elementor-element elementor-element-04a47ab elementor-widget elementor-widget-text-editor\" data-id=\"04a47ab\" data-element_type=\"widget\" data-widget_type=\"text-editor.default\">\n\t\t\t\t\t\t\t\t\t<p>Nouveaux produits<\/p>\t\t\t\t\t\t\t\t<\/div>\n\t\t\t\t<\/div>\n\t\t<div class=\"elementor-element elementor-element-3a75859 e-con-full e-flex e-con e-child\" data-id=\"3a75859\" data-element_type=\"container\">\n\t\t\t\t<div class=\"elementor-element elementor-element-9840e67 elementor-widget elementor-widget-text-editor\" data-id=\"9840e67\" data-element_type=\"widget\" data-widget_type=\"text-editor.default\">\n\t\t\t\t\t\t\t\t\t125<span style=\"color: #e7cab1;\">+<\/span>\t\t\t\t\t\t\t\t<\/div>\n\t\t\t\t<div class=\"elementor-element elementor-element-b25d782 elementor-widget elementor-widget-text-editor\" data-id=\"b25d782\" data-element_type=\"widget\" data-widget_type=\"text-editor.default\">\n\t\t\t\t\t\t\t\t\t<p>Familles b\u00e9n\u00e9ficiaires<\/p>\t\t\t\t\t\t\t\t<\/div>\n\t\t\t\t<\/div>\n\t\t<div class=\"elementor-element elementor-element-ac2e140 e-con-full e-flex e-con e-child\" data-id=\"ac2e140\" data-element_type=\"container\">\n\t\t\t\t<div class=\"elementor-element elementor-element-35bf2a6 elementor-widget elementor-widget-text-editor\" data-id=\"35bf2a6\" data-element_type=\"widget\" data-widget_type=\"text-editor.default\">\n\t\t\t\t\t\t\t\t\t<p>240<span style=\"color: #e7cab1;\">%<\/span><\/p>\t\t\t\t\t\t\t\t<\/div>\n\t\t\t\t<div class=\"elementor-element elementor-element-f77e08d elementor-widget elementor-widget-text-editor\" data-id=\"f77e08d\" data-element_type=\"widget\" data-widget_type=\"text-editor.default\">\n\t\t\t\t\t\t\t\t\t<p>Croissance<\/p>\t\t\t\t\t\t\t\t<\/div>\n\t\t\t\t<\/div>\n\t\t\t\t<\/div>\n\t\t\t\t<\/div>\n\t\t\t\t\t<\/div>\n\t\t\t\t<\/div>\n\t\t<div class=\"elementor-element elementor-element-19808e6 e-flex e-con-boxed e-con e-parent\" data-id=\"19808e6\" data-element_type=\"container\">\n\t\t\t\t\t<div class=\"e-con-inner\">\n\t\t\t\t<div class=\"elementor-element elementor-element-2f6f189 elementor-widget elementor-widget-heading\" data-id=\"2f6f189\" data-element_type=\"widget\" data-widget_type=\"heading.default\">\n\t\t\t\t\t<h2 class=\"elementor-heading-title elementor-size-default\">NOTRE PROCESSUS<\/h2>\t\t\t\t<\/div>\n\t\t<div class=\"elementor-element elementor-element-49bf47d e-con-full e-flex e-con e-child\" data-id=\"49bf47d\" data-element_type=\"container\">\n\t\t\t\t<div class=\"elementor-element elementor-element-2fd8ce7 elementor-hidden-tablet elementor-hidden-mobile elementor-widget elementor-widget-image\" data-id=\"2fd8ce7\" data-element_type=\"widget\" data-widget_type=\"image.default\">\n\t\t\t\t\t\t\t\t\t\t\t\t\t\t\t<img fetchpriority=\"high\" decoding=\"async\" width=\"1103\" height=\"1313\" src=\"https:\/\/floranueva.com\/wp-content\/uploads\/2026\/03\/FR-InfografiaCAFE.png\" class=\"attachment-full size-full wp-image-5633\" alt=\"\" srcset=\"https:\/\/floranueva.com\/wp-content\/uploads\/2026\/03\/FR-InfografiaCAFE.png 1103w, https:\/\/floranueva.com\/wp-content\/uploads\/2026\/03\/FR-InfografiaCAFE-252x300.png 252w, https:\/\/floranueva.com\/wp-content\/uploads\/2026\/03\/FR-InfografiaCAFE-860x1024.png 860w, https:\/\/floranueva.com\/wp-content\/uploads\/2026\/03\/FR-InfografiaCAFE-768x914.png 768w, https:\/\/floranueva.com\/wp-content\/uploads\/2026\/03\/FR-InfografiaCAFE-600x714.png 600w\" sizes=\"(max-width: 1103px) 100vw, 1103px\" \/>\t\t\t\t\t\t\t\t\t\t\t\t\t\t\t<\/div>\n\t\t\t\t<div class=\"elementor-element elementor-element-62ff935 elementor-hidden-desktop elementor-hidden-laptop elementor-hidden-tablet_extra elementor-widget elementor-widget-image\" data-id=\"62ff935\" data-element_type=\"widget\" data-widget_type=\"image.default\">\n\t\t\t\t\t\t\t\t\t\t\t\t\t\t\t<img decoding=\"async\" width=\"1081\" height=\"2041\" src=\"https:\/\/floranueva.com\/wp-content\/uploads\/2026\/03\/FR-InfografiaCAFE-Mobile.png\" class=\"attachment-full size-full wp-image-5632\" alt=\"\" srcset=\"https:\/\/floranueva.com\/wp-content\/uploads\/2026\/03\/FR-InfografiaCAFE-Mobile.png 1081w, https:\/\/floranueva.com\/wp-content\/uploads\/2026\/03\/FR-InfografiaCAFE-Mobile-159x300.png 159w, https:\/\/floranueva.com\/wp-content\/uploads\/2026\/03\/FR-InfografiaCAFE-Mobile-542x1024.png 542w, https:\/\/floranueva.com\/wp-content\/uploads\/2026\/03\/FR-InfografiaCAFE-Mobile-768x1450.png 768w, https:\/\/floranueva.com\/wp-content\/uploads\/2026\/03\/FR-InfografiaCAFE-Mobile-814x1536.png 814w, https:\/\/floranueva.com\/wp-content\/uploads\/2026\/03\/FR-InfografiaCAFE-Mobile-600x1133.png 600w\" sizes=\"(max-width: 1081px) 100vw, 1081px\" \/>\t\t\t\t\t\t\t\t\t\t\t\t\t\t\t<\/div>\n\t\t\t\t<\/div>\n\t\t\t\t\t<\/div>\n\t\t\t\t<\/div>\n\t\t\t\t<\/div>\n\t\t","protected":false},"excerpt":{"rendered":"<p>PROGRAMME CAF\u00c9 Le caf\u00e9 est \u00e0 la fois notre plus grand d\u00e9fi et notre meilleure opportunit\u00e9 de prouver qu&rsquo;un autre mod\u00e8le est possible. Le caf\u00e9 est une \u00ab\u00a0commodity\u00a0\u00bb mondiale\u2014 sp\u00e9culatif, in\u00e9gal, exigeant. C&rsquo;est pr\u00e9cis\u00e9ment pour cela que nous l&rsquo;avons choisi : c&rsquo;est l\u00e0 o\u00f9 le changement est le plus n\u00e9cessaire qu&rsquo;il est le plus puissant. [&hellip;]<\/p>\n","protected":false},"author":1,"featured_media":0,"parent":0,"menu_order":0,"comment_status":"closed","ping_status":"closed","template":"","meta":{"site-sidebar-layout":"no-sidebar","site-content-layout":"","ast-site-content-layout":"full-width-container","site-content-style":"default","site-sidebar-style":"default","ast-global-header-display":"","ast-banner-title-visibility":"","ast-main-header-display":"","ast-hfb-above-header-display":"","ast-hfb-below-header-display":"","ast-hfb-mobile-header-display":"","site-post-title":"disabled","ast-breadcrumbs-content":"","ast-featured-img":"disabled","footer-sml-layout":"","theme-transparent-header-meta":"","adv-header-id-meta":"","stick-header-meta":"","header-above-stick-meta":"","header-main-stick-meta":"","header-below-stick-meta":"","astra-migrate-meta-layouts":"default","ast-page-background-enabled":"default","ast-page-background-meta":{"desktop":{"background-color":"var(--ast-global-color-5)","background-image":"","background-repeat":"repeat","background-position":"center center","background-size":"auto","background-attachment":"scroll","background-type":"","background-media":"","overlay-type":"","overlay-color":"","overlay-opacity":"","overlay-gradient":""},"tablet":{"background-color":"","background-image":"","background-repeat":"repeat","background-position":"center center","background-size":"auto","background-attachment":"scroll","background-type":"","background-media":"","overlay-type":"","overlay-color":"","overlay-opacity":"","overlay-gradient":""},"mobile":{"background-color":"","background-image":"","background-repeat":"repeat","background-position":"center center","background-size":"auto","background-attachment":"scroll","background-type":"","background-media":"","overlay-type":"","overlay-color":"","overlay-opacity":"","overlay-gradient":""}},"ast-content-background-meta":{"desktop":{"background-color":"var(--ast-global-color-4)","background-image":"","background-repeat":"repeat","background-position":"center center","background-size":"auto","background-attachment":"scroll","background-type":"","background-media":"","overlay-type":"","overlay-color":"","overlay-opacity":"","overlay-gradient":""},"tablet":{"background-color":"var(--ast-global-color-4)","background-image":"","background-repeat":"repeat","background-position":"center center","background-size":"auto","background-attachment":"scroll","background-type":"","background-media":"","overlay-type":"","overlay-color":"","overlay-opacity":"","overlay-gradient":""},"mobile":{"background-color":"var(--ast-global-color-4)","background-image":"","background-repeat":"repeat","background-position":"center center","background-size":"auto","background-attachment":"scroll","background-type":"","background-media":"","overlay-type":"","overlay-color":"","overlay-opacity":"","overlay-gradient":""}},"footnotes":""},"class_list":["post-2798","page","type-page","status-publish","hentry"],"yoast_head":"<!-- This site is optimized with the Yoast SEO plugin v27.3 - https:\/\/yoast.com\/product\/yoast-seo-wordpress\/ -->\n<title>Programme Caf\u00e9 - Flora Nueva<\/title>\n<meta name=\"robots\" content=\"index, follow, max-snippet:-1, max-image-preview:large, max-video-preview:-1\" \/>\n<link rel=\"canonical\" href=\"https:\/\/floranueva.com\/fr\/programme-cafe\/\" \/>\n<meta property=\"og:locale\" content=\"fr_FR\" \/>\n<meta property=\"og:type\" content=\"article\" \/>\n<meta property=\"og:title\" content=\"Programme Caf\u00e9 - Flora Nueva\" \/>\n<meta property=\"og:description\" content=\"PROGRAMME CAF\u00c9 Le caf\u00e9 est \u00e0 la fois notre plus grand d\u00e9fi et notre meilleure opportunit\u00e9 de prouver qu&rsquo;un autre mod\u00e8le est possible. Le caf\u00e9 est une \u00ab\u00a0commodity\u00a0\u00bb mondiale\u2014 sp\u00e9culatif, in\u00e9gal, exigeant. C&rsquo;est pr\u00e9cis\u00e9ment pour cela que nous l&rsquo;avons choisi : c&rsquo;est l\u00e0 o\u00f9 le changement est le plus n\u00e9cessaire qu&rsquo;il est le plus puissant. [&hellip;]\" \/>\n<meta property=\"og:url\" content=\"https:\/\/floranueva.com\/fr\/programme-cafe\/\" \/>\n<meta property=\"og:site_name\" content=\"Flora Nueva\" \/>\n<meta property=\"article:modified_time\" content=\"2026-03-24T15:33:31+00:00\" \/>\n<meta property=\"og:image\" content=\"https:\/\/floranueva.com\/wp-content\/uploads\/2026\/03\/FR-InfografiaCAFE.png\" \/>\n<meta name=\"twitter:card\" content=\"summary_large_image\" \/>\n<meta name=\"twitter:label1\" content=\"Dur\u00e9e de lecture estim\u00e9e\" \/>\n\t<meta name=\"twitter:data1\" content=\"2 minutes\" \/>\n<script type=\"application\/ld+json\" class=\"yoast-schema-graph\">{\"@context\":\"https:\\\/\\\/schema.org\",\"@graph\":[{\"@type\":\"WebPage\",\"@id\":\"https:\\\/\\\/floranueva.com\\\/fr\\\/programme-cafe\\\/\",\"url\":\"https:\\\/\\\/floranueva.com\\\/fr\\\/programme-cafe\\\/\",\"name\":\"Programme Caf\u00e9 - Flora Nueva\",\"isPartOf\":{\"@id\":\"https:\\\/\\\/purple-eland-953371.hostingersite.com\\\/#website\"},\"primaryImageOfPage\":{\"@id\":\"https:\\\/\\\/floranueva.com\\\/fr\\\/programme-cafe\\\/#primaryimage\"},\"image\":{\"@id\":\"https:\\\/\\\/floranueva.com\\\/fr\\\/programme-cafe\\\/#primaryimage\"},\"thumbnailUrl\":\"https:\\\/\\\/floranueva.com\\\/wp-content\\\/uploads\\\/2026\\\/03\\\/FR-InfografiaCAFE.png\",\"datePublished\":\"2025-12-08T20:02:58+00:00\",\"dateModified\":\"2026-03-24T15:33:31+00:00\",\"breadcrumb\":{\"@id\":\"https:\\\/\\\/floranueva.com\\\/fr\\\/programme-cafe\\\/#breadcrumb\"},\"inLanguage\":\"fr-FR\",\"potentialAction\":[{\"@type\":\"ReadAction\",\"target\":[\"https:\\\/\\\/floranueva.com\\\/fr\\\/programme-cafe\\\/\"]}]},{\"@type\":\"ImageObject\",\"inLanguage\":\"fr-FR\",\"@id\":\"https:\\\/\\\/floranueva.com\\\/fr\\\/programme-cafe\\\/#primaryimage\",\"url\":\"https:\\\/\\\/floranueva.com\\\/wp-content\\\/uploads\\\/2026\\\/03\\\/FR-InfografiaCAFE.png\",\"contentUrl\":\"https:\\\/\\\/floranueva.com\\\/wp-content\\\/uploads\\\/2026\\\/03\\\/FR-InfografiaCAFE.png\"},{\"@type\":\"BreadcrumbList\",\"@id\":\"https:\\\/\\\/floranueva.com\\\/fr\\\/programme-cafe\\\/#breadcrumb\",\"itemListElement\":[{\"@type\":\"ListItem\",\"position\":1,\"name\":\"Portada\",\"item\":\"https:\\\/\\\/floranueva.com\\\/fr\\\/\"},{\"@type\":\"ListItem\",\"position\":2,\"name\":\"Programme Caf\u00e9\"}]},{\"@type\":\"WebSite\",\"@id\":\"https:\\\/\\\/purple-eland-953371.hostingersite.com\\\/#website\",\"url\":\"https:\\\/\\\/purple-eland-953371.hostingersite.com\\\/\",\"name\":\"Flora Nueva\",\"description\":\"\",\"publisher\":{\"@id\":\"https:\\\/\\\/purple-eland-953371.hostingersite.com\\\/#organization\"},\"potentialAction\":[{\"@type\":\"SearchAction\",\"target\":{\"@type\":\"EntryPoint\",\"urlTemplate\":\"https:\\\/\\\/purple-eland-953371.hostingersite.com\\\/?s={search_term_string}\"},\"query-input\":{\"@type\":\"PropertyValueSpecification\",\"valueRequired\":true,\"valueName\":\"search_term_string\"}}],\"inLanguage\":\"fr-FR\"},{\"@type\":\"Organization\",\"@id\":\"https:\\\/\\\/purple-eland-953371.hostingersite.com\\\/#organization\",\"name\":\"Flora Nueva\",\"url\":\"https:\\\/\\\/purple-eland-953371.hostingersite.com\\\/\",\"logo\":{\"@type\":\"ImageObject\",\"inLanguage\":\"fr-FR\",\"@id\":\"https:\\\/\\\/purple-eland-953371.hostingersite.com\\\/#\\\/schema\\\/logo\\\/image\\\/\",\"url\":\"https:\\\/\\\/floranueva.com\\\/wp-content\\\/uploads\\\/2025\\\/11\\\/ISO-GRANDE.png\",\"contentUrl\":\"https:\\\/\\\/floranueva.com\\\/wp-content\\\/uploads\\\/2025\\\/11\\\/ISO-GRANDE.png\",\"width\":434,\"height\":552,\"caption\":\"Flora Nueva\"},\"image\":{\"@id\":\"https:\\\/\\\/purple-eland-953371.hostingersite.com\\\/#\\\/schema\\\/logo\\\/image\\\/\"}}]}<\/script>\n<!-- \/ Yoast SEO plugin. -->","yoast_head_json":{"title":"Programme Caf\u00e9 - Flora Nueva","robots":{"index":"index","follow":"follow","max-snippet":"max-snippet:-1","max-image-preview":"max-image-preview:large","max-video-preview":"max-video-preview:-1"},"canonical":"https:\/\/floranueva.com\/fr\/programme-cafe\/","og_locale":"fr_FR","og_type":"article","og_title":"Programme Caf\u00e9 - Flora Nueva","og_description":"PROGRAMME CAF\u00c9 Le caf\u00e9 est \u00e0 la fois notre plus grand d\u00e9fi et notre meilleure opportunit\u00e9 de prouver qu&rsquo;un autre mod\u00e8le est possible. Le caf\u00e9 est une \u00ab\u00a0commodity\u00a0\u00bb mondiale\u2014 sp\u00e9culatif, in\u00e9gal, exigeant. C&rsquo;est pr\u00e9cis\u00e9ment pour cela que nous l&rsquo;avons choisi : c&rsquo;est l\u00e0 o\u00f9 le changement est le plus n\u00e9cessaire qu&rsquo;il est le plus puissant. [&hellip;]","og_url":"https:\/\/floranueva.com\/fr\/programme-cafe\/","og_site_name":"Flora Nueva","article_modified_time":"2026-03-24T15:33:31+00:00","og_image":[{"url":"https:\/\/floranueva.com\/wp-content\/uploads\/2026\/03\/FR-InfografiaCAFE.png","type":"","width":"","height":""}],"twitter_card":"summary_large_image","twitter_misc":{"Dur\u00e9e de lecture estim\u00e9e":"2 minutes"},"schema":{"@context":"https:\/\/schema.org","@graph":[{"@type":"WebPage","@id":"https:\/\/floranueva.com\/fr\/programme-cafe\/","url":"https:\/\/floranueva.com\/fr\/programme-cafe\/","name":"Programme Caf\u00e9 - Flora Nueva","isPartOf":{"@id":"https:\/\/purple-eland-953371.hostingersite.com\/#website"},"primaryImageOfPage":{"@id":"https:\/\/floranueva.com\/fr\/programme-cafe\/#primaryimage"},"image":{"@id":"https:\/\/floranueva.com\/fr\/programme-cafe\/#primaryimage"},"thumbnailUrl":"https:\/\/floranueva.com\/wp-content\/uploads\/2026\/03\/FR-InfografiaCAFE.png","datePublished":"2025-12-08T20:02:58+00:00","dateModified":"2026-03-24T15:33:31+00:00","breadcrumb":{"@id":"https:\/\/floranueva.com\/fr\/programme-cafe\/#breadcrumb"},"inLanguage":"fr-FR","potentialAction":[{"@type":"ReadAction","target":["https:\/\/floranueva.com\/fr\/programme-cafe\/"]}]},{"@type":"ImageObject","inLanguage":"fr-FR","@id":"https:\/\/floranueva.com\/fr\/programme-cafe\/#primaryimage","url":"https:\/\/floranueva.com\/wp-content\/uploads\/2026\/03\/FR-InfografiaCAFE.png","contentUrl":"https:\/\/floranueva.com\/wp-content\/uploads\/2026\/03\/FR-InfografiaCAFE.png"},{"@type":"BreadcrumbList","@id":"https:\/\/floranueva.com\/fr\/programme-cafe\/#breadcrumb","itemListElement":[{"@type":"ListItem","position":1,"name":"Portada","item":"https:\/\/floranueva.com\/fr\/"},{"@type":"ListItem","position":2,"name":"Programme Caf\u00e9"}]},{"@type":"WebSite","@id":"https:\/\/purple-eland-953371.hostingersite.com\/#website","url":"https:\/\/purple-eland-953371.hostingersite.com\/","name":"Flora Nueva","description":"","publisher":{"@id":"https:\/\/purple-eland-953371.hostingersite.com\/#organization"},"potentialAction":[{"@type":"SearchAction","target":{"@type":"EntryPoint","urlTemplate":"https:\/\/purple-eland-953371.hostingersite.com\/?s={search_term_string}"},"query-input":{"@type":"PropertyValueSpecification","valueRequired":true,"valueName":"search_term_string"}}],"inLanguage":"fr-FR"},{"@type":"Organization","@id":"https:\/\/purple-eland-953371.hostingersite.com\/#organization","name":"Flora Nueva","url":"https:\/\/purple-eland-953371.hostingersite.com\/","logo":{"@type":"ImageObject","inLanguage":"fr-FR","@id":"https:\/\/purple-eland-953371.hostingersite.com\/#\/schema\/logo\/image\/","url":"https:\/\/floranueva.com\/wp-content\/uploads\/2025\/11\/ISO-GRANDE.png","contentUrl":"https:\/\/floranueva.com\/wp-content\/uploads\/2025\/11\/ISO-GRANDE.png","width":434,"height":552,"caption":"Flora Nueva"},"image":{"@id":"https:\/\/purple-eland-953371.hostingersite.com\/#\/schema\/logo\/image\/"}}]}},"_hostinger_reach_plugin_has_subscription_block":false,"_hostinger_reach_plugin_is_elementor":false,"_links":{"self":[{"href":"https:\/\/floranueva.com\/fr\/wp-json\/wp\/v2\/pages\/2798","targetHints":{"allow":["GET"]}}],"collection":[{"href":"https:\/\/floranueva.com\/fr\/wp-json\/wp\/v2\/pages"}],"about":[{"href":"https:\/\/floranueva.com\/fr\/wp-json\/wp\/v2\/types\/page"}],"author":[{"embeddable":true,"href":"https:\/\/floranueva.com\/fr\/wp-json\/wp\/v2\/users\/1"}],"replies":[{"embeddable":true,"href":"https:\/\/floranueva.com\/fr\/wp-json\/wp\/v2\/comments?post=2798"}],"version-history":[{"count":34,"href":"https:\/\/floranueva.com\/fr\/wp-json\/wp\/v2\/pages\/2798\/revisions"}],"predecessor-version":[{"id":5751,"href":"https:\/\/floranueva.com\/fr\/wp-json\/wp\/v2\/pages\/2798\/revisions\/5751"}],"wp:attachment":[{"href":"https:\/\/floranueva.com\/fr\/wp-json\/wp\/v2\/media?parent=2798"}],"curies":[{"name":"wp","href":"https:\/\/api.w.org\/{rel}","templated":true}]}}