{"id":2810,"date":"2026-01-05T19:35:00","date_gmt":"2026-01-05T19:35:00","guid":{"rendered":"https:\/\/floranueva.com\/programme-extraits\/"},"modified":"2026-03-24T15:42:28","modified_gmt":"2026-03-24T15:42:28","slug":"programme-extraits","status":"publish","type":"page","link":"https:\/\/floranueva.com\/fr\/programme-extraits\/","title":{"rendered":"Programme Extraits"},"content":{"rendered":"\t\t<div data-elementor-type=\"wp-page\" data-elementor-id=\"2810\" class=\"elementor elementor-2810 elementor-2131\">\n\t\t\t\t<div class=\"elementor-element elementor-element-1c06c23 e-flex e-con-boxed e-con e-parent\" data-id=\"1c06c23\" data-element_type=\"container\">\n\t\t\t\t\t<div class=\"e-con-inner\">\n\t\t<div class=\"elementor-element elementor-element-8a08594 e-con-full e-flex e-con e-child\" data-id=\"8a08594\" data-element_type=\"container\" data-settings=\"{&quot;background_background&quot;:&quot;classic&quot;}\">\n\t\t\t\t<\/div>\n\t\t\t\t\t<\/div>\n\t\t\t\t<\/div>\n\t\t<div class=\"elementor-element elementor-element-100fd36 e-flex e-con-boxed e-con e-parent\" data-id=\"100fd36\" data-element_type=\"container\">\n\t\t\t\t\t<div class=\"e-con-inner\">\n\t\t<div class=\"elementor-element elementor-element-d1b2f6f e-con-full e-flex e-con e-child\" data-id=\"d1b2f6f\" data-element_type=\"container\" data-settings=\"{&quot;background_background&quot;:&quot;classic&quot;}\">\n\t\t\t\t<div class=\"elementor-element elementor-element-26fe67c elementor-widget elementor-widget-text-editor\" data-id=\"26fe67c\" data-element_type=\"widget\" data-widget_type=\"text-editor.default\">\n\t\t\t\t\t\t\t\t\t<p>PROGRAMME<\/p><p>EXTRAITS<\/p>\t\t\t\t\t\t\t\t<\/div>\n\t\t\t\t<\/div>\n\t\t\t\t<div class=\"elementor-element elementor-element-b34e548 elementor-widget elementor-widget-text-editor\" data-id=\"b34e548\" data-element_type=\"widget\" data-widget_type=\"text-editor.default\">\n\t\t\t\t\t\t\t\t\t<p>Ce programme est le point de rencontre entre notre biodiversit\u00e9 et la haute science. Nous sommes convaincus que l&rsquo;innovation ne doit pas \u00eatre l&rsquo;apanage des laboratoires \u00e9trangers \u2014 c&rsquo;est pourquoi nous d\u00e9veloppons des extraits v\u00e9g\u00e9taux \u00e0 haute valeur ajout\u00e9e, capables de transformer les territoires depuis leur propre richesse.<\/p><p> <\/p><p><span style=\"font-weight: 400;\"> Nous d\u00e9veloppons des extraits v\u00e9g\u00e9taux directement sur le lieu de production, en promouvant une innovation ancr\u00e9e qui maintient le savoir, la propri\u00e9t\u00e9 intellectuelle et la valeur \u00e9conomique au sein de la communaut\u00e9.<\/span><\/p><p> <\/p><p>Un principe non n\u00e9gociable : la mati\u00e8re premi\u00e8re ne quitte pas le territoire comme un simple ingr\u00e9dient s\u00e9ch\u00e9. Nous r\u00e9alisons l&rsquo;extraction in situ \u2014 parce que le savoir, la propri\u00e9t\u00e9 intellectuelle et la valeur \u00e9conomique appartiennent aux communaut\u00e9s qui les ont g\u00e9n\u00e9r\u00e9s.<\/p>\t\t\t\t\t\t\t\t<\/div>\n\t\t<div class=\"elementor-element elementor-element-eed0407 e-con-full e-flex e-con e-child\" data-id=\"eed0407\" data-element_type=\"container\" data-settings=\"{&quot;background_background&quot;:&quot;classic&quot;}\">\n\t\t\t\t<div class=\"elementor-element elementor-element-00f9111 elementor-widget elementor-widget-heading\" data-id=\"00f9111\" data-element_type=\"widget\" data-widget_type=\"heading.default\">\n\t\t\t\t\t<h2 class=\"elementor-heading-title elementor-size-default\">DIVERSIFICATION ET EXCELLENCE<\/h2>\t\t\t\t<\/div>\n\t\t\t\t<div class=\"elementor-element elementor-element-f992935 elementor-widget elementor-widget-text-editor\" data-id=\"f992935\" data-element_type=\"widget\" data-widget_type=\"text-editor.default\">\n\t\t\t\t\t\t\t\t\t<p>Le Programme Extraits permet aux communaut\u00e9s de diversifier leur \u00e9conomie bien au-del\u00e0 de l&rsquo;agriculture traditionnelle. Cette strat\u00e9gie maximise les revenus, r\u00e9duit la pression logistique, facilite le stockage des produits finis et garantit une stabilit\u00e9 commerciale durable.<\/p><p> <\/p><p>Mais les extraits sont bien plus qu&rsquo;un levier \u00e9conomique \u2014 ce sont des outils d&rsquo;innovation bioproductive. Ils permettent de transformer, concentrer et sublimer des \u00e9l\u00e9ments singuliers de la biodiversit\u00e9 pour en faire des ingr\u00e9dients \u00e0 haute valeur. La r\u00e9silience communautaire se construit ainsi par l&rsquo;innovation \u2014 en reliant savoir local, science appliqu\u00e9e et nouvelles formes de valorisation de la nature.<\/p>\t\t\t\t\t\t\t\t<\/div>\n\t\t\t\t<\/div>\n\t\t\t\t<div class=\"elementor-element elementor-element-1f82613 elementor-widget elementor-widget-heading\" data-id=\"1f82613\" data-element_type=\"widget\" data-widget_type=\"heading.default\">\n\t\t\t\t\t<h2 class=\"elementor-heading-title elementor-size-default\">UN LABORATOIRE SUR MESURE<\/h2>\t\t\t\t<\/div>\n\t\t\t\t<div class=\"elementor-element elementor-element-ca64e31 elementor-widget elementor-widget-text-editor\" data-id=\"ca64e31\" data-element_type=\"widget\" data-widget_type=\"text-editor.default\">\n\t\t\t\t\t\t\t\t\t<p>Nous sommes le partenaire R&amp;D de l&rsquo;industrie. Gr\u00e2ce \u00e0 une infrastructure technifi\u00e9e, nous d\u00e9veloppons des extraits personnalis\u00e9s \u2014 \u00e9thanoliques, aqueux ou autres \u2014 selon les besoins sp\u00e9cifiques de chaque client.<\/p>\t\t\t\t\t\t\t\t<\/div>\n\t\t\t\t<div class=\"elementor-element elementor-element-440d5ce elementor-widget elementor-widget-button\" data-id=\"440d5ce\" data-element_type=\"widget\" data-widget_type=\"button.default\">\n\t\t\t\t\t\t\t\t\t\t<a class=\"elementor-button elementor-button-link elementor-size-sm\" href=\"https:\/\/floranueva.com\/fr\/producto\/recherche-a-impact\/\">\n\t\t\t\t\t\t<span class=\"elementor-button-content-wrapper\">\n\t\t\t\t\t\t<span class=\"elementor-button-icon\">\n\t\t\t\t<svg aria-hidden=\"true\" class=\"e-font-icon-svg e-fas-arrow-right\" viewBox=\"0 0 448 512\" xmlns=\"http:\/\/www.w3.org\/2000\/svg\"><path d=\"M190.5 66.9l22.2-22.2c9.4-9.4 24.6-9.4 33.9 0L441 239c9.4 9.4 9.4 24.6 0 33.9L246.6 467.3c-9.4 9.4-24.6 9.4-33.9 0l-22.2-22.2c-9.5-9.5-9.3-25 .4-34.3L311.4 296H24c-13.3 0-24-10.7-24-24v-32c0-13.3 10.7-24 24-24h287.4L190.9 101.2c-9.8-9.3-10-24.8-.4-34.3z\"><\/path><\/svg>\t\t\t<\/span>\n\t\t\t\t\t\t\t\t\t<span class=\"elementor-button-text\">CONSULTER LES SERVICES<\/span>\n\t\t\t\t\t<\/span>\n\t\t\t\t\t<\/a>\n\t\t\t\t\t\t\t\t<\/div>\n\t\t\t\t\t<\/div>\n\t\t\t\t<\/div>\n\t\t\t\t<\/div>\n\t\t","protected":false},"excerpt":{"rendered":"<p>PROGRAMME EXTRAITS Ce programme est le point de rencontre entre notre biodiversit\u00e9 et la haute science. Nous sommes convaincus que l&rsquo;innovation ne doit pas \u00eatre l&rsquo;apanage des laboratoires \u00e9trangers \u2014 c&rsquo;est pourquoi nous d\u00e9veloppons des extraits v\u00e9g\u00e9taux \u00e0 haute valeur ajout\u00e9e, capables de transformer les territoires depuis leur propre richesse. Nous d\u00e9veloppons des extraits v\u00e9g\u00e9taux [&hellip;]<\/p>\n","protected":false},"author":1,"featured_media":0,"parent":0,"menu_order":0,"comment_status":"closed","ping_status":"closed","template":"","meta":{"site-sidebar-layout":"no-sidebar","site-content-layout":"","ast-site-content-layout":"full-width-container","site-content-style":"default","site-sidebar-style":"default","ast-global-header-display":"","ast-banner-title-visibility":"","ast-main-header-display":"","ast-hfb-above-header-display":"","ast-hfb-below-header-display":"","ast-hfb-mobile-header-display":"","site-post-title":"disabled","ast-breadcrumbs-content":"","ast-featured-img":"disabled","footer-sml-layout":"","theme-transparent-header-meta":"","adv-header-id-meta":"","stick-header-meta":"","header-above-stick-meta":"","header-main-stick-meta":"","header-below-stick-meta":"","astra-migrate-meta-layouts":"default","ast-page-background-enabled":"default","ast-page-background-meta":{"desktop":{"background-color":"var(--ast-global-color-5)","background-image":"","background-repeat":"repeat","background-position":"center center","background-size":"auto","background-attachment":"scroll","background-type":"","background-media":"","overlay-type":"","overlay-color":"","overlay-opacity":"","overlay-gradient":""},"tablet":{"background-color":"","background-image":"","background-repeat":"repeat","background-position":"center center","background-size":"auto","background-attachment":"scroll","background-type":"","background-media":"","overlay-type":"","overlay-color":"","overlay-opacity":"","overlay-gradient":""},"mobile":{"background-color":"","background-image":"","background-repeat":"repeat","background-position":"center center","background-size":"auto","background-attachment":"scroll","background-type":"","background-media":"","overlay-type":"","overlay-color":"","overlay-opacity":"","overlay-gradient":""}},"ast-content-background-meta":{"desktop":{"background-color":"var(--ast-global-color-4)","background-image":"","background-repeat":"repeat","background-position":"center center","background-size":"auto","background-attachment":"scroll","background-type":"","background-media":"","overlay-type":"","overlay-color":"","overlay-opacity":"","overlay-gradient":""},"tablet":{"background-color":"var(--ast-global-color-4)","background-image":"","background-repeat":"repeat","background-position":"center center","background-size":"auto","background-attachment":"scroll","background-type":"","background-media":"","overlay-type":"","overlay-color":"","overlay-opacity":"","overlay-gradient":""},"mobile":{"background-color":"var(--ast-global-color-4)","background-image":"","background-repeat":"repeat","background-position":"center center","background-size":"auto","background-attachment":"scroll","background-type":"","background-media":"","overlay-type":"","overlay-color":"","overlay-opacity":"","overlay-gradient":""}},"footnotes":""},"class_list":["post-2810","page","type-page","status-publish","hentry"],"yoast_head":"<!-- This site is optimized with the Yoast SEO plugin v27.3 - https:\/\/yoast.com\/product\/yoast-seo-wordpress\/ -->\n<title>Programme Extraits - Flora Nueva<\/title>\n<meta name=\"robots\" content=\"index, follow, max-snippet:-1, max-image-preview:large, max-video-preview:-1\" \/>\n<link rel=\"canonical\" href=\"https:\/\/floranueva.com\/fr\/programme-extraits\/\" \/>\n<meta property=\"og:locale\" content=\"fr_FR\" \/>\n<meta property=\"og:type\" content=\"article\" \/>\n<meta property=\"og:title\" content=\"Programme Extraits - Flora Nueva\" \/>\n<meta property=\"og:description\" content=\"PROGRAMME EXTRAITS Ce programme est le point de rencontre entre notre biodiversit\u00e9 et la haute science. Nous sommes convaincus que l&rsquo;innovation ne doit pas \u00eatre l&rsquo;apanage des laboratoires \u00e9trangers \u2014 c&rsquo;est pourquoi nous d\u00e9veloppons des extraits v\u00e9g\u00e9taux \u00e0 haute valeur ajout\u00e9e, capables de transformer les territoires depuis leur propre richesse. Nous d\u00e9veloppons des extraits v\u00e9g\u00e9taux [&hellip;]\" \/>\n<meta property=\"og:url\" content=\"https:\/\/floranueva.com\/fr\/programme-extraits\/\" \/>\n<meta property=\"og:site_name\" content=\"Flora Nueva\" \/>\n<meta property=\"article:modified_time\" content=\"2026-03-24T15:42:28+00:00\" \/>\n<meta name=\"twitter:card\" content=\"summary_large_image\" \/>\n<meta name=\"twitter:label1\" content=\"Dur\u00e9e de lecture estim\u00e9e\" \/>\n\t<meta name=\"twitter:data1\" content=\"2 minutes\" \/>\n<script type=\"application\/ld+json\" class=\"yoast-schema-graph\">{\"@context\":\"https:\\\/\\\/schema.org\",\"@graph\":[{\"@type\":\"WebPage\",\"@id\":\"https:\\\/\\\/floranueva.com\\\/fr\\\/programme-extraits\\\/\",\"url\":\"https:\\\/\\\/floranueva.com\\\/fr\\\/programme-extraits\\\/\",\"name\":\"Programme Extraits - Flora Nueva\",\"isPartOf\":{\"@id\":\"https:\\\/\\\/purple-eland-953371.hostingersite.com\\\/#website\"},\"datePublished\":\"2026-01-05T19:35:00+00:00\",\"dateModified\":\"2026-03-24T15:42:28+00:00\",\"breadcrumb\":{\"@id\":\"https:\\\/\\\/floranueva.com\\\/fr\\\/programme-extraits\\\/#breadcrumb\"},\"inLanguage\":\"fr-FR\",\"potentialAction\":[{\"@type\":\"ReadAction\",\"target\":[\"https:\\\/\\\/floranueva.com\\\/fr\\\/programme-extraits\\\/\"]}]},{\"@type\":\"BreadcrumbList\",\"@id\":\"https:\\\/\\\/floranueva.com\\\/fr\\\/programme-extraits\\\/#breadcrumb\",\"itemListElement\":[{\"@type\":\"ListItem\",\"position\":1,\"name\":\"Portada\",\"item\":\"https:\\\/\\\/floranueva.com\\\/fr\\\/\"},{\"@type\":\"ListItem\",\"position\":2,\"name\":\"Programme Extraits\"}]},{\"@type\":\"WebSite\",\"@id\":\"https:\\\/\\\/purple-eland-953371.hostingersite.com\\\/#website\",\"url\":\"https:\\\/\\\/purple-eland-953371.hostingersite.com\\\/\",\"name\":\"Flora Nueva\",\"description\":\"\",\"publisher\":{\"@id\":\"https:\\\/\\\/purple-eland-953371.hostingersite.com\\\/#organization\"},\"potentialAction\":[{\"@type\":\"SearchAction\",\"target\":{\"@type\":\"EntryPoint\",\"urlTemplate\":\"https:\\\/\\\/purple-eland-953371.hostingersite.com\\\/?s={search_term_string}\"},\"query-input\":{\"@type\":\"PropertyValueSpecification\",\"valueRequired\":true,\"valueName\":\"search_term_string\"}}],\"inLanguage\":\"fr-FR\"},{\"@type\":\"Organization\",\"@id\":\"https:\\\/\\\/purple-eland-953371.hostingersite.com\\\/#organization\",\"name\":\"Flora Nueva\",\"url\":\"https:\\\/\\\/purple-eland-953371.hostingersite.com\\\/\",\"logo\":{\"@type\":\"ImageObject\",\"inLanguage\":\"fr-FR\",\"@id\":\"https:\\\/\\\/purple-eland-953371.hostingersite.com\\\/#\\\/schema\\\/logo\\\/image\\\/\",\"url\":\"https:\\\/\\\/floranueva.com\\\/wp-content\\\/uploads\\\/2025\\\/11\\\/ISO-GRANDE.png\",\"contentUrl\":\"https:\\\/\\\/floranueva.com\\\/wp-content\\\/uploads\\\/2025\\\/11\\\/ISO-GRANDE.png\",\"width\":434,\"height\":552,\"caption\":\"Flora Nueva\"},\"image\":{\"@id\":\"https:\\\/\\\/purple-eland-953371.hostingersite.com\\\/#\\\/schema\\\/logo\\\/image\\\/\"}}]}<\/script>\n<!-- \/ Yoast SEO plugin. -->","yoast_head_json":{"title":"Programme Extraits - Flora Nueva","robots":{"index":"index","follow":"follow","max-snippet":"max-snippet:-1","max-image-preview":"max-image-preview:large","max-video-preview":"max-video-preview:-1"},"canonical":"https:\/\/floranueva.com\/fr\/programme-extraits\/","og_locale":"fr_FR","og_type":"article","og_title":"Programme Extraits - Flora Nueva","og_description":"PROGRAMME EXTRAITS Ce programme est le point de rencontre entre notre biodiversit\u00e9 et la haute science. Nous sommes convaincus que l&rsquo;innovation ne doit pas \u00eatre l&rsquo;apanage des laboratoires \u00e9trangers \u2014 c&rsquo;est pourquoi nous d\u00e9veloppons des extraits v\u00e9g\u00e9taux \u00e0 haute valeur ajout\u00e9e, capables de transformer les territoires depuis leur propre richesse. Nous d\u00e9veloppons des extraits v\u00e9g\u00e9taux [&hellip;]","og_url":"https:\/\/floranueva.com\/fr\/programme-extraits\/","og_site_name":"Flora Nueva","article_modified_time":"2026-03-24T15:42:28+00:00","twitter_card":"summary_large_image","twitter_misc":{"Dur\u00e9e de lecture estim\u00e9e":"2 minutes"},"schema":{"@context":"https:\/\/schema.org","@graph":[{"@type":"WebPage","@id":"https:\/\/floranueva.com\/fr\/programme-extraits\/","url":"https:\/\/floranueva.com\/fr\/programme-extraits\/","name":"Programme Extraits - Flora Nueva","isPartOf":{"@id":"https:\/\/purple-eland-953371.hostingersite.com\/#website"},"datePublished":"2026-01-05T19:35:00+00:00","dateModified":"2026-03-24T15:42:28+00:00","breadcrumb":{"@id":"https:\/\/floranueva.com\/fr\/programme-extraits\/#breadcrumb"},"inLanguage":"fr-FR","potentialAction":[{"@type":"ReadAction","target":["https:\/\/floranueva.com\/fr\/programme-extraits\/"]}]},{"@type":"BreadcrumbList","@id":"https:\/\/floranueva.com\/fr\/programme-extraits\/#breadcrumb","itemListElement":[{"@type":"ListItem","position":1,"name":"Portada","item":"https:\/\/floranueva.com\/fr\/"},{"@type":"ListItem","position":2,"name":"Programme Extraits"}]},{"@type":"WebSite","@id":"https:\/\/purple-eland-953371.hostingersite.com\/#website","url":"https:\/\/purple-eland-953371.hostingersite.com\/","name":"Flora Nueva","description":"","publisher":{"@id":"https:\/\/purple-eland-953371.hostingersite.com\/#organization"},"potentialAction":[{"@type":"SearchAction","target":{"@type":"EntryPoint","urlTemplate":"https:\/\/purple-eland-953371.hostingersite.com\/?s={search_term_string}"},"query-input":{"@type":"PropertyValueSpecification","valueRequired":true,"valueName":"search_term_string"}}],"inLanguage":"fr-FR"},{"@type":"Organization","@id":"https:\/\/purple-eland-953371.hostingersite.com\/#organization","name":"Flora Nueva","url":"https:\/\/purple-eland-953371.hostingersite.com\/","logo":{"@type":"ImageObject","inLanguage":"fr-FR","@id":"https:\/\/purple-eland-953371.hostingersite.com\/#\/schema\/logo\/image\/","url":"https:\/\/floranueva.com\/wp-content\/uploads\/2025\/11\/ISO-GRANDE.png","contentUrl":"https:\/\/floranueva.com\/wp-content\/uploads\/2025\/11\/ISO-GRANDE.png","width":434,"height":552,"caption":"Flora Nueva"},"image":{"@id":"https:\/\/purple-eland-953371.hostingersite.com\/#\/schema\/logo\/image\/"}}]}},"_hostinger_reach_plugin_has_subscription_block":false,"_hostinger_reach_plugin_is_elementor":false,"_links":{"self":[{"href":"https:\/\/floranueva.com\/fr\/wp-json\/wp\/v2\/pages\/2810","targetHints":{"allow":["GET"]}}],"collection":[{"href":"https:\/\/floranueva.com\/fr\/wp-json\/wp\/v2\/pages"}],"about":[{"href":"https:\/\/floranueva.com\/fr\/wp-json\/wp\/v2\/types\/page"}],"author":[{"embeddable":true,"href":"https:\/\/floranueva.com\/fr\/wp-json\/wp\/v2\/users\/1"}],"replies":[{"embeddable":true,"href":"https:\/\/floranueva.com\/fr\/wp-json\/wp\/v2\/comments?post=2810"}],"version-history":[{"count":20,"href":"https:\/\/floranueva.com\/fr\/wp-json\/wp\/v2\/pages\/2810\/revisions"}],"predecessor-version":[{"id":5761,"href":"https:\/\/floranueva.com\/fr\/wp-json\/wp\/v2\/pages\/2810\/revisions\/5761"}],"wp:attachment":[{"href":"https:\/\/floranueva.com\/fr\/wp-json\/wp\/v2\/media?parent=2810"}],"curies":[{"name":"wp","href":"https:\/\/api.w.org\/{rel}","templated":true}]}}