{"id":2828,"date":"2025-12-08T19:28:04","date_gmt":"2025-12-08T19:28:04","guid":{"rendered":"https:\/\/floranueva.com\/symbiose\/"},"modified":"2026-03-25T16:29:33","modified_gmt":"2026-03-25T16:29:33","slug":"symbiose","status":"publish","type":"page","link":"https:\/\/floranueva.com\/fr\/symbiose\/","title":{"rendered":"Symbiose"},"content":{"rendered":"\t\t<div data-elementor-type=\"wp-page\" data-elementor-id=\"2828\" class=\"elementor elementor-2828 elementor-1134\">\n\t\t\t\t<div class=\"elementor-element elementor-element-3ca12b1 elementor-hidden-mobile e-flex e-con-boxed e-con e-parent\" data-id=\"3ca12b1\" data-element_type=\"container\" data-settings=\"{&quot;background_background&quot;:&quot;classic&quot;}\">\n\t\t\t\t\t<div class=\"e-con-inner\">\n\t\t\t\t\t<\/div>\n\t\t\t\t<\/div>\n\t\t<div class=\"elementor-element elementor-element-66b94c7 elementor-hidden-desktop elementor-hidden-laptop elementor-hidden-tablet_extra elementor-hidden-tablet e-flex e-con-boxed e-con e-parent\" data-id=\"66b94c7\" data-element_type=\"container\" data-settings=\"{&quot;background_background&quot;:&quot;classic&quot;}\">\n\t\t\t\t\t<div class=\"e-con-inner\">\n\t\t\t\t\t<\/div>\n\t\t\t\t<\/div>\n\t\t<div class=\"elementor-element elementor-element-1734b97 e-flex e-con-boxed e-con e-parent\" data-id=\"1734b97\" data-element_type=\"container\">\n\t\t\t\t\t<div class=\"e-con-inner\">\n\t\t<div class=\"elementor-element elementor-element-5f16545 e-con-full e-flex e-con e-child\" data-id=\"5f16545\" data-element_type=\"container\" data-settings=\"{&quot;background_background&quot;:&quot;classic&quot;}\">\n\t\t\t\t<div class=\"elementor-element elementor-element-1eb0cca elementor-widget elementor-widget-text-editor\" data-id=\"1eb0cca\" data-element_type=\"widget\" data-widget_type=\"text-editor.default\">\n\t\t\t\t\t\t\t\t\t<p>SYMBIOC\u00c8NE<\/p>\t\t\t\t\t\t\t\t<\/div>\n\t\t\t\t<\/div>\n\t\t\t\t<div class=\"elementor-element elementor-element-a59169c elementor-widget elementor-widget-text-editor\" data-id=\"a59169c\" data-element_type=\"widget\" data-widget_type=\"text-editor.default\">\n\t\t\t\t\t\t\t\t\t<p>Le Programme Symbioc\u00e8ne ouvre la voie \u00e0 une relation renouvel\u00e9e entre l&rsquo;humanit\u00e9 et la nature, fond\u00e9e sur des alliances o\u00f9 chacun b\u00e9n\u00e9ficie de l&rsquo;autre.<\/p><p> <\/p><p>Nous en sommes convaincus : les syst\u00e8mes productifs doivent \u00e9voluer en symbiose avec le vivant. Prendre soin de la biodiversit\u00e9, c&rsquo;est r\u00e9g\u00e9n\u00e9rer les services \u00e9cosyst\u00e9miques \u2014 un geste \u00e9thique et une condition essentielle \u00e0 notre prosp\u00e9rit\u00e9 \u00e0 long terme.  <strong>Car la fa\u00e7on dont nous prot\u00e9geons la vie aujourd&rsquo;hui dessine l&rsquo;avenir de demain.<\/strong><\/p>\t\t\t\t\t\t\t\t<\/div>\n\t\t\t\t\t<\/div>\n\t\t\t\t<\/div>\n\t\t<div class=\"elementor-element elementor-element-cc05b38 e-flex e-con-boxed e-con e-parent\" data-id=\"cc05b38\" data-element_type=\"container\" data-settings=\"{&quot;background_background&quot;:&quot;classic&quot;}\">\n\t\t\t\t\t<div class=\"e-con-inner\">\n\t\t\t\t<div class=\"elementor-element elementor-element-ae436a4 elementor-widget elementor-widget-heading\" data-id=\"ae436a4\" data-element_type=\"widget\" data-widget_type=\"heading.default\">\n\t\t\t\t\t<h2 class=\"elementor-heading-title elementor-size-default\">PROGRAMMES ASSOCI\u00c9S<\/h2>\t\t\t\t<\/div>\n\t\t<div class=\"elementor-element elementor-element-b327870 e-con-full e-flex e-con e-child\" data-id=\"b327870\" data-element_type=\"container\">\n\t\t<div class=\"elementor-element elementor-element-125482d e-con-full e-flex e-con e-child\" data-id=\"125482d\" data-element_type=\"container\">\n\t\t<div class=\"elementor-element elementor-element-1e399a9 e-con-full e-flex e-con e-child\" data-id=\"1e399a9\" data-element_type=\"container\">\n\t\t\t\t<div class=\"elementor-element elementor-element-3d4ff41 elementor-widget elementor-widget-heading\" data-id=\"3d4ff41\" data-element_type=\"widget\" data-widget_type=\"heading.default\">\n\t\t\t\t\t<h2 class=\"elementor-heading-title elementor-size-default\">ABEILLES NATIVES<\/h2>\t\t\t\t<\/div>\n\t\t\t\t<div class=\"elementor-element elementor-element-3e636c4 elementor-widget elementor-widget-text-editor\" data-id=\"3e636c4\" data-element_type=\"widget\" data-widget_type=\"text-editor.default\">\n\t\t\t\t\t\t\t\t\t<p><b>C&rsquo;est la premi\u00e8re manifestation vivante du Symbioc\u00e8ne. <\/b><\/p><p> <\/p><p>Nous prot\u00e9geons les abeilles natives \u00e0 travers une m\u00e9liponiculture naturaliste o\u00f9 les familles prot\u00e8gent les abeilles et r\u00e9coltent strictement l&rsquo;exc\u00e9dent de miel, en priorisant toujours la sant\u00e9 de la ruche au-dessus de la production. Gr\u00e2ce \u00e0 une tra\u00e7abilit\u00e9 technologique absolue sur des milliers de ruches, nous sommes la voix et la d\u00e9fense de ces pollinisateurs \u2014 prouvant que conserver, c&rsquo;est aussi cr\u00e9er de la valeur et construire l&rsquo;avenir. <\/p><p> <\/p><p>De cette relation vertueuse nait un miel exceptionnel.<\/p><p>Naturellement rare. Biologiquement puissant. <\/p><p>L&rsquo;un des miels les plus actifs et complexes de la plan\u00e8te, fruit d&rsquo;\u00e9cosyst\u00e8mes intacts et d&rsquo;une gestion profond\u00e9ment respectueuse.<\/p><p>Un tr\u00e9sor vivant du territoire pour le monde.<\/p>\t\t\t\t\t\t\t\t<\/div>\n\t\t\t\t<div class=\"elementor-element elementor-element-9cd1d41 elementor-widget elementor-widget-image\" data-id=\"9cd1d41\" data-element_type=\"widget\" data-widget_type=\"image.default\">\n\t\t\t\t\t\t\t\t\t\t\t\t\t\t\t<img fetchpriority=\"high\" decoding=\"async\" width=\"344\" height=\"279\" src=\"https:\/\/floranueva.com\/wp-content\/uploads\/2025\/12\/Frame-17.png\" class=\"attachment-full size-full wp-image-2826\" alt=\"sello abejas nativas cadena Simbiosis de Flora Nueva\" srcset=\"https:\/\/floranueva.com\/wp-content\/uploads\/2025\/12\/Frame-17.png 344w, https:\/\/floranueva.com\/wp-content\/uploads\/2025\/12\/Frame-17-300x243.png 300w\" sizes=\"(max-width: 344px) 100vw, 344px\" \/>\t\t\t\t\t\t\t\t\t\t\t\t\t\t\t<\/div>\n\t\t\t\t<\/div>\n\t\t<div class=\"elementor-element elementor-element-1abc809 e-con-full e-flex e-con e-child\" data-id=\"1abc809\" data-element_type=\"container\">\n\t\t\t\t<div class=\"elementor-element elementor-element-98f13d3 elementor-widget elementor-widget-button\" data-id=\"98f13d3\" data-element_type=\"widget\" data-widget_type=\"button.default\">\n\t\t\t\t\t\t\t\t\t\t<a class=\"elementor-button elementor-button-link elementor-size-sm\" href=\"https:\/\/floranueva.com\/fr\/programme-abeilles-natives\/\">\n\t\t\t\t\t\t<span class=\"elementor-button-content-wrapper\">\n\t\t\t\t\t\t<span class=\"elementor-button-icon\">\n\t\t\t\t<svg aria-hidden=\"true\" class=\"e-font-icon-svg e-fas-arrow-right\" viewBox=\"0 0 448 512\" xmlns=\"http:\/\/www.w3.org\/2000\/svg\"><path d=\"M190.5 66.9l22.2-22.2c9.4-9.4 24.6-9.4 33.9 0L441 239c9.4 9.4 9.4 24.6 0 33.9L246.6 467.3c-9.4 9.4-24.6 9.4-33.9 0l-22.2-22.2c-9.5-9.5-9.3-25 .4-34.3L311.4 296H24c-13.3 0-24-10.7-24-24v-32c0-13.3 10.7-24 24-24h287.4L190.9 101.2c-9.8-9.3-10-24.8-.4-34.3z\"><\/path><\/svg>\t\t\t<\/span>\n\t\t\t\t\t\t\t\t\t<span class=\"elementor-button-text\">D\u00c9COUVREZ LE PROGRAMME<\/span>\n\t\t\t\t\t<\/span>\n\t\t\t\t\t<\/a>\n\t\t\t\t\t\t\t\t<\/div>\n\t\t\t\t<\/div>\n\t\t\t\t<\/div>\n\t\t<div class=\"elementor-element elementor-element-2371490 e-con-full e-flex e-con e-child\" data-id=\"2371490\" data-element_type=\"container\">\n\t\t\t\t<div class=\"elementor-element elementor-element-b573d21 elementor-widget elementor-widget-image\" data-id=\"b573d21\" data-element_type=\"widget\" data-widget_type=\"image.default\">\n\t\t\t\t\t\t\t\t\t\t\t\t\t\t\t<img decoding=\"async\" width=\"714\" height=\"661\" src=\"https:\/\/floranueva.com\/wp-content\/uploads\/2025\/12\/Frame-1306-1.jpg\" class=\"attachment-full size-full wp-image-2827\" alt=\"panal de miel de Melipona de Flora Nueva\" srcset=\"https:\/\/floranueva.com\/wp-content\/uploads\/2025\/12\/Frame-1306-1.jpg 714w, https:\/\/floranueva.com\/wp-content\/uploads\/2025\/12\/Frame-1306-1-600x555.jpg 600w, https:\/\/floranueva.com\/wp-content\/uploads\/2025\/12\/Frame-1306-1-300x278.jpg 300w\" sizes=\"(max-width: 714px) 100vw, 714px\" \/>\t\t\t\t\t\t\t\t\t\t\t\t\t\t\t<\/div>\n\t\t\t\t<\/div>\n\t\t\t\t<\/div>\n\t\t\t\t\t<\/div>\n\t\t\t\t<\/div>\n\t\t\t\t<\/div>\n\t\t","protected":false},"excerpt":{"rendered":"<p>SYMBIOC\u00c8NE Le Programme Symbioc\u00e8ne ouvre la voie \u00e0 une relation renouvel\u00e9e entre l&rsquo;humanit\u00e9 et la nature, fond\u00e9e sur des alliances o\u00f9 chacun b\u00e9n\u00e9ficie de l&rsquo;autre. Nous en sommes convaincus : les syst\u00e8mes productifs doivent \u00e9voluer en symbiose avec le vivant. Prendre soin de la biodiversit\u00e9, c&rsquo;est r\u00e9g\u00e9n\u00e9rer les services \u00e9cosyst\u00e9miques \u2014 un geste \u00e9thique et [&hellip;]<\/p>\n","protected":false},"author":1,"featured_media":0,"parent":0,"menu_order":0,"comment_status":"closed","ping_status":"closed","template":"","meta":{"site-sidebar-layout":"no-sidebar","site-content-layout":"","ast-site-content-layout":"full-width-container","site-content-style":"default","site-sidebar-style":"default","ast-global-header-display":"","ast-banner-title-visibility":"","ast-main-header-display":"","ast-hfb-above-header-display":"","ast-hfb-below-header-display":"","ast-hfb-mobile-header-display":"","site-post-title":"disabled","ast-breadcrumbs-content":"","ast-featured-img":"disabled","footer-sml-layout":"","theme-transparent-header-meta":"","adv-header-id-meta":"","stick-header-meta":"","header-above-stick-meta":"","header-main-stick-meta":"","header-below-stick-meta":"","astra-migrate-meta-layouts":"default","ast-page-background-enabled":"default","ast-page-background-meta":{"desktop":{"background-color":"var(--ast-global-color-5)","background-image":"","background-repeat":"repeat","background-position":"center center","background-size":"auto","background-attachment":"scroll","background-type":"","background-media":"","overlay-type":"","overlay-color":"","overlay-opacity":"","overlay-gradient":""},"tablet":{"background-color":"","background-image":"","background-repeat":"repeat","background-position":"center center","background-size":"auto","background-attachment":"scroll","background-type":"","background-media":"","overlay-type":"","overlay-color":"","overlay-opacity":"","overlay-gradient":""},"mobile":{"background-color":"","background-image":"","background-repeat":"repeat","background-position":"center center","background-size":"auto","background-attachment":"scroll","background-type":"","background-media":"","overlay-type":"","overlay-color":"","overlay-opacity":"","overlay-gradient":""}},"ast-content-background-meta":{"desktop":{"background-color":"var(--ast-global-color-4)","background-image":"","background-repeat":"repeat","background-position":"center center","background-size":"auto","background-attachment":"scroll","background-type":"","background-media":"","overlay-type":"","overlay-color":"","overlay-opacity":"","overlay-gradient":""},"tablet":{"background-color":"var(--ast-global-color-4)","background-image":"","background-repeat":"repeat","background-position":"center center","background-size":"auto","background-attachment":"scroll","background-type":"","background-media":"","overlay-type":"","overlay-color":"","overlay-opacity":"","overlay-gradient":""},"mobile":{"background-color":"var(--ast-global-color-4)","background-image":"","background-repeat":"repeat","background-position":"center center","background-size":"auto","background-attachment":"scroll","background-type":"","background-media":"","overlay-type":"","overlay-color":"","overlay-opacity":"","overlay-gradient":""}},"footnotes":""},"class_list":["post-2828","page","type-page","status-publish","hentry"],"yoast_head":"<!-- This site is optimized with the Yoast SEO plugin v27.3 - https:\/\/yoast.com\/product\/yoast-seo-wordpress\/ -->\n<title>Symbiose - Flora Nueva<\/title>\n<meta name=\"robots\" content=\"index, follow, max-snippet:-1, max-image-preview:large, max-video-preview:-1\" \/>\n<link rel=\"canonical\" href=\"https:\/\/floranueva.com\/fr\/symbiose\/\" \/>\n<meta property=\"og:locale\" content=\"fr_FR\" \/>\n<meta property=\"og:type\" content=\"article\" \/>\n<meta property=\"og:title\" content=\"Symbiose - Flora Nueva\" \/>\n<meta property=\"og:description\" content=\"SYMBIOC\u00c8NE Le Programme Symbioc\u00e8ne ouvre la voie \u00e0 une relation renouvel\u00e9e entre l&rsquo;humanit\u00e9 et la nature, fond\u00e9e sur des alliances o\u00f9 chacun b\u00e9n\u00e9ficie de l&rsquo;autre. Nous en sommes convaincus : les syst\u00e8mes productifs doivent \u00e9voluer en symbiose avec le vivant. Prendre soin de la biodiversit\u00e9, c&rsquo;est r\u00e9g\u00e9n\u00e9rer les services \u00e9cosyst\u00e9miques \u2014 un geste \u00e9thique et [&hellip;]\" \/>\n<meta property=\"og:url\" content=\"https:\/\/floranueva.com\/fr\/symbiose\/\" \/>\n<meta property=\"og:site_name\" content=\"Flora Nueva\" \/>\n<meta property=\"article:modified_time\" content=\"2026-03-25T16:29:33+00:00\" \/>\n<meta property=\"og:image\" content=\"https:\/\/floranueva.com\/wp-content\/uploads\/2025\/12\/Frame-17.png\" \/>\n\t<meta property=\"og:image:width\" content=\"344\" \/>\n\t<meta property=\"og:image:height\" content=\"279\" \/>\n\t<meta property=\"og:image:type\" content=\"image\/png\" \/>\n<meta name=\"twitter:card\" content=\"summary_large_image\" \/>\n<meta name=\"twitter:label1\" content=\"Dur\u00e9e de lecture estim\u00e9e\" \/>\n\t<meta name=\"twitter:data1\" content=\"1 minute\" \/>\n<script type=\"application\/ld+json\" class=\"yoast-schema-graph\">{\"@context\":\"https:\\\/\\\/schema.org\",\"@graph\":[{\"@type\":\"WebPage\",\"@id\":\"https:\\\/\\\/floranueva.com\\\/fr\\\/symbiose\\\/\",\"url\":\"https:\\\/\\\/floranueva.com\\\/fr\\\/symbiose\\\/\",\"name\":\"Symbiose - Flora Nueva\",\"isPartOf\":{\"@id\":\"https:\\\/\\\/purple-eland-953371.hostingersite.com\\\/#website\"},\"primaryImageOfPage\":{\"@id\":\"https:\\\/\\\/floranueva.com\\\/fr\\\/symbiose\\\/#primaryimage\"},\"image\":{\"@id\":\"https:\\\/\\\/floranueva.com\\\/fr\\\/symbiose\\\/#primaryimage\"},\"thumbnailUrl\":\"https:\\\/\\\/floranueva.com\\\/wp-content\\\/uploads\\\/2025\\\/12\\\/Frame-17.png\",\"datePublished\":\"2025-12-08T19:28:04+00:00\",\"dateModified\":\"2026-03-25T16:29:33+00:00\",\"breadcrumb\":{\"@id\":\"https:\\\/\\\/floranueva.com\\\/fr\\\/symbiose\\\/#breadcrumb\"},\"inLanguage\":\"fr-FR\",\"potentialAction\":[{\"@type\":\"ReadAction\",\"target\":[\"https:\\\/\\\/floranueva.com\\\/fr\\\/symbiose\\\/\"]}]},{\"@type\":\"ImageObject\",\"inLanguage\":\"fr-FR\",\"@id\":\"https:\\\/\\\/floranueva.com\\\/fr\\\/symbiose\\\/#primaryimage\",\"url\":\"https:\\\/\\\/floranueva.com\\\/wp-content\\\/uploads\\\/2025\\\/12\\\/Frame-17.png\",\"contentUrl\":\"https:\\\/\\\/floranueva.com\\\/wp-content\\\/uploads\\\/2025\\\/12\\\/Frame-17.png\"},{\"@type\":\"BreadcrumbList\",\"@id\":\"https:\\\/\\\/floranueva.com\\\/fr\\\/symbiose\\\/#breadcrumb\",\"itemListElement\":[{\"@type\":\"ListItem\",\"position\":1,\"name\":\"Portada\",\"item\":\"https:\\\/\\\/floranueva.com\\\/fr\\\/\"},{\"@type\":\"ListItem\",\"position\":2,\"name\":\"Symbiose\"}]},{\"@type\":\"WebSite\",\"@id\":\"https:\\\/\\\/purple-eland-953371.hostingersite.com\\\/#website\",\"url\":\"https:\\\/\\\/purple-eland-953371.hostingersite.com\\\/\",\"name\":\"Flora Nueva\",\"description\":\"\",\"publisher\":{\"@id\":\"https:\\\/\\\/purple-eland-953371.hostingersite.com\\\/#organization\"},\"potentialAction\":[{\"@type\":\"SearchAction\",\"target\":{\"@type\":\"EntryPoint\",\"urlTemplate\":\"https:\\\/\\\/purple-eland-953371.hostingersite.com\\\/?s={search_term_string}\"},\"query-input\":{\"@type\":\"PropertyValueSpecification\",\"valueRequired\":true,\"valueName\":\"search_term_string\"}}],\"inLanguage\":\"fr-FR\"},{\"@type\":\"Organization\",\"@id\":\"https:\\\/\\\/purple-eland-953371.hostingersite.com\\\/#organization\",\"name\":\"Flora Nueva\",\"url\":\"https:\\\/\\\/purple-eland-953371.hostingersite.com\\\/\",\"logo\":{\"@type\":\"ImageObject\",\"inLanguage\":\"fr-FR\",\"@id\":\"https:\\\/\\\/purple-eland-953371.hostingersite.com\\\/#\\\/schema\\\/logo\\\/image\\\/\",\"url\":\"https:\\\/\\\/floranueva.com\\\/wp-content\\\/uploads\\\/2025\\\/11\\\/ISO-GRANDE.png\",\"contentUrl\":\"https:\\\/\\\/floranueva.com\\\/wp-content\\\/uploads\\\/2025\\\/11\\\/ISO-GRANDE.png\",\"width\":434,\"height\":552,\"caption\":\"Flora Nueva\"},\"image\":{\"@id\":\"https:\\\/\\\/purple-eland-953371.hostingersite.com\\\/#\\\/schema\\\/logo\\\/image\\\/\"}}]}<\/script>\n<!-- \/ Yoast SEO plugin. -->","yoast_head_json":{"title":"Symbiose - Flora Nueva","robots":{"index":"index","follow":"follow","max-snippet":"max-snippet:-1","max-image-preview":"max-image-preview:large","max-video-preview":"max-video-preview:-1"},"canonical":"https:\/\/floranueva.com\/fr\/symbiose\/","og_locale":"fr_FR","og_type":"article","og_title":"Symbiose - Flora Nueva","og_description":"SYMBIOC\u00c8NE Le Programme Symbioc\u00e8ne ouvre la voie \u00e0 une relation renouvel\u00e9e entre l&rsquo;humanit\u00e9 et la nature, fond\u00e9e sur des alliances o\u00f9 chacun b\u00e9n\u00e9ficie de l&rsquo;autre. Nous en sommes convaincus : les syst\u00e8mes productifs doivent \u00e9voluer en symbiose avec le vivant. Prendre soin de la biodiversit\u00e9, c&rsquo;est r\u00e9g\u00e9n\u00e9rer les services \u00e9cosyst\u00e9miques \u2014 un geste \u00e9thique et [&hellip;]","og_url":"https:\/\/floranueva.com\/fr\/symbiose\/","og_site_name":"Flora Nueva","article_modified_time":"2026-03-25T16:29:33+00:00","og_image":[{"width":344,"height":279,"url":"https:\/\/floranueva.com\/wp-content\/uploads\/2025\/12\/Frame-17.png","type":"image\/png"}],"twitter_card":"summary_large_image","twitter_misc":{"Dur\u00e9e de lecture estim\u00e9e":"1 minute"},"schema":{"@context":"https:\/\/schema.org","@graph":[{"@type":"WebPage","@id":"https:\/\/floranueva.com\/fr\/symbiose\/","url":"https:\/\/floranueva.com\/fr\/symbiose\/","name":"Symbiose - Flora Nueva","isPartOf":{"@id":"https:\/\/purple-eland-953371.hostingersite.com\/#website"},"primaryImageOfPage":{"@id":"https:\/\/floranueva.com\/fr\/symbiose\/#primaryimage"},"image":{"@id":"https:\/\/floranueva.com\/fr\/symbiose\/#primaryimage"},"thumbnailUrl":"https:\/\/floranueva.com\/wp-content\/uploads\/2025\/12\/Frame-17.png","datePublished":"2025-12-08T19:28:04+00:00","dateModified":"2026-03-25T16:29:33+00:00","breadcrumb":{"@id":"https:\/\/floranueva.com\/fr\/symbiose\/#breadcrumb"},"inLanguage":"fr-FR","potentialAction":[{"@type":"ReadAction","target":["https:\/\/floranueva.com\/fr\/symbiose\/"]}]},{"@type":"ImageObject","inLanguage":"fr-FR","@id":"https:\/\/floranueva.com\/fr\/symbiose\/#primaryimage","url":"https:\/\/floranueva.com\/wp-content\/uploads\/2025\/12\/Frame-17.png","contentUrl":"https:\/\/floranueva.com\/wp-content\/uploads\/2025\/12\/Frame-17.png"},{"@type":"BreadcrumbList","@id":"https:\/\/floranueva.com\/fr\/symbiose\/#breadcrumb","itemListElement":[{"@type":"ListItem","position":1,"name":"Portada","item":"https:\/\/floranueva.com\/fr\/"},{"@type":"ListItem","position":2,"name":"Symbiose"}]},{"@type":"WebSite","@id":"https:\/\/purple-eland-953371.hostingersite.com\/#website","url":"https:\/\/purple-eland-953371.hostingersite.com\/","name":"Flora Nueva","description":"","publisher":{"@id":"https:\/\/purple-eland-953371.hostingersite.com\/#organization"},"potentialAction":[{"@type":"SearchAction","target":{"@type":"EntryPoint","urlTemplate":"https:\/\/purple-eland-953371.hostingersite.com\/?s={search_term_string}"},"query-input":{"@type":"PropertyValueSpecification","valueRequired":true,"valueName":"search_term_string"}}],"inLanguage":"fr-FR"},{"@type":"Organization","@id":"https:\/\/purple-eland-953371.hostingersite.com\/#organization","name":"Flora Nueva","url":"https:\/\/purple-eland-953371.hostingersite.com\/","logo":{"@type":"ImageObject","inLanguage":"fr-FR","@id":"https:\/\/purple-eland-953371.hostingersite.com\/#\/schema\/logo\/image\/","url":"https:\/\/floranueva.com\/wp-content\/uploads\/2025\/11\/ISO-GRANDE.png","contentUrl":"https:\/\/floranueva.com\/wp-content\/uploads\/2025\/11\/ISO-GRANDE.png","width":434,"height":552,"caption":"Flora Nueva"},"image":{"@id":"https:\/\/purple-eland-953371.hostingersite.com\/#\/schema\/logo\/image\/"}}]}},"_hostinger_reach_plugin_has_subscription_block":false,"_hostinger_reach_plugin_is_elementor":false,"_links":{"self":[{"href":"https:\/\/floranueva.com\/fr\/wp-json\/wp\/v2\/pages\/2828","targetHints":{"allow":["GET"]}}],"collection":[{"href":"https:\/\/floranueva.com\/fr\/wp-json\/wp\/v2\/pages"}],"about":[{"href":"https:\/\/floranueva.com\/fr\/wp-json\/wp\/v2\/types\/page"}],"author":[{"embeddable":true,"href":"https:\/\/floranueva.com\/fr\/wp-json\/wp\/v2\/users\/1"}],"replies":[{"embeddable":true,"href":"https:\/\/floranueva.com\/fr\/wp-json\/wp\/v2\/comments?post=2828"}],"version-history":[{"count":29,"href":"https:\/\/floranueva.com\/fr\/wp-json\/wp\/v2\/pages\/2828\/revisions"}],"predecessor-version":[{"id":5811,"href":"https:\/\/floranueva.com\/fr\/wp-json\/wp\/v2\/pages\/2828\/revisions\/5811"}],"wp:attachment":[{"href":"https:\/\/floranueva.com\/fr\/wp-json\/wp\/v2\/media?parent=2828"}],"curies":[{"name":"wp","href":"https:\/\/api.w.org\/{rel}","templated":true}]}}