{"id":3010,"date":"2025-12-09T17:12:13","date_gmt":"2025-12-09T17:12:13","guid":{"rendered":"https:\/\/floranueva.com\/producto\/huile-essentielle-dorigan\/"},"modified":"2026-03-20T22:02:28","modified_gmt":"2026-03-20T22:02:28","slug":"huile-essentielle-dorigan","status":"publish","type":"product","link":"https:\/\/floranueva.com\/fr\/producto\/huile-essentielle-dorigan\/","title":{"rendered":"Huile Essentielle d\u2019Origan"},"content":{"rendered":"<p class=\"font-claude-response-body break-words whitespace-normal leading-[1.7]\">Notre Huile Essentielle d&rsquo;Origan est un concentr\u00e9 de puret\u00e9 extrait au c\u0153ur des Cara\u00efbes costariciens, dans l&rsquo;Oasis Agro\u00e9cologique de CoopeCuna. Sa puissance est in\u00e9galable : une seule goutte renferme toute la force aromatique et fonctionnelle de la plante enti\u00e8re \u2014 tra\u00e7able de la terre \u00e0 votre table.<\/p>\n<p class=\"font-claude-response-body break-words whitespace-normal leading-[1.7]\">Contrairement \u00e0 l&rsquo;origan s\u00e9ch\u00e9, cet extrait biologique pr\u00e9serve des niveaux sup\u00e9rieurs de carvacrol et de thymol \u2014 deux compos\u00e9s actifs reconnus pour leurs propri\u00e9t\u00e9s antioxydantes puissantes. Un v\u00e9ritable <strong>\u00ab super-ingr\u00e9dient \u00bb :<\/strong> quelques gouttes suffisent pour transformer vos plats avec une intensit\u00e9 gourmande, renforcer vos d\u00e9fenses naturelles et purifier votre organisme.<\/p>\n<p class=\"font-claude-response-body break-words whitespace-normal leading-[1.7]\">En le choisissant, vous invitez dans votre cuisine et votre quotidien l&rsquo;excellence d&rsquo;un cultivo en parfaite harmonie avec la nature.<\/p>\n<ul>\n<li class=\"whitespace-normal break-words pl-2\"><strong>Caract\u00e9ristique<\/strong> \u2014 Haute concentration en carvacrol et thymol.<\/li>\n<li class=\"whitespace-normal break-words pl-2\"><strong>Bienfaits<\/strong> \u2014 Puissant antioxydant et soutien immunitaire naturel.<\/li>\n<li class=\"whitespace-normal break-words pl-2\"><strong>Usage<\/strong> \u2014 Saveur culinaire intense \u2014 1 goutte suffit \/ Compl\u00e9ment bien-\u00eatre quotidien.<\/li>\n<\/ul>\n","protected":false},"excerpt":{"rendered":"<p class=\"font-claude-response-body break-words whitespace-normal leading-[1.7]\">Puret\u00e9 concentr\u00e9e des Cara\u00efbes.<\/p>\n<p class=\"font-claude-response-body break-words whitespace-normal leading-[1.7]\">Reconnue pour sa haute teneur en carvacrol et en thymol, cette huile essentielle biologique est un alli\u00e9 incontournable qui unit puissance culinaire et sant\u00e9. Une seule goutte suffit pour transformer vos recettes \u2014 et renforcer vos d\u00e9fenses naturelles<\/p>\n<ul>\n<li class=\"whitespace-normal break-words pl-2\"><strong>Certification<\/strong> \u2014 Biologique et d&rsquo;origine coop\u00e9rative.<\/li>\n<li class=\"whitespace-normal break-words pl-2\"><strong>Propri\u00e9t\u00e9s<\/strong> \u2014 Antioxydante et purifiante naturelle.<\/li>\n<li class=\"whitespace-normal break-words pl-2\"><strong>Profil<\/strong> \u2014 Puissant, herbac\u00e9 et \u00e9pic\u00e9.<\/li>\n<\/ul>\n<p><a href=\"https:\/\/floranueva.com\/fr\/contact\/\"><button class=\"product-button-contact\">Je veux ce produit<\/button><\/a><\/p>\n","protected":false},"featured_media":2991,"template":"","meta":{"site-sidebar-layout":"default","site-content-layout":"","ast-site-content-layout":"default","site-content-style":"default","site-sidebar-style":"default","ast-global-header-display":"","ast-banner-title-visibility":"","ast-main-header-display":"","ast-hfb-above-header-display":"","ast-hfb-below-header-display":"","ast-hfb-mobile-header-display":"","site-post-title":"","ast-breadcrumbs-content":"","ast-featured-img":"","footer-sml-layout":"","theme-transparent-header-meta":"default","adv-header-id-meta":"","stick-header-meta":"","header-above-stick-meta":"","header-main-stick-meta":"","header-below-stick-meta":"","astra-migrate-meta-layouts":"set","ast-page-background-enabled":"default","ast-page-background-meta":{"desktop":{"background-color":"var(--ast-global-color-5)","background-image":"","background-repeat":"repeat","background-position":"center center","background-size":"auto","background-attachment":"scroll","background-type":"","background-media":"","overlay-type":"","overlay-color":"","overlay-opacity":"","overlay-gradient":""},"tablet":{"background-color":"","background-image":"","background-repeat":"repeat","background-position":"center center","background-size":"auto","background-attachment":"scroll","background-type":"","background-media":"","overlay-type":"","overlay-color":"","overlay-opacity":"","overlay-gradient":""},"mobile":{"background-color":"","background-image":"","background-repeat":"repeat","background-position":"center center","background-size":"auto","background-attachment":"scroll","background-type":"","background-media":"","overlay-type":"","overlay-color":"","overlay-opacity":"","overlay-gradient":""}},"ast-content-background-meta":{"desktop":{"background-color":"var(--ast-global-color-4)","background-image":"","background-repeat":"repeat","background-position":"center center","background-size":"auto","background-attachment":"scroll","background-type":"","background-media":"","overlay-type":"","overlay-color":"","overlay-opacity":"","overlay-gradient":""},"tablet":{"background-color":"var(--ast-global-color-4)","background-image":"","background-repeat":"repeat","background-position":"center center","background-size":"auto","background-attachment":"scroll","background-type":"","background-media":"","overlay-type":"","overlay-color":"","overlay-opacity":"","overlay-gradient":""},"mobile":{"background-color":"var(--ast-global-color-4)","background-image":"","background-repeat":"repeat","background-position":"center center","background-size":"auto","background-attachment":"scroll","background-type":"","background-media":"","overlay-type":"","overlay-color":"","overlay-opacity":"","overlay-gradient":""}}},"product_brand":[],"product_cat":[62],"product_tag":[65,63,64],"class_list":{"0":"post-3010","1":"product","2":"type-product","3":"status-publish","4":"has-post-thumbnail","6":"product_cat-produits","7":"product_tag-chia","8":"product_tag-floranueva","9":"product_tag-oleo-chia","10":"desktop-align-left","11":"tablet-align-left","12":"mobile-align-left","14":"first","15":"instock","16":"shipping-taxable","17":"product-type-simple"},"yoast_head":"<!-- This site is optimized with the Yoast SEO plugin v27.3 - https:\/\/yoast.com\/product\/yoast-seo-wordpress\/ -->\n<title>Huile Essentielle d\u2019Origan - Flora Nueva<\/title>\n<meta name=\"description\" content=\"Renforcez vos d\u00e9fenses avec l\u2019Huile Essentielle d\u2019Origan Biologique. Riche en carvacrol et thymol pour le soutien immunitaire et respiratoire. Puret\u00e9 100 % naturelle.\" \/>\n<meta name=\"robots\" content=\"index, follow, max-snippet:-1, max-image-preview:large, max-video-preview:-1\" \/>\n<link rel=\"canonical\" href=\"https:\/\/floranueva.com\/fr\/producto\/huile-essentielle-dorigan\/\" \/>\n<meta property=\"og:locale\" content=\"fr_FR\" \/>\n<meta property=\"og:type\" content=\"article\" \/>\n<meta property=\"og:title\" content=\"Huile Essentielle d\u2019Origan - Flora Nueva\" \/>\n<meta property=\"og:description\" content=\"Renforcez vos d\u00e9fenses avec l\u2019Huile Essentielle d\u2019Origan Biologique. Riche en carvacrol et thymol pour le soutien immunitaire et respiratoire. Puret\u00e9 100 % naturelle.\" \/>\n<meta property=\"og:url\" content=\"https:\/\/floranueva.com\/fr\/producto\/huile-essentielle-dorigan\/\" \/>\n<meta property=\"og:site_name\" content=\"Flora Nueva\" \/>\n<meta property=\"article:modified_time\" content=\"2026-03-20T22:02:28+00:00\" \/>\n<meta property=\"og:image\" content=\"https:\/\/floranueva.com\/wp-content\/uploads\/2025\/12\/Aceites-Esenciales-producto.jpg\" \/>\n\t<meta property=\"og:image:width\" content=\"864\" \/>\n\t<meta property=\"og:image:height\" content=\"864\" \/>\n\t<meta property=\"og:image:type\" content=\"image\/jpeg\" \/>\n<meta name=\"twitter:card\" content=\"summary_large_image\" \/>\n<meta name=\"twitter:label1\" content=\"Dur\u00e9e de lecture estim\u00e9e\" \/>\n\t<meta name=\"twitter:data1\" content=\"1 minute\" \/>\n<script type=\"application\/ld+json\" class=\"yoast-schema-graph\">{\"@context\":\"https:\\\/\\\/schema.org\",\"@graph\":[{\"@type\":\"WebPage\",\"@id\":\"https:\\\/\\\/floranueva.com\\\/fr\\\/producto\\\/huile-essentielle-dorigan\\\/\",\"url\":\"https:\\\/\\\/floranueva.com\\\/fr\\\/producto\\\/huile-essentielle-dorigan\\\/\",\"name\":\"Huile Essentielle d\u2019Origan - Flora Nueva\",\"isPartOf\":{\"@id\":\"https:\\\/\\\/purple-eland-953371.hostingersite.com\\\/#website\"},\"primaryImageOfPage\":{\"@id\":\"https:\\\/\\\/floranueva.com\\\/fr\\\/producto\\\/huile-essentielle-dorigan\\\/#primaryimage\"},\"image\":{\"@id\":\"https:\\\/\\\/floranueva.com\\\/fr\\\/producto\\\/huile-essentielle-dorigan\\\/#primaryimage\"},\"thumbnailUrl\":\"https:\\\/\\\/floranueva.com\\\/wp-content\\\/uploads\\\/2025\\\/12\\\/Aceites-Esenciales-producto.jpg\",\"datePublished\":\"2025-12-09T17:12:13+00:00\",\"dateModified\":\"2026-03-20T22:02:28+00:00\",\"description\":\"Renforcez vos d\u00e9fenses avec l\u2019Huile Essentielle d\u2019Origan Biologique. Riche en carvacrol et thymol pour le soutien immunitaire et respiratoire. Puret\u00e9 100 % naturelle.\",\"breadcrumb\":{\"@id\":\"https:\\\/\\\/floranueva.com\\\/fr\\\/producto\\\/huile-essentielle-dorigan\\\/#breadcrumb\"},\"inLanguage\":\"fr-FR\",\"potentialAction\":[{\"@type\":\"ReadAction\",\"target\":[\"https:\\\/\\\/floranueva.com\\\/fr\\\/producto\\\/huile-essentielle-dorigan\\\/\"]}]},{\"@type\":\"ImageObject\",\"inLanguage\":\"fr-FR\",\"@id\":\"https:\\\/\\\/floranueva.com\\\/fr\\\/producto\\\/huile-essentielle-dorigan\\\/#primaryimage\",\"url\":\"https:\\\/\\\/floranueva.com\\\/wp-content\\\/uploads\\\/2025\\\/12\\\/Aceites-Esenciales-producto.jpg\",\"contentUrl\":\"https:\\\/\\\/floranueva.com\\\/wp-content\\\/uploads\\\/2025\\\/12\\\/Aceites-Esenciales-producto.jpg\",\"width\":864,\"height\":864,\"caption\":\"huile essentiel Flora Nueva\"},{\"@type\":\"BreadcrumbList\",\"@id\":\"https:\\\/\\\/floranueva.com\\\/fr\\\/producto\\\/huile-essentielle-dorigan\\\/#breadcrumb\",\"itemListElement\":[{\"@type\":\"ListItem\",\"position\":1,\"name\":\"Portada\",\"item\":\"https:\\\/\\\/floranueva.com\\\/fr\\\/\"},{\"@type\":\"ListItem\",\"position\":2,\"name\":\"Boutique\",\"item\":\"https:\\\/\\\/floranueva.com\\\/fr\\\/boutique\\\/\"},{\"@type\":\"ListItem\",\"position\":3,\"name\":\"Huile Essentielle d\u2019Origan\"}]},{\"@type\":\"WebSite\",\"@id\":\"https:\\\/\\\/purple-eland-953371.hostingersite.com\\\/#website\",\"url\":\"https:\\\/\\\/purple-eland-953371.hostingersite.com\\\/\",\"name\":\"Flora Nueva\",\"description\":\"\",\"publisher\":{\"@id\":\"https:\\\/\\\/purple-eland-953371.hostingersite.com\\\/#organization\"},\"potentialAction\":[{\"@type\":\"SearchAction\",\"target\":{\"@type\":\"EntryPoint\",\"urlTemplate\":\"https:\\\/\\\/purple-eland-953371.hostingersite.com\\\/?s={search_term_string}\"},\"query-input\":{\"@type\":\"PropertyValueSpecification\",\"valueRequired\":true,\"valueName\":\"search_term_string\"}}],\"inLanguage\":\"fr-FR\"},{\"@type\":\"Organization\",\"@id\":\"https:\\\/\\\/purple-eland-953371.hostingersite.com\\\/#organization\",\"name\":\"Flora Nueva\",\"url\":\"https:\\\/\\\/purple-eland-953371.hostingersite.com\\\/\",\"logo\":{\"@type\":\"ImageObject\",\"inLanguage\":\"fr-FR\",\"@id\":\"https:\\\/\\\/purple-eland-953371.hostingersite.com\\\/#\\\/schema\\\/logo\\\/image\\\/\",\"url\":\"https:\\\/\\\/floranueva.com\\\/wp-content\\\/uploads\\\/2025\\\/11\\\/ISO-GRANDE.png\",\"contentUrl\":\"https:\\\/\\\/floranueva.com\\\/wp-content\\\/uploads\\\/2025\\\/11\\\/ISO-GRANDE.png\",\"width\":434,\"height\":552,\"caption\":\"Flora Nueva\"},\"image\":{\"@id\":\"https:\\\/\\\/purple-eland-953371.hostingersite.com\\\/#\\\/schema\\\/logo\\\/image\\\/\"}}]}<\/script>\n<!-- \/ Yoast SEO plugin. -->","yoast_head_json":{"title":"Huile Essentielle d\u2019Origan - Flora Nueva","description":"Renforcez vos d\u00e9fenses avec l\u2019Huile Essentielle d\u2019Origan Biologique. Riche en carvacrol et thymol pour le soutien immunitaire et respiratoire. Puret\u00e9 100 % naturelle.","robots":{"index":"index","follow":"follow","max-snippet":"max-snippet:-1","max-image-preview":"max-image-preview:large","max-video-preview":"max-video-preview:-1"},"canonical":"https:\/\/floranueva.com\/fr\/producto\/huile-essentielle-dorigan\/","og_locale":"fr_FR","og_type":"article","og_title":"Huile Essentielle d\u2019Origan - Flora Nueva","og_description":"Renforcez vos d\u00e9fenses avec l\u2019Huile Essentielle d\u2019Origan Biologique. Riche en carvacrol et thymol pour le soutien immunitaire et respiratoire. Puret\u00e9 100 % naturelle.","og_url":"https:\/\/floranueva.com\/fr\/producto\/huile-essentielle-dorigan\/","og_site_name":"Flora Nueva","article_modified_time":"2026-03-20T22:02:28+00:00","og_image":[{"width":864,"height":864,"url":"https:\/\/floranueva.com\/wp-content\/uploads\/2025\/12\/Aceites-Esenciales-producto.jpg","type":"image\/jpeg"}],"twitter_card":"summary_large_image","twitter_misc":{"Dur\u00e9e de lecture estim\u00e9e":"1 minute"},"schema":{"@context":"https:\/\/schema.org","@graph":[{"@type":"WebPage","@id":"https:\/\/floranueva.com\/fr\/producto\/huile-essentielle-dorigan\/","url":"https:\/\/floranueva.com\/fr\/producto\/huile-essentielle-dorigan\/","name":"Huile Essentielle d\u2019Origan - Flora Nueva","isPartOf":{"@id":"https:\/\/purple-eland-953371.hostingersite.com\/#website"},"primaryImageOfPage":{"@id":"https:\/\/floranueva.com\/fr\/producto\/huile-essentielle-dorigan\/#primaryimage"},"image":{"@id":"https:\/\/floranueva.com\/fr\/producto\/huile-essentielle-dorigan\/#primaryimage"},"thumbnailUrl":"https:\/\/floranueva.com\/wp-content\/uploads\/2025\/12\/Aceites-Esenciales-producto.jpg","datePublished":"2025-12-09T17:12:13+00:00","dateModified":"2026-03-20T22:02:28+00:00","description":"Renforcez vos d\u00e9fenses avec l\u2019Huile Essentielle d\u2019Origan Biologique. Riche en carvacrol et thymol pour le soutien immunitaire et respiratoire. Puret\u00e9 100 % naturelle.","breadcrumb":{"@id":"https:\/\/floranueva.com\/fr\/producto\/huile-essentielle-dorigan\/#breadcrumb"},"inLanguage":"fr-FR","potentialAction":[{"@type":"ReadAction","target":["https:\/\/floranueva.com\/fr\/producto\/huile-essentielle-dorigan\/"]}]},{"@type":"ImageObject","inLanguage":"fr-FR","@id":"https:\/\/floranueva.com\/fr\/producto\/huile-essentielle-dorigan\/#primaryimage","url":"https:\/\/floranueva.com\/wp-content\/uploads\/2025\/12\/Aceites-Esenciales-producto.jpg","contentUrl":"https:\/\/floranueva.com\/wp-content\/uploads\/2025\/12\/Aceites-Esenciales-producto.jpg","width":864,"height":864,"caption":"huile essentiel Flora Nueva"},{"@type":"BreadcrumbList","@id":"https:\/\/floranueva.com\/fr\/producto\/huile-essentielle-dorigan\/#breadcrumb","itemListElement":[{"@type":"ListItem","position":1,"name":"Portada","item":"https:\/\/floranueva.com\/fr\/"},{"@type":"ListItem","position":2,"name":"Boutique","item":"https:\/\/floranueva.com\/fr\/boutique\/"},{"@type":"ListItem","position":3,"name":"Huile Essentielle d\u2019Origan"}]},{"@type":"WebSite","@id":"https:\/\/purple-eland-953371.hostingersite.com\/#website","url":"https:\/\/purple-eland-953371.hostingersite.com\/","name":"Flora Nueva","description":"","publisher":{"@id":"https:\/\/purple-eland-953371.hostingersite.com\/#organization"},"potentialAction":[{"@type":"SearchAction","target":{"@type":"EntryPoint","urlTemplate":"https:\/\/purple-eland-953371.hostingersite.com\/?s={search_term_string}"},"query-input":{"@type":"PropertyValueSpecification","valueRequired":true,"valueName":"search_term_string"}}],"inLanguage":"fr-FR"},{"@type":"Organization","@id":"https:\/\/purple-eland-953371.hostingersite.com\/#organization","name":"Flora Nueva","url":"https:\/\/purple-eland-953371.hostingersite.com\/","logo":{"@type":"ImageObject","inLanguage":"fr-FR","@id":"https:\/\/purple-eland-953371.hostingersite.com\/#\/schema\/logo\/image\/","url":"https:\/\/floranueva.com\/wp-content\/uploads\/2025\/11\/ISO-GRANDE.png","contentUrl":"https:\/\/floranueva.com\/wp-content\/uploads\/2025\/11\/ISO-GRANDE.png","width":434,"height":552,"caption":"Flora Nueva"},"image":{"@id":"https:\/\/purple-eland-953371.hostingersite.com\/#\/schema\/logo\/image\/"}}]}},"_links":{"self":[{"href":"https:\/\/floranueva.com\/fr\/wp-json\/wp\/v2\/product\/3010","targetHints":{"allow":["GET"]}}],"collection":[{"href":"https:\/\/floranueva.com\/fr\/wp-json\/wp\/v2\/product"}],"about":[{"href":"https:\/\/floranueva.com\/fr\/wp-json\/wp\/v2\/types\/product"}],"wp:featuredmedia":[{"embeddable":true,"href":"https:\/\/floranueva.com\/fr\/wp-json\/wp\/v2\/media\/2991"}],"wp:attachment":[{"href":"https:\/\/floranueva.com\/fr\/wp-json\/wp\/v2\/media?parent=3010"}],"wp:term":[{"taxonomy":"product_brand","embeddable":true,"href":"https:\/\/floranueva.com\/fr\/wp-json\/wp\/v2\/product_brand?post=3010"},{"taxonomy":"product_cat","embeddable":true,"href":"https:\/\/floranueva.com\/fr\/wp-json\/wp\/v2\/product_cat?post=3010"},{"taxonomy":"product_tag","embeddable":true,"href":"https:\/\/floranueva.com\/fr\/wp-json\/wp\/v2\/product_tag?post=3010"}],"curies":[{"name":"wp","href":"https:\/\/api.w.org\/{rel}","templated":true}]}}