{"id":3030,"date":"2026-01-27T20:54:18","date_gmt":"2026-01-27T20:54:18","guid":{"rendered":"https:\/\/floranueva.com\/producto\/oleo-dhibiscus\/"},"modified":"2026-03-20T21:35:54","modified_gmt":"2026-03-20T21:35:54","slug":"oleo-dhibiscus","status":"publish","type":"product","link":"https:\/\/floranueva.com\/fr\/producto\/oleo-dhibiscus\/","title":{"rendered":"Ol\u00e9o d\u2019Hibiscus"},"content":{"rendered":"<p>Notre Ol\u00e9o Hibiscus est <strong>l&rsquo;expression vivante de notre transformation collective<\/strong> \u2014 en valorisant les graines nich\u00e9es au c\u0153ur des calices d&rsquo;hibiscus, souvent laiss\u00e9es pour compte.<\/p>\n<p>Ce processus d&rsquo;excellence commence dans les fincas, o\u00f9 les producteurs s\u00e9parent et s\u00e8chent soigneusement les graines jusqu&rsquo;au point id\u00e9al pour l&rsquo;extraction. En r\u00e9cup\u00e9rant cette valeur cach\u00e9e, nous garantissons une qualit\u00e9 maximale et ancrons la valeur ajout\u00e9e l\u00e0 o\u00f9 elle a \u00e9t\u00e9 cr\u00e9\u00e9e.<\/p>\n<p>C&rsquo;est le choix des marques qui souhaitent int\u00e9grer non seulement un ol\u00e9o haute performance \u2014 riche en Om\u00e9ga-6 et en antioxydants \u2014 mais qui veulent que leur acte d&rsquo;achat ait un sens r\u00e9el : redistribution et justice sociale \u00e0 chaque maillon de la fili\u00e8re. Un ingr\u00e9dient qui encapsule l&rsquo;essence de la transformation collective.<\/p>\n<ul>\n<li><strong>Origine<\/strong> \u2014 Valorisation des graines d&rsquo;hibiscus, enti\u00e8rement trait\u00e9es dans les fincas.<\/li>\n<li><strong>Profil<\/strong> \u2014 Haute performance, riche en Om\u00e9ga-6 et antioxydants.<\/li>\n<li><strong>Impact<\/strong> \u2014 Un acte d&rsquo;achat porteur de sens \u2014 redistribution r\u00e9elle et justice sociale.<\/li>\n<\/ul>\n<p><strong>INCI<\/strong> \u2014 Hibiscus Sabdariffa Seed Oil<\/p>\n","protected":false},"excerpt":{"rendered":"<p><strong>Du champ \u00e0 la formulation \u2014 un extrait v\u00e9getal haute performance n\u00e9 de la terre.<\/strong><\/p>\n<p>Un extrait unique n\u00e9 de la valorisation des graines d&rsquo;hibiscus, riche en Om\u00e9ga-6 et en antioxydants naturels. En l&rsquo;int\u00e9grant \u00e0 vos formulations, vous choisissez un ingr\u00e9dient qui encapsule \u00e0 la fois excellence technique et justice sociale \u2014 dans chaque goutte.<\/p>\n<ul>\n<li><strong>Profil :<\/strong>Haute teneur en Om\u00e9ga-6 et puissance antioxydante.<\/li>\n<li><strong>Impact:<\/strong>Un ingr\u00e9dient qui g\u00e9n\u00e8re de la valeur \u00e0 la source et la redistribue directement aux familles productrices.<\/li>\n<\/ul>\n<p><a href=\"https:\/\/floranueva.com\/fr\/contact\/\"><button class=\"product-button-contact\">Je veux ce produit<\/button><\/a><\/p>\n","protected":false},"featured_media":5082,"template":"","meta":{"site-sidebar-layout":"default","site-content-layout":"","ast-site-content-layout":"default","site-content-style":"default","site-sidebar-style":"default","ast-global-header-display":"","ast-banner-title-visibility":"","ast-main-header-display":"","ast-hfb-above-header-display":"","ast-hfb-below-header-display":"","ast-hfb-mobile-header-display":"","site-post-title":"","ast-breadcrumbs-content":"","ast-featured-img":"","footer-sml-layout":"","theme-transparent-header-meta":"default","adv-header-id-meta":"","stick-header-meta":"","header-above-stick-meta":"","header-main-stick-meta":"","header-below-stick-meta":"","astra-migrate-meta-layouts":"set","ast-page-background-enabled":"default","ast-page-background-meta":{"desktop":{"background-color":"var(--ast-global-color-5)","background-image":"","background-repeat":"repeat","background-position":"center center","background-size":"auto","background-attachment":"scroll","background-type":"","background-media":"","overlay-type":"","overlay-color":"","overlay-opacity":"","overlay-gradient":""},"tablet":{"background-color":"","background-image":"","background-repeat":"repeat","background-position":"center center","background-size":"auto","background-attachment":"scroll","background-type":"","background-media":"","overlay-type":"","overlay-color":"","overlay-opacity":"","overlay-gradient":""},"mobile":{"background-color":"","background-image":"","background-repeat":"repeat","background-position":"center center","background-size":"auto","background-attachment":"scroll","background-type":"","background-media":"","overlay-type":"","overlay-color":"","overlay-opacity":"","overlay-gradient":""}},"ast-content-background-meta":{"desktop":{"background-color":"var(--ast-global-color-4)","background-image":"","background-repeat":"repeat","background-position":"center center","background-size":"auto","background-attachment":"scroll","background-type":"","background-media":"","overlay-type":"","overlay-color":"","overlay-opacity":"","overlay-gradient":""},"tablet":{"background-color":"var(--ast-global-color-4)","background-image":"","background-repeat":"repeat","background-position":"center center","background-size":"auto","background-attachment":"scroll","background-type":"","background-media":"","overlay-type":"","overlay-color":"","overlay-opacity":"","overlay-gradient":""},"mobile":{"background-color":"var(--ast-global-color-4)","background-image":"","background-repeat":"repeat","background-position":"center center","background-size":"auto","background-attachment":"scroll","background-type":"","background-media":"","overlay-type":"","overlay-color":"","overlay-opacity":"","overlay-gradient":""}}},"product_brand":[],"product_cat":[83,85],"product_tag":[],"class_list":{"0":"post-3030","1":"product","2":"type-product","3":"status-publish","4":"has-post-thumbnail","6":"product_cat-ingredients","7":"product_cat-pour-entreprises","8":"desktop-align-left","9":"tablet-align-left","10":"mobile-align-left","12":"first","13":"instock","14":"shipping-taxable","15":"product-type-simple"},"yoast_head":"<!-- This site is optimized with the Yoast SEO plugin v27.3 - https:\/\/yoast.com\/product\/yoast-seo-wordpress\/ -->\n<title>Ol\u00e9o d\u2019Hibiscus - Flora Nueva<\/title>\n<meta name=\"description\" content=\"D\u00e9couvrez l\u2019Ol\u00e9o d\u2019Hibiscus : un extrait haute performance, riche en om\u00e9ga-6 et antioxydants. Qualit\u00e9 premium avec une finalit\u00e9 sociale et une justice ancr\u00e9e \u00e0 l\u2019origine. En savoir plus.\" \/>\n<meta name=\"robots\" content=\"index, follow, max-snippet:-1, max-image-preview:large, max-video-preview:-1\" \/>\n<link rel=\"canonical\" href=\"https:\/\/floranueva.com\/fr\/producto\/oleo-dhibiscus\/\" \/>\n<meta property=\"og:locale\" content=\"fr_FR\" \/>\n<meta property=\"og:type\" content=\"article\" \/>\n<meta property=\"og:title\" content=\"Ol\u00e9o d\u2019Hibiscus - Flora Nueva\" \/>\n<meta property=\"og:description\" content=\"D\u00e9couvrez l\u2019Ol\u00e9o d\u2019Hibiscus : un extrait haute performance, riche en om\u00e9ga-6 et antioxydants. Qualit\u00e9 premium avec une finalit\u00e9 sociale et une justice ancr\u00e9e \u00e0 l\u2019origine. En savoir plus.\" \/>\n<meta property=\"og:url\" content=\"https:\/\/floranueva.com\/fr\/producto\/oleo-dhibiscus\/\" \/>\n<meta property=\"og:site_name\" content=\"Flora Nueva\" \/>\n<meta property=\"article:modified_time\" content=\"2026-03-20T21:35:54+00:00\" \/>\n<meta property=\"og:image\" content=\"https:\/\/floranueva.com\/wp-content\/uploads\/2026\/01\/oleo-hibiscus-2.jpg\" \/>\n\t<meta property=\"og:image:width\" content=\"864\" \/>\n\t<meta property=\"og:image:height\" content=\"864\" \/>\n\t<meta property=\"og:image:type\" content=\"image\/jpeg\" \/>\n<meta name=\"twitter:card\" content=\"summary_large_image\" \/>\n<meta name=\"twitter:label1\" content=\"Dur\u00e9e de lecture estim\u00e9e\" \/>\n\t<meta name=\"twitter:data1\" content=\"1 minute\" \/>\n<script type=\"application\/ld+json\" class=\"yoast-schema-graph\">{\"@context\":\"https:\\\/\\\/schema.org\",\"@graph\":[{\"@type\":\"WebPage\",\"@id\":\"https:\\\/\\\/floranueva.com\\\/fr\\\/producto\\\/oleo-dhibiscus\\\/\",\"url\":\"https:\\\/\\\/floranueva.com\\\/fr\\\/producto\\\/oleo-dhibiscus\\\/\",\"name\":\"Ol\u00e9o d\u2019Hibiscus - Flora Nueva\",\"isPartOf\":{\"@id\":\"https:\\\/\\\/purple-eland-953371.hostingersite.com\\\/#website\"},\"primaryImageOfPage\":{\"@id\":\"https:\\\/\\\/floranueva.com\\\/fr\\\/producto\\\/oleo-dhibiscus\\\/#primaryimage\"},\"image\":{\"@id\":\"https:\\\/\\\/floranueva.com\\\/fr\\\/producto\\\/oleo-dhibiscus\\\/#primaryimage\"},\"thumbnailUrl\":\"https:\\\/\\\/floranueva.com\\\/wp-content\\\/uploads\\\/2026\\\/01\\\/oleo-hibiscus-2.jpg\",\"datePublished\":\"2026-01-27T20:54:18+00:00\",\"dateModified\":\"2026-03-20T21:35:54+00:00\",\"description\":\"D\u00e9couvrez l\u2019Ol\u00e9o d\u2019Hibiscus : un extrait haute performance, riche en om\u00e9ga-6 et antioxydants. Qualit\u00e9 premium avec une finalit\u00e9 sociale et une justice ancr\u00e9e \u00e0 l\u2019origine. En savoir plus.\",\"breadcrumb\":{\"@id\":\"https:\\\/\\\/floranueva.com\\\/fr\\\/producto\\\/oleo-dhibiscus\\\/#breadcrumb\"},\"inLanguage\":\"fr-FR\",\"potentialAction\":[{\"@type\":\"ReadAction\",\"target\":[\"https:\\\/\\\/floranueva.com\\\/fr\\\/producto\\\/oleo-dhibiscus\\\/\"]}]},{\"@type\":\"ImageObject\",\"inLanguage\":\"fr-FR\",\"@id\":\"https:\\\/\\\/floranueva.com\\\/fr\\\/producto\\\/oleo-dhibiscus\\\/#primaryimage\",\"url\":\"https:\\\/\\\/floranueva.com\\\/wp-content\\\/uploads\\\/2026\\\/01\\\/oleo-hibiscus-2.jpg\",\"contentUrl\":\"https:\\\/\\\/floranueva.com\\\/wp-content\\\/uploads\\\/2026\\\/01\\\/oleo-hibiscus-2.jpg\",\"width\":864,\"height\":864,\"caption\":\"textura \u00f3leo hibiscus Flora Nueva\"},{\"@type\":\"BreadcrumbList\",\"@id\":\"https:\\\/\\\/floranueva.com\\\/fr\\\/producto\\\/oleo-dhibiscus\\\/#breadcrumb\",\"itemListElement\":[{\"@type\":\"ListItem\",\"position\":1,\"name\":\"Portada\",\"item\":\"https:\\\/\\\/floranueva.com\\\/fr\\\/\"},{\"@type\":\"ListItem\",\"position\":2,\"name\":\"Boutique\",\"item\":\"https:\\\/\\\/floranueva.com\\\/fr\\\/boutique\\\/\"},{\"@type\":\"ListItem\",\"position\":3,\"name\":\"Ol\u00e9o d\u2019Hibiscus\"}]},{\"@type\":\"WebSite\",\"@id\":\"https:\\\/\\\/purple-eland-953371.hostingersite.com\\\/#website\",\"url\":\"https:\\\/\\\/purple-eland-953371.hostingersite.com\\\/\",\"name\":\"Flora Nueva\",\"description\":\"\",\"publisher\":{\"@id\":\"https:\\\/\\\/purple-eland-953371.hostingersite.com\\\/#organization\"},\"potentialAction\":[{\"@type\":\"SearchAction\",\"target\":{\"@type\":\"EntryPoint\",\"urlTemplate\":\"https:\\\/\\\/purple-eland-953371.hostingersite.com\\\/?s={search_term_string}\"},\"query-input\":{\"@type\":\"PropertyValueSpecification\",\"valueRequired\":true,\"valueName\":\"search_term_string\"}}],\"inLanguage\":\"fr-FR\"},{\"@type\":\"Organization\",\"@id\":\"https:\\\/\\\/purple-eland-953371.hostingersite.com\\\/#organization\",\"name\":\"Flora Nueva\",\"url\":\"https:\\\/\\\/purple-eland-953371.hostingersite.com\\\/\",\"logo\":{\"@type\":\"ImageObject\",\"inLanguage\":\"fr-FR\",\"@id\":\"https:\\\/\\\/purple-eland-953371.hostingersite.com\\\/#\\\/schema\\\/logo\\\/image\\\/\",\"url\":\"https:\\\/\\\/floranueva.com\\\/wp-content\\\/uploads\\\/2025\\\/11\\\/ISO-GRANDE.png\",\"contentUrl\":\"https:\\\/\\\/floranueva.com\\\/wp-content\\\/uploads\\\/2025\\\/11\\\/ISO-GRANDE.png\",\"width\":434,\"height\":552,\"caption\":\"Flora Nueva\"},\"image\":{\"@id\":\"https:\\\/\\\/purple-eland-953371.hostingersite.com\\\/#\\\/schema\\\/logo\\\/image\\\/\"}}]}<\/script>\n<!-- \/ Yoast SEO plugin. -->","yoast_head_json":{"title":"Ol\u00e9o d\u2019Hibiscus - Flora Nueva","description":"D\u00e9couvrez l\u2019Ol\u00e9o d\u2019Hibiscus : un extrait haute performance, riche en om\u00e9ga-6 et antioxydants. Qualit\u00e9 premium avec une finalit\u00e9 sociale et une justice ancr\u00e9e \u00e0 l\u2019origine. En savoir plus.","robots":{"index":"index","follow":"follow","max-snippet":"max-snippet:-1","max-image-preview":"max-image-preview:large","max-video-preview":"max-video-preview:-1"},"canonical":"https:\/\/floranueva.com\/fr\/producto\/oleo-dhibiscus\/","og_locale":"fr_FR","og_type":"article","og_title":"Ol\u00e9o d\u2019Hibiscus - Flora Nueva","og_description":"D\u00e9couvrez l\u2019Ol\u00e9o d\u2019Hibiscus : un extrait haute performance, riche en om\u00e9ga-6 et antioxydants. Qualit\u00e9 premium avec une finalit\u00e9 sociale et une justice ancr\u00e9e \u00e0 l\u2019origine. En savoir plus.","og_url":"https:\/\/floranueva.com\/fr\/producto\/oleo-dhibiscus\/","og_site_name":"Flora Nueva","article_modified_time":"2026-03-20T21:35:54+00:00","og_image":[{"width":864,"height":864,"url":"https:\/\/floranueva.com\/wp-content\/uploads\/2026\/01\/oleo-hibiscus-2.jpg","type":"image\/jpeg"}],"twitter_card":"summary_large_image","twitter_misc":{"Dur\u00e9e de lecture estim\u00e9e":"1 minute"},"schema":{"@context":"https:\/\/schema.org","@graph":[{"@type":"WebPage","@id":"https:\/\/floranueva.com\/fr\/producto\/oleo-dhibiscus\/","url":"https:\/\/floranueva.com\/fr\/producto\/oleo-dhibiscus\/","name":"Ol\u00e9o d\u2019Hibiscus - Flora Nueva","isPartOf":{"@id":"https:\/\/purple-eland-953371.hostingersite.com\/#website"},"primaryImageOfPage":{"@id":"https:\/\/floranueva.com\/fr\/producto\/oleo-dhibiscus\/#primaryimage"},"image":{"@id":"https:\/\/floranueva.com\/fr\/producto\/oleo-dhibiscus\/#primaryimage"},"thumbnailUrl":"https:\/\/floranueva.com\/wp-content\/uploads\/2026\/01\/oleo-hibiscus-2.jpg","datePublished":"2026-01-27T20:54:18+00:00","dateModified":"2026-03-20T21:35:54+00:00","description":"D\u00e9couvrez l\u2019Ol\u00e9o d\u2019Hibiscus : un extrait haute performance, riche en om\u00e9ga-6 et antioxydants. Qualit\u00e9 premium avec une finalit\u00e9 sociale et une justice ancr\u00e9e \u00e0 l\u2019origine. En savoir plus.","breadcrumb":{"@id":"https:\/\/floranueva.com\/fr\/producto\/oleo-dhibiscus\/#breadcrumb"},"inLanguage":"fr-FR","potentialAction":[{"@type":"ReadAction","target":["https:\/\/floranueva.com\/fr\/producto\/oleo-dhibiscus\/"]}]},{"@type":"ImageObject","inLanguage":"fr-FR","@id":"https:\/\/floranueva.com\/fr\/producto\/oleo-dhibiscus\/#primaryimage","url":"https:\/\/floranueva.com\/wp-content\/uploads\/2026\/01\/oleo-hibiscus-2.jpg","contentUrl":"https:\/\/floranueva.com\/wp-content\/uploads\/2026\/01\/oleo-hibiscus-2.jpg","width":864,"height":864,"caption":"textura \u00f3leo hibiscus Flora Nueva"},{"@type":"BreadcrumbList","@id":"https:\/\/floranueva.com\/fr\/producto\/oleo-dhibiscus\/#breadcrumb","itemListElement":[{"@type":"ListItem","position":1,"name":"Portada","item":"https:\/\/floranueva.com\/fr\/"},{"@type":"ListItem","position":2,"name":"Boutique","item":"https:\/\/floranueva.com\/fr\/boutique\/"},{"@type":"ListItem","position":3,"name":"Ol\u00e9o d\u2019Hibiscus"}]},{"@type":"WebSite","@id":"https:\/\/purple-eland-953371.hostingersite.com\/#website","url":"https:\/\/purple-eland-953371.hostingersite.com\/","name":"Flora Nueva","description":"","publisher":{"@id":"https:\/\/purple-eland-953371.hostingersite.com\/#organization"},"potentialAction":[{"@type":"SearchAction","target":{"@type":"EntryPoint","urlTemplate":"https:\/\/purple-eland-953371.hostingersite.com\/?s={search_term_string}"},"query-input":{"@type":"PropertyValueSpecification","valueRequired":true,"valueName":"search_term_string"}}],"inLanguage":"fr-FR"},{"@type":"Organization","@id":"https:\/\/purple-eland-953371.hostingersite.com\/#organization","name":"Flora Nueva","url":"https:\/\/purple-eland-953371.hostingersite.com\/","logo":{"@type":"ImageObject","inLanguage":"fr-FR","@id":"https:\/\/purple-eland-953371.hostingersite.com\/#\/schema\/logo\/image\/","url":"https:\/\/floranueva.com\/wp-content\/uploads\/2025\/11\/ISO-GRANDE.png","contentUrl":"https:\/\/floranueva.com\/wp-content\/uploads\/2025\/11\/ISO-GRANDE.png","width":434,"height":552,"caption":"Flora Nueva"},"image":{"@id":"https:\/\/purple-eland-953371.hostingersite.com\/#\/schema\/logo\/image\/"}}]}},"_links":{"self":[{"href":"https:\/\/floranueva.com\/fr\/wp-json\/wp\/v2\/product\/3030","targetHints":{"allow":["GET"]}}],"collection":[{"href":"https:\/\/floranueva.com\/fr\/wp-json\/wp\/v2\/product"}],"about":[{"href":"https:\/\/floranueva.com\/fr\/wp-json\/wp\/v2\/types\/product"}],"wp:featuredmedia":[{"embeddable":true,"href":"https:\/\/floranueva.com\/fr\/wp-json\/wp\/v2\/media\/5082"}],"wp:attachment":[{"href":"https:\/\/floranueva.com\/fr\/wp-json\/wp\/v2\/media?parent=3030"}],"wp:term":[{"taxonomy":"product_brand","embeddable":true,"href":"https:\/\/floranueva.com\/fr\/wp-json\/wp\/v2\/product_brand?post=3030"},{"taxonomy":"product_cat","embeddable":true,"href":"https:\/\/floranueva.com\/fr\/wp-json\/wp\/v2\/product_cat?post=3030"},{"taxonomy":"product_tag","embeddable":true,"href":"https:\/\/floranueva.com\/fr\/wp-json\/wp\/v2\/product_tag?post=3030"}],"curies":[{"name":"wp","href":"https:\/\/api.w.org\/{rel}","templated":true}]}}