{"id":3065,"date":"2025-12-09T22:24:16","date_gmt":"2025-12-09T22:24:16","guid":{"rendered":"https:\/\/floranueva.com\/producto\/oleo-de-cafe-vert\/"},"modified":"2026-03-20T21:28:12","modified_gmt":"2026-03-20T21:28:12","slug":"oleo-de-cafe-vert","status":"publish","type":"product","link":"https:\/\/floranueva.com\/fr\/producto\/oleo-de-cafe-vert\/","title":{"rendered":"Ol\u00e9o Caf\u00e9 Vert"},"content":{"rendered":"<p>Notre Ol\u00e9o Caf\u00e9 Vert est un<strong> extrait ol\u00e9agineux<\/strong> n\u00e9 d&rsquo;ann\u00e9es de recherche rigoureuse \u2014 con\u00e7u pour optimiser<strong> la concentration en diterp\u00e8nes<\/strong>, ces compos\u00e9s qui ne se r\u00e9v\u00e8lent que dans l&rsquo;\u00e9tat ol\u00e9agineux du caf\u00e9. Une dissidence productive qui met la science au service des caf\u00e9iers.<\/p>\n<p>Notre engagement pour <strong>l&rsquo;excellence commence \u00e0 la source.<\/strong> Nous \u00e9tudions de multiples variables du pratiques culturales \u2014 vari\u00e9t\u00e9, stade de maturit\u00e9, densit\u00e9 du grain \u2014 et appliquons un processus d&rsquo;extraction s\u00e9lectif pour produire <strong>un ol\u00e9o \u00e0 l&rsquo;identit\u00e9 affirm\u00e9e.<\/strong><\/p>\n<p><span style=\"font-weight: 400;\">Gr\u00e2ce \u00e0 sa forte concentration en diterp\u00e8nes, cet ol\u00e9o est l\u2019alli\u00e9 id\u00e9al pour int\u00e9grer le <\/span><b>pouvoir antioxydant du caf\u00e9<\/b> <span style=\"font-weight: 400;\">dans vos formulations.<\/span><\/p>\n<p>Choisir cet ol\u00e9o, c&rsquo;est s&rsquo;associer \u00e0 une fili\u00e8re int\u00e9grale \u2014 construite sur la justice, la qualit\u00e9 et l&rsquo;autonomie des familles productrices. Un ingr\u00e9dient \u00e0 la hauteur des formulations les plus exigeantes.<\/p>\n<ul>\n<li style=\"font-weight: 400;\" aria-level=\"1\"><b>Concept<\/b><em><b> :<\/b>Extrai<\/em>t optimis\u00e9 en diterp\u00e8nes, r\u00e9v\u00e9lant la puissance antioxydante du caf\u00e9 dans son \u00e9tat ol\u00e9agineux.<\/li>\n<li style=\"font-weight: 400;\" aria-level=\"1\"><b>Diff\u00e9rentiel : <\/b><span style=\"font-weight: 400;\">R\u00e9sultat d&rsquo;une recherche rigoureuse, des plantations jusqu&rsquo;au processus d&rsquo;extraction et de filtration.<\/span><\/li>\n<li style=\"font-weight: 400;\" aria-level=\"1\"><b>Raison d&rsquo;\u00eatre :<\/b>En le choisissant, vous contribuez \u00e0 une plateforme de justice et d&rsquo;autonomie pour les familles de producteurs.<\/li>\n<\/ul>\n<p><b data-path-to-node=\"3,1,2,0\" data-index-in-node=\"0\">INCI:<\/b> <i data-path-to-node=\"3,1,2,0\" data-index-in-node=\"6\">Coffea Arabica Seed Oil.<\/i><\/p>\n","protected":false},"excerpt":{"rendered":"<p data-path-to-node=\"3,0\"><strong>La science au service des caf\u00e9iers. Les caf\u00e9iers au service de la formulatio<\/strong>n. Un extrait optimis\u00e9 par des ann\u00e9es de recherche pour maximiser la concentration en diterp\u00e8nes \u2014 compos\u00e9s qui ne se r\u00e9v\u00e8lent que dans l&rsquo;\u00e9tat ol\u00e9agineux du caf\u00e9. Cet ol\u00e9o offre un standard sup\u00e9rieur en antioxydants, id\u00e9al pour les formulations qui recherchent puissance technique et identit\u00e9 territoriale inimitable.<\/p>\n<ul data-path-to-node=\"3,1\">\n<li>\n<p data-path-to-node=\"3,1,0,0\"><b data-path-to-node=\"3,1,0,0\" data-index-in-node=\"0\">Actifs : <\/b>Haute concentration en diterp\u00e8nes et antioxydants naturels.<\/p>\n<\/li>\n<li>\n<p data-path-to-node=\"3,1,1,0\"><b data-path-to-node=\"3,1,1,0\" data-index-in-node=\"0\">Raison d&rsquo;\u00eatre :<\/b> Soutient une fili\u00e8re int\u00e9grale, plateforme de justice, qualit\u00e9 et autonomie rurale.<\/p>\n<\/li>\n<\/ul>\n<p><a href=\"https:\/\/floranueva.com\/fr\/contact\/\"><button class=\"product-button-contact\">Je veux ce produit<\/button><\/a><\/p>\n","protected":false},"featured_media":4706,"template":"","meta":{"site-sidebar-layout":"default","site-content-layout":"","ast-site-content-layout":"default","site-content-style":"default","site-sidebar-style":"default","ast-global-header-display":"","ast-banner-title-visibility":"","ast-main-header-display":"","ast-hfb-above-header-display":"","ast-hfb-below-header-display":"","ast-hfb-mobile-header-display":"","site-post-title":"","ast-breadcrumbs-content":"","ast-featured-img":"","footer-sml-layout":"","theme-transparent-header-meta":"default","adv-header-id-meta":"","stick-header-meta":"","header-above-stick-meta":"","header-main-stick-meta":"","header-below-stick-meta":"","astra-migrate-meta-layouts":"set","ast-page-background-enabled":"default","ast-page-background-meta":{"desktop":{"background-color":"var(--ast-global-color-5)","background-image":"","background-repeat":"repeat","background-position":"center center","background-size":"auto","background-attachment":"scroll","background-type":"","background-media":"","overlay-type":"","overlay-color":"","overlay-opacity":"","overlay-gradient":""},"tablet":{"background-color":"","background-image":"","background-repeat":"repeat","background-position":"center center","background-size":"auto","background-attachment":"scroll","background-type":"","background-media":"","overlay-type":"","overlay-color":"","overlay-opacity":"","overlay-gradient":""},"mobile":{"background-color":"","background-image":"","background-repeat":"repeat","background-position":"center center","background-size":"auto","background-attachment":"scroll","background-type":"","background-media":"","overlay-type":"","overlay-color":"","overlay-opacity":"","overlay-gradient":""}},"ast-content-background-meta":{"desktop":{"background-color":"var(--ast-global-color-4)","background-image":"","background-repeat":"repeat","background-position":"center center","background-size":"auto","background-attachment":"scroll","background-type":"","background-media":"","overlay-type":"","overlay-color":"","overlay-opacity":"","overlay-gradient":""},"tablet":{"background-color":"var(--ast-global-color-4)","background-image":"","background-repeat":"repeat","background-position":"center center","background-size":"auto","background-attachment":"scroll","background-type":"","background-media":"","overlay-type":"","overlay-color":"","overlay-opacity":"","overlay-gradient":""},"mobile":{"background-color":"var(--ast-global-color-4)","background-image":"","background-repeat":"repeat","background-position":"center center","background-size":"auto","background-attachment":"scroll","background-type":"","background-media":"","overlay-type":"","overlay-color":"","overlay-opacity":"","overlay-gradient":""}}},"product_brand":[],"product_cat":[83,85],"product_tag":[63,86,91],"class_list":{"0":"post-3065","1":"product","2":"type-product","3":"status-publish","4":"has-post-thumbnail","6":"product_cat-ingredients","7":"product_cat-pour-entreprises","8":"product_tag-floranueva","9":"product_tag-ingredients","10":"product_tag-oleos","11":"desktop-align-left","12":"tablet-align-left","13":"mobile-align-left","15":"first","16":"instock","17":"shipping-taxable","18":"product-type-simple"},"yoast_head":"<!-- This site is optimized with the Yoast SEO plugin v27.3 - https:\/\/yoast.com\/product\/yoast-seo-wordpress\/ -->\n<title>Ol\u00e9o Caf\u00e9 Vert - Flora Nueva<\/title>\n<meta name=\"robots\" content=\"index, follow, max-snippet:-1, max-image-preview:large, max-video-preview:-1\" \/>\n<link rel=\"canonical\" href=\"https:\/\/floranueva.com\/fr\/producto\/oleo-de-cafe-vert\/\" \/>\n<meta property=\"og:locale\" content=\"fr_FR\" \/>\n<meta property=\"og:type\" content=\"article\" \/>\n<meta property=\"og:title\" content=\"Ol\u00e9o Caf\u00e9 Vert - Flora Nueva\" \/>\n<meta property=\"og:description\" content=\"La science au service des caf\u00e9iers. Les caf\u00e9iers au service de la formulation. Un extrait optimis\u00e9 par des ann\u00e9es de recherche pour maximiser la concentration en diterp\u00e8nes \u2014 compos\u00e9s qui ne se r\u00e9v\u00e8lent que dans l&#039;\u00e9tat ol\u00e9agineux du caf\u00e9. Cet ol\u00e9o offre un standard sup\u00e9rieur en antioxydants, id\u00e9al pour les formulations qui recherchent puissance technique et identit\u00e9 territoriale inimitable.     Actifs : Haute concentration en diterp\u00e8nes et antioxydants naturels.    Raison d&#039;\u00eatre : Soutient une fili\u00e8re int\u00e9grale, plateforme de justice, qualit\u00e9 et autonomie rurale.   Je veux ce produit\" \/>\n<meta property=\"og:url\" content=\"https:\/\/floranueva.com\/fr\/producto\/oleo-de-cafe-vert\/\" \/>\n<meta property=\"og:site_name\" content=\"Flora Nueva\" \/>\n<meta property=\"article:modified_time\" content=\"2026-03-20T21:28:12+00:00\" \/>\n<meta property=\"og:image\" content=\"https:\/\/floranueva.com\/wp-content\/uploads\/2025\/12\/oleo-cafe-verde-2.jpg\" \/>\n\t<meta property=\"og:image:width\" content=\"864\" \/>\n\t<meta property=\"og:image:height\" content=\"864\" \/>\n\t<meta property=\"og:image:type\" content=\"image\/jpeg\" \/>\n<meta name=\"twitter:card\" content=\"summary_large_image\" \/>\n<meta name=\"twitter:label1\" content=\"Dur\u00e9e de lecture estim\u00e9e\" \/>\n\t<meta name=\"twitter:data1\" content=\"2 minutes\" \/>\n<script type=\"application\/ld+json\" class=\"yoast-schema-graph\">{\"@context\":\"https:\\\/\\\/schema.org\",\"@graph\":[{\"@type\":\"WebPage\",\"@id\":\"https:\\\/\\\/floranueva.com\\\/fr\\\/producto\\\/oleo-de-cafe-vert\\\/\",\"url\":\"https:\\\/\\\/floranueva.com\\\/fr\\\/producto\\\/oleo-de-cafe-vert\\\/\",\"name\":\"Ol\u00e9o Caf\u00e9 Vert - Flora Nueva\",\"isPartOf\":{\"@id\":\"https:\\\/\\\/purple-eland-953371.hostingersite.com\\\/#website\"},\"primaryImageOfPage\":{\"@id\":\"https:\\\/\\\/floranueva.com\\\/fr\\\/producto\\\/oleo-de-cafe-vert\\\/#primaryimage\"},\"image\":{\"@id\":\"https:\\\/\\\/floranueva.com\\\/fr\\\/producto\\\/oleo-de-cafe-vert\\\/#primaryimage\"},\"thumbnailUrl\":\"https:\\\/\\\/floranueva.com\\\/wp-content\\\/uploads\\\/2025\\\/12\\\/oleo-cafe-verde-2.jpg\",\"datePublished\":\"2025-12-09T22:24:16+00:00\",\"dateModified\":\"2026-03-20T21:28:12+00:00\",\"breadcrumb\":{\"@id\":\"https:\\\/\\\/floranueva.com\\\/fr\\\/producto\\\/oleo-de-cafe-vert\\\/#breadcrumb\"},\"inLanguage\":\"fr-FR\",\"potentialAction\":[{\"@type\":\"ReadAction\",\"target\":[\"https:\\\/\\\/floranueva.com\\\/fr\\\/producto\\\/oleo-de-cafe-vert\\\/\"]}]},{\"@type\":\"ImageObject\",\"inLanguage\":\"fr-FR\",\"@id\":\"https:\\\/\\\/floranueva.com\\\/fr\\\/producto\\\/oleo-de-cafe-vert\\\/#primaryimage\",\"url\":\"https:\\\/\\\/floranueva.com\\\/wp-content\\\/uploads\\\/2025\\\/12\\\/oleo-cafe-verde-2.jpg\",\"contentUrl\":\"https:\\\/\\\/floranueva.com\\\/wp-content\\\/uploads\\\/2025\\\/12\\\/oleo-cafe-verde-2.jpg\",\"width\":864,\"height\":864,\"caption\":\"\u00f3leo caf\u00e9 verde Flora Nueva\"},{\"@type\":\"BreadcrumbList\",\"@id\":\"https:\\\/\\\/floranueva.com\\\/fr\\\/producto\\\/oleo-de-cafe-vert\\\/#breadcrumb\",\"itemListElement\":[{\"@type\":\"ListItem\",\"position\":1,\"name\":\"Portada\",\"item\":\"https:\\\/\\\/floranueva.com\\\/fr\\\/\"},{\"@type\":\"ListItem\",\"position\":2,\"name\":\"Boutique\",\"item\":\"https:\\\/\\\/floranueva.com\\\/fr\\\/boutique\\\/\"},{\"@type\":\"ListItem\",\"position\":3,\"name\":\"Ol\u00e9o Caf\u00e9 Vert\"}]},{\"@type\":\"WebSite\",\"@id\":\"https:\\\/\\\/purple-eland-953371.hostingersite.com\\\/#website\",\"url\":\"https:\\\/\\\/purple-eland-953371.hostingersite.com\\\/\",\"name\":\"Flora Nueva\",\"description\":\"\",\"publisher\":{\"@id\":\"https:\\\/\\\/purple-eland-953371.hostingersite.com\\\/#organization\"},\"potentialAction\":[{\"@type\":\"SearchAction\",\"target\":{\"@type\":\"EntryPoint\",\"urlTemplate\":\"https:\\\/\\\/purple-eland-953371.hostingersite.com\\\/?s={search_term_string}\"},\"query-input\":{\"@type\":\"PropertyValueSpecification\",\"valueRequired\":true,\"valueName\":\"search_term_string\"}}],\"inLanguage\":\"fr-FR\"},{\"@type\":\"Organization\",\"@id\":\"https:\\\/\\\/purple-eland-953371.hostingersite.com\\\/#organization\",\"name\":\"Flora Nueva\",\"url\":\"https:\\\/\\\/purple-eland-953371.hostingersite.com\\\/\",\"logo\":{\"@type\":\"ImageObject\",\"inLanguage\":\"fr-FR\",\"@id\":\"https:\\\/\\\/purple-eland-953371.hostingersite.com\\\/#\\\/schema\\\/logo\\\/image\\\/\",\"url\":\"https:\\\/\\\/floranueva.com\\\/wp-content\\\/uploads\\\/2025\\\/11\\\/ISO-GRANDE.png\",\"contentUrl\":\"https:\\\/\\\/floranueva.com\\\/wp-content\\\/uploads\\\/2025\\\/11\\\/ISO-GRANDE.png\",\"width\":434,\"height\":552,\"caption\":\"Flora Nueva\"},\"image\":{\"@id\":\"https:\\\/\\\/purple-eland-953371.hostingersite.com\\\/#\\\/schema\\\/logo\\\/image\\\/\"}}]}<\/script>\n<!-- \/ Yoast SEO plugin. -->","yoast_head_json":{"title":"Ol\u00e9o Caf\u00e9 Vert - Flora Nueva","robots":{"index":"index","follow":"follow","max-snippet":"max-snippet:-1","max-image-preview":"max-image-preview:large","max-video-preview":"max-video-preview:-1"},"canonical":"https:\/\/floranueva.com\/fr\/producto\/oleo-de-cafe-vert\/","og_locale":"fr_FR","og_type":"article","og_title":"Ol\u00e9o Caf\u00e9 Vert - Flora Nueva","og_description":"La science au service des caf\u00e9iers. Les caf\u00e9iers au service de la formulation. Un extrait optimis\u00e9 par des ann\u00e9es de recherche pour maximiser la concentration en diterp\u00e8nes \u2014 compos\u00e9s qui ne se r\u00e9v\u00e8lent que dans l'\u00e9tat ol\u00e9agineux du caf\u00e9. Cet ol\u00e9o offre un standard sup\u00e9rieur en antioxydants, id\u00e9al pour les formulations qui recherchent puissance technique et identit\u00e9 territoriale inimitable.     Actifs : Haute concentration en diterp\u00e8nes et antioxydants naturels.    Raison d'\u00eatre : Soutient une fili\u00e8re int\u00e9grale, plateforme de justice, qualit\u00e9 et autonomie rurale.   Je veux ce produit","og_url":"https:\/\/floranueva.com\/fr\/producto\/oleo-de-cafe-vert\/","og_site_name":"Flora Nueva","article_modified_time":"2026-03-20T21:28:12+00:00","og_image":[{"width":864,"height":864,"url":"https:\/\/floranueva.com\/wp-content\/uploads\/2025\/12\/oleo-cafe-verde-2.jpg","type":"image\/jpeg"}],"twitter_card":"summary_large_image","twitter_misc":{"Dur\u00e9e de lecture estim\u00e9e":"2 minutes"},"schema":{"@context":"https:\/\/schema.org","@graph":[{"@type":"WebPage","@id":"https:\/\/floranueva.com\/fr\/producto\/oleo-de-cafe-vert\/","url":"https:\/\/floranueva.com\/fr\/producto\/oleo-de-cafe-vert\/","name":"Ol\u00e9o Caf\u00e9 Vert - Flora Nueva","isPartOf":{"@id":"https:\/\/purple-eland-953371.hostingersite.com\/#website"},"primaryImageOfPage":{"@id":"https:\/\/floranueva.com\/fr\/producto\/oleo-de-cafe-vert\/#primaryimage"},"image":{"@id":"https:\/\/floranueva.com\/fr\/producto\/oleo-de-cafe-vert\/#primaryimage"},"thumbnailUrl":"https:\/\/floranueva.com\/wp-content\/uploads\/2025\/12\/oleo-cafe-verde-2.jpg","datePublished":"2025-12-09T22:24:16+00:00","dateModified":"2026-03-20T21:28:12+00:00","breadcrumb":{"@id":"https:\/\/floranueva.com\/fr\/producto\/oleo-de-cafe-vert\/#breadcrumb"},"inLanguage":"fr-FR","potentialAction":[{"@type":"ReadAction","target":["https:\/\/floranueva.com\/fr\/producto\/oleo-de-cafe-vert\/"]}]},{"@type":"ImageObject","inLanguage":"fr-FR","@id":"https:\/\/floranueva.com\/fr\/producto\/oleo-de-cafe-vert\/#primaryimage","url":"https:\/\/floranueva.com\/wp-content\/uploads\/2025\/12\/oleo-cafe-verde-2.jpg","contentUrl":"https:\/\/floranueva.com\/wp-content\/uploads\/2025\/12\/oleo-cafe-verde-2.jpg","width":864,"height":864,"caption":"\u00f3leo caf\u00e9 verde Flora Nueva"},{"@type":"BreadcrumbList","@id":"https:\/\/floranueva.com\/fr\/producto\/oleo-de-cafe-vert\/#breadcrumb","itemListElement":[{"@type":"ListItem","position":1,"name":"Portada","item":"https:\/\/floranueva.com\/fr\/"},{"@type":"ListItem","position":2,"name":"Boutique","item":"https:\/\/floranueva.com\/fr\/boutique\/"},{"@type":"ListItem","position":3,"name":"Ol\u00e9o Caf\u00e9 Vert"}]},{"@type":"WebSite","@id":"https:\/\/purple-eland-953371.hostingersite.com\/#website","url":"https:\/\/purple-eland-953371.hostingersite.com\/","name":"Flora Nueva","description":"","publisher":{"@id":"https:\/\/purple-eland-953371.hostingersite.com\/#organization"},"potentialAction":[{"@type":"SearchAction","target":{"@type":"EntryPoint","urlTemplate":"https:\/\/purple-eland-953371.hostingersite.com\/?s={search_term_string}"},"query-input":{"@type":"PropertyValueSpecification","valueRequired":true,"valueName":"search_term_string"}}],"inLanguage":"fr-FR"},{"@type":"Organization","@id":"https:\/\/purple-eland-953371.hostingersite.com\/#organization","name":"Flora Nueva","url":"https:\/\/purple-eland-953371.hostingersite.com\/","logo":{"@type":"ImageObject","inLanguage":"fr-FR","@id":"https:\/\/purple-eland-953371.hostingersite.com\/#\/schema\/logo\/image\/","url":"https:\/\/floranueva.com\/wp-content\/uploads\/2025\/11\/ISO-GRANDE.png","contentUrl":"https:\/\/floranueva.com\/wp-content\/uploads\/2025\/11\/ISO-GRANDE.png","width":434,"height":552,"caption":"Flora Nueva"},"image":{"@id":"https:\/\/purple-eland-953371.hostingersite.com\/#\/schema\/logo\/image\/"}}]}},"_links":{"self":[{"href":"https:\/\/floranueva.com\/fr\/wp-json\/wp\/v2\/product\/3065","targetHints":{"allow":["GET"]}}],"collection":[{"href":"https:\/\/floranueva.com\/fr\/wp-json\/wp\/v2\/product"}],"about":[{"href":"https:\/\/floranueva.com\/fr\/wp-json\/wp\/v2\/types\/product"}],"wp:featuredmedia":[{"embeddable":true,"href":"https:\/\/floranueva.com\/fr\/wp-json\/wp\/v2\/media\/4706"}],"wp:attachment":[{"href":"https:\/\/floranueva.com\/fr\/wp-json\/wp\/v2\/media?parent=3065"}],"wp:term":[{"taxonomy":"product_brand","embeddable":true,"href":"https:\/\/floranueva.com\/fr\/wp-json\/wp\/v2\/product_brand?post=3065"},{"taxonomy":"product_cat","embeddable":true,"href":"https:\/\/floranueva.com\/fr\/wp-json\/wp\/v2\/product_cat?post=3065"},{"taxonomy":"product_tag","embeddable":true,"href":"https:\/\/floranueva.com\/fr\/wp-json\/wp\/v2\/product_tag?post=3065"}],"curies":[{"name":"wp","href":"https:\/\/api.w.org\/{rel}","templated":true}]}}