{"id":3088,"date":"2026-01-27T21:00:39","date_gmt":"2026-01-27T21:00:39","guid":{"rendered":"https:\/\/floranueva.com\/producto\/huile-essentielle-dorigan-2\/"},"modified":"2026-03-20T21:11:51","modified_gmt":"2026-03-20T21:11:51","slug":"huile-essentielle-dorigan-2","status":"publish","type":"product","link":"https:\/\/floranueva.com\/fr\/producto\/huile-essentielle-dorigan-2\/","title":{"rendered":"Huile Essentielle d\u2019Origan"},"content":{"rendered":"<p class=\"font-claude-response-body break-words whitespace-normal leading-[1.7]\">Cultiv\u00e9e et distill\u00e9e au c\u0153ur de<strong> l&rsquo;Oasis Agro\u00e9cologique de CoopeCuna<\/strong>, dans la r\u00e9gion Cara\u00efbe du Costa Rica, notre Huile Essentielle d&rsquo;Origan est un concentr\u00e9 de puret\u00e9 qui scelle l&rsquo;excellence d\u00e8s l&rsquo;origine.<\/p>\n<p class=\"font-claude-response-body break-words whitespace-normal leading-[1.7]\">Reconnue pour <strong>sa haute teneur en carvacrol et en thymol<\/strong>, cet extrait \u00e0 certification biologique mat\u00e9rialise la valeur d&rsquo;une culture en harmonie avec la nature. Sa composition naturelle lui conf\u00e8re de puissantes propri\u00e9t\u00e9s antioxydantes et un pr\u00e9cieux soutien au syst\u00e8me immunitaire.<\/p>\n<p class=\"font-claude-response-body break-words whitespace-normal leading-[1.7]\">Un ingr\u00e9dient essentiel qui unit tra\u00e7abilit\u00e9, sens et excellence fonctionnelle \u2014 portant la force du territoire directement dans vos formulations.<\/p>\n<ul>\n<li class=\"whitespace-normal break-words pl-2\"><strong>B\u00e9n\u00e9fice<\/strong> \u2014 Riche en carvacrol et thymol \u2014 soutien immunitaire et puissance antioxydante.<\/li>\n<li class=\"whitespace-normal break-words pl-2\"><strong>Profil aromatique<\/strong> \u2014 Puissant et herbac\u00e9.<\/li>\n<\/ul>\n","protected":false},"excerpt":{"rendered":"<p data-path-to-node=\"3,0\"><b data-path-to-node=\"3,0\" data-index-in-node=\"0\">Puret\u00e9 concentr\u00e9e des Cara\u00efbes.<\/b> Distill\u00e9 dans l\u2019Oasis Agro\u00e9cologique de CoopeCuna, cet extrait se distingue par sa forte teneur en carvacrol et thymol. Un alli\u00e9 indispensable pour soutenir le syst\u00e8me immunitaire et offrir une puissante activit\u00e9 antioxydante, avec une tra\u00e7abilit\u00e9 totale.<\/p>\n<ul>\n<li><strong>Actifs<\/strong> \u2014 Riche en Carvacrol et Thymol.<\/li>\n<li><strong>Certification<\/strong> \u2014 Biologique et d&rsquo;origine coop\u00e9rative.<\/li>\n<li><strong>Profil<\/strong> \u2014 Puissant et herbac\u00e9.<\/li>\n<li style=\"list-style-type: none;\"><\/li>\n<\/ul>\n<p><a href=\"https:\/\/floranueva.com\/fr\/contact\/\"><button class=\"product-button-contact\">Je veux ce produit<\/button><\/a><\/p>\n","protected":false},"featured_media":3089,"template":"","meta":{"site-sidebar-layout":"default","site-content-layout":"","ast-site-content-layout":"default","site-content-style":"default","site-sidebar-style":"default","ast-global-header-display":"","ast-banner-title-visibility":"","ast-main-header-display":"","ast-hfb-above-header-display":"","ast-hfb-below-header-display":"","ast-hfb-mobile-header-display":"","site-post-title":"","ast-breadcrumbs-content":"","ast-featured-img":"","footer-sml-layout":"","theme-transparent-header-meta":"default","adv-header-id-meta":"","stick-header-meta":"","header-above-stick-meta":"","header-main-stick-meta":"","header-below-stick-meta":"","astra-migrate-meta-layouts":"set","ast-page-background-enabled":"default","ast-page-background-meta":{"desktop":{"background-color":"var(--ast-global-color-5)","background-image":"","background-repeat":"repeat","background-position":"center center","background-size":"auto","background-attachment":"scroll","background-type":"","background-media":"","overlay-type":"","overlay-color":"","overlay-opacity":"","overlay-gradient":""},"tablet":{"background-color":"","background-image":"","background-repeat":"repeat","background-position":"center center","background-size":"auto","background-attachment":"scroll","background-type":"","background-media":"","overlay-type":"","overlay-color":"","overlay-opacity":"","overlay-gradient":""},"mobile":{"background-color":"","background-image":"","background-repeat":"repeat","background-position":"center center","background-size":"auto","background-attachment":"scroll","background-type":"","background-media":"","overlay-type":"","overlay-color":"","overlay-opacity":"","overlay-gradient":""}},"ast-content-background-meta":{"desktop":{"background-color":"var(--ast-global-color-4)","background-image":"","background-repeat":"repeat","background-position":"center center","background-size":"auto","background-attachment":"scroll","background-type":"","background-media":"","overlay-type":"","overlay-color":"","overlay-opacity":"","overlay-gradient":""},"tablet":{"background-color":"var(--ast-global-color-4)","background-image":"","background-repeat":"repeat","background-position":"center center","background-size":"auto","background-attachment":"scroll","background-type":"","background-media":"","overlay-type":"","overlay-color":"","overlay-opacity":"","overlay-gradient":""},"mobile":{"background-color":"var(--ast-global-color-4)","background-image":"","background-repeat":"repeat","background-position":"center center","background-size":"auto","background-attachment":"scroll","background-type":"","background-media":"","overlay-type":"","overlay-color":"","overlay-opacity":"","overlay-gradient":""}}},"product_brand":[],"product_cat":[83,85],"product_tag":[],"class_list":{"0":"post-3088","1":"product","2":"type-product","3":"status-publish","4":"has-post-thumbnail","6":"product_cat-ingredients","7":"product_cat-pour-entreprises","8":"desktop-align-left","9":"tablet-align-left","10":"mobile-align-left","12":"first","13":"instock","14":"shipping-taxable","15":"product-type-simple"},"yoast_head":"<!-- This site is optimized with the Yoast SEO plugin v27.3 - https:\/\/yoast.com\/product\/yoast-seo-wordpress\/ -->\n<title>Huile Essentielle d\u2019Origan - Flora Nueva<\/title>\n<meta name=\"description\" content=\"Huile Essentielle d\u2019Origan Biologique, riche en carvacrol et thymol. Distill\u00e9e au Costa Rica avec une tra\u00e7abilit\u00e9 compl\u00e8te. Puissance antioxydante et soutien immunitaire.\" \/>\n<meta name=\"robots\" content=\"index, follow, max-snippet:-1, max-image-preview:large, max-video-preview:-1\" \/>\n<link rel=\"canonical\" href=\"https:\/\/floranueva.com\/fr\/producto\/huile-essentielle-dorigan-2\/\" \/>\n<meta property=\"og:locale\" content=\"fr_FR\" \/>\n<meta property=\"og:type\" content=\"article\" \/>\n<meta property=\"og:title\" content=\"Huile Essentielle d\u2019Origan - Flora Nueva\" \/>\n<meta property=\"og:description\" content=\"Huile Essentielle d\u2019Origan Biologique, riche en carvacrol et thymol. Distill\u00e9e au Costa Rica avec une tra\u00e7abilit\u00e9 compl\u00e8te. Puissance antioxydante et soutien immunitaire.\" \/>\n<meta property=\"og:url\" content=\"https:\/\/floranueva.com\/fr\/producto\/huile-essentielle-dorigan-2\/\" \/>\n<meta property=\"og:site_name\" content=\"Flora Nueva\" \/>\n<meta property=\"article:modified_time\" content=\"2026-03-20T21:11:51+00:00\" \/>\n<meta property=\"og:image\" content=\"https:\/\/floranueva.com\/wp-content\/uploads\/2026\/01\/Aceite-esencial-oregano-scaled.jpg\" \/>\n\t<meta property=\"og:image:width\" content=\"2560\" \/>\n\t<meta property=\"og:image:height\" content=\"2560\" \/>\n\t<meta property=\"og:image:type\" content=\"image\/jpeg\" \/>\n<meta name=\"twitter:card\" content=\"summary_large_image\" \/>\n<meta name=\"twitter:label1\" content=\"Dur\u00e9e de lecture estim\u00e9e\" \/>\n\t<meta name=\"twitter:data1\" content=\"1 minute\" \/>\n<script type=\"application\/ld+json\" class=\"yoast-schema-graph\">{\"@context\":\"https:\\\/\\\/schema.org\",\"@graph\":[{\"@type\":\"WebPage\",\"@id\":\"https:\\\/\\\/floranueva.com\\\/fr\\\/producto\\\/huile-essentielle-dorigan-2\\\/\",\"url\":\"https:\\\/\\\/floranueva.com\\\/fr\\\/producto\\\/huile-essentielle-dorigan-2\\\/\",\"name\":\"Huile Essentielle d\u2019Origan - Flora Nueva\",\"isPartOf\":{\"@id\":\"https:\\\/\\\/purple-eland-953371.hostingersite.com\\\/#website\"},\"primaryImageOfPage\":{\"@id\":\"https:\\\/\\\/floranueva.com\\\/fr\\\/producto\\\/huile-essentielle-dorigan-2\\\/#primaryimage\"},\"image\":{\"@id\":\"https:\\\/\\\/floranueva.com\\\/fr\\\/producto\\\/huile-essentielle-dorigan-2\\\/#primaryimage\"},\"thumbnailUrl\":\"https:\\\/\\\/floranueva.com\\\/wp-content\\\/uploads\\\/2026\\\/01\\\/Aceite-esencial-oregano-scaled.jpg\",\"datePublished\":\"2026-01-27T21:00:39+00:00\",\"dateModified\":\"2026-03-20T21:11:51+00:00\",\"description\":\"Huile Essentielle d\u2019Origan Biologique, riche en carvacrol et thymol. Distill\u00e9e au Costa Rica avec une tra\u00e7abilit\u00e9 compl\u00e8te. Puissance antioxydante et soutien immunitaire.\",\"breadcrumb\":{\"@id\":\"https:\\\/\\\/floranueva.com\\\/fr\\\/producto\\\/huile-essentielle-dorigan-2\\\/#breadcrumb\"},\"inLanguage\":\"fr-FR\",\"potentialAction\":[{\"@type\":\"ReadAction\",\"target\":[\"https:\\\/\\\/floranueva.com\\\/fr\\\/producto\\\/huile-essentielle-dorigan-2\\\/\"]}]},{\"@type\":\"ImageObject\",\"inLanguage\":\"fr-FR\",\"@id\":\"https:\\\/\\\/floranueva.com\\\/fr\\\/producto\\\/huile-essentielle-dorigan-2\\\/#primaryimage\",\"url\":\"https:\\\/\\\/floranueva.com\\\/wp-content\\\/uploads\\\/2026\\\/01\\\/Aceite-esencial-oregano-scaled.jpg\",\"contentUrl\":\"https:\\\/\\\/floranueva.com\\\/wp-content\\\/uploads\\\/2026\\\/01\\\/Aceite-esencial-oregano-scaled.jpg\",\"width\":2560,\"height\":2560,\"caption\":\"aceite esencial or\u00e9gano Flora Nueva\"},{\"@type\":\"BreadcrumbList\",\"@id\":\"https:\\\/\\\/floranueva.com\\\/fr\\\/producto\\\/huile-essentielle-dorigan-2\\\/#breadcrumb\",\"itemListElement\":[{\"@type\":\"ListItem\",\"position\":1,\"name\":\"Portada\",\"item\":\"https:\\\/\\\/floranueva.com\\\/fr\\\/\"},{\"@type\":\"ListItem\",\"position\":2,\"name\":\"Boutique\",\"item\":\"https:\\\/\\\/floranueva.com\\\/fr\\\/boutique\\\/\"},{\"@type\":\"ListItem\",\"position\":3,\"name\":\"Huile Essentielle d\u2019Origan\"}]},{\"@type\":\"WebSite\",\"@id\":\"https:\\\/\\\/purple-eland-953371.hostingersite.com\\\/#website\",\"url\":\"https:\\\/\\\/purple-eland-953371.hostingersite.com\\\/\",\"name\":\"Flora Nueva\",\"description\":\"\",\"publisher\":{\"@id\":\"https:\\\/\\\/purple-eland-953371.hostingersite.com\\\/#organization\"},\"potentialAction\":[{\"@type\":\"SearchAction\",\"target\":{\"@type\":\"EntryPoint\",\"urlTemplate\":\"https:\\\/\\\/purple-eland-953371.hostingersite.com\\\/?s={search_term_string}\"},\"query-input\":{\"@type\":\"PropertyValueSpecification\",\"valueRequired\":true,\"valueName\":\"search_term_string\"}}],\"inLanguage\":\"fr-FR\"},{\"@type\":\"Organization\",\"@id\":\"https:\\\/\\\/purple-eland-953371.hostingersite.com\\\/#organization\",\"name\":\"Flora Nueva\",\"url\":\"https:\\\/\\\/purple-eland-953371.hostingersite.com\\\/\",\"logo\":{\"@type\":\"ImageObject\",\"inLanguage\":\"fr-FR\",\"@id\":\"https:\\\/\\\/purple-eland-953371.hostingersite.com\\\/#\\\/schema\\\/logo\\\/image\\\/\",\"url\":\"https:\\\/\\\/floranueva.com\\\/wp-content\\\/uploads\\\/2025\\\/11\\\/ISO-GRANDE.png\",\"contentUrl\":\"https:\\\/\\\/floranueva.com\\\/wp-content\\\/uploads\\\/2025\\\/11\\\/ISO-GRANDE.png\",\"width\":434,\"height\":552,\"caption\":\"Flora Nueva\"},\"image\":{\"@id\":\"https:\\\/\\\/purple-eland-953371.hostingersite.com\\\/#\\\/schema\\\/logo\\\/image\\\/\"}}]}<\/script>\n<!-- \/ Yoast SEO plugin. -->","yoast_head_json":{"title":"Huile Essentielle d\u2019Origan - Flora Nueva","description":"Huile Essentielle d\u2019Origan Biologique, riche en carvacrol et thymol. Distill\u00e9e au Costa Rica avec une tra\u00e7abilit\u00e9 compl\u00e8te. Puissance antioxydante et soutien immunitaire.","robots":{"index":"index","follow":"follow","max-snippet":"max-snippet:-1","max-image-preview":"max-image-preview:large","max-video-preview":"max-video-preview:-1"},"canonical":"https:\/\/floranueva.com\/fr\/producto\/huile-essentielle-dorigan-2\/","og_locale":"fr_FR","og_type":"article","og_title":"Huile Essentielle d\u2019Origan - Flora Nueva","og_description":"Huile Essentielle d\u2019Origan Biologique, riche en carvacrol et thymol. Distill\u00e9e au Costa Rica avec une tra\u00e7abilit\u00e9 compl\u00e8te. Puissance antioxydante et soutien immunitaire.","og_url":"https:\/\/floranueva.com\/fr\/producto\/huile-essentielle-dorigan-2\/","og_site_name":"Flora Nueva","article_modified_time":"2026-03-20T21:11:51+00:00","og_image":[{"width":2560,"height":2560,"url":"https:\/\/floranueva.com\/wp-content\/uploads\/2026\/01\/Aceite-esencial-oregano-scaled.jpg","type":"image\/jpeg"}],"twitter_card":"summary_large_image","twitter_misc":{"Dur\u00e9e de lecture estim\u00e9e":"1 minute"},"schema":{"@context":"https:\/\/schema.org","@graph":[{"@type":"WebPage","@id":"https:\/\/floranueva.com\/fr\/producto\/huile-essentielle-dorigan-2\/","url":"https:\/\/floranueva.com\/fr\/producto\/huile-essentielle-dorigan-2\/","name":"Huile Essentielle d\u2019Origan - Flora Nueva","isPartOf":{"@id":"https:\/\/purple-eland-953371.hostingersite.com\/#website"},"primaryImageOfPage":{"@id":"https:\/\/floranueva.com\/fr\/producto\/huile-essentielle-dorigan-2\/#primaryimage"},"image":{"@id":"https:\/\/floranueva.com\/fr\/producto\/huile-essentielle-dorigan-2\/#primaryimage"},"thumbnailUrl":"https:\/\/floranueva.com\/wp-content\/uploads\/2026\/01\/Aceite-esencial-oregano-scaled.jpg","datePublished":"2026-01-27T21:00:39+00:00","dateModified":"2026-03-20T21:11:51+00:00","description":"Huile Essentielle d\u2019Origan Biologique, riche en carvacrol et thymol. Distill\u00e9e au Costa Rica avec une tra\u00e7abilit\u00e9 compl\u00e8te. Puissance antioxydante et soutien immunitaire.","breadcrumb":{"@id":"https:\/\/floranueva.com\/fr\/producto\/huile-essentielle-dorigan-2\/#breadcrumb"},"inLanguage":"fr-FR","potentialAction":[{"@type":"ReadAction","target":["https:\/\/floranueva.com\/fr\/producto\/huile-essentielle-dorigan-2\/"]}]},{"@type":"ImageObject","inLanguage":"fr-FR","@id":"https:\/\/floranueva.com\/fr\/producto\/huile-essentielle-dorigan-2\/#primaryimage","url":"https:\/\/floranueva.com\/wp-content\/uploads\/2026\/01\/Aceite-esencial-oregano-scaled.jpg","contentUrl":"https:\/\/floranueva.com\/wp-content\/uploads\/2026\/01\/Aceite-esencial-oregano-scaled.jpg","width":2560,"height":2560,"caption":"aceite esencial or\u00e9gano Flora Nueva"},{"@type":"BreadcrumbList","@id":"https:\/\/floranueva.com\/fr\/producto\/huile-essentielle-dorigan-2\/#breadcrumb","itemListElement":[{"@type":"ListItem","position":1,"name":"Portada","item":"https:\/\/floranueva.com\/fr\/"},{"@type":"ListItem","position":2,"name":"Boutique","item":"https:\/\/floranueva.com\/fr\/boutique\/"},{"@type":"ListItem","position":3,"name":"Huile Essentielle d\u2019Origan"}]},{"@type":"WebSite","@id":"https:\/\/purple-eland-953371.hostingersite.com\/#website","url":"https:\/\/purple-eland-953371.hostingersite.com\/","name":"Flora Nueva","description":"","publisher":{"@id":"https:\/\/purple-eland-953371.hostingersite.com\/#organization"},"potentialAction":[{"@type":"SearchAction","target":{"@type":"EntryPoint","urlTemplate":"https:\/\/purple-eland-953371.hostingersite.com\/?s={search_term_string}"},"query-input":{"@type":"PropertyValueSpecification","valueRequired":true,"valueName":"search_term_string"}}],"inLanguage":"fr-FR"},{"@type":"Organization","@id":"https:\/\/purple-eland-953371.hostingersite.com\/#organization","name":"Flora Nueva","url":"https:\/\/purple-eland-953371.hostingersite.com\/","logo":{"@type":"ImageObject","inLanguage":"fr-FR","@id":"https:\/\/purple-eland-953371.hostingersite.com\/#\/schema\/logo\/image\/","url":"https:\/\/floranueva.com\/wp-content\/uploads\/2025\/11\/ISO-GRANDE.png","contentUrl":"https:\/\/floranueva.com\/wp-content\/uploads\/2025\/11\/ISO-GRANDE.png","width":434,"height":552,"caption":"Flora Nueva"},"image":{"@id":"https:\/\/purple-eland-953371.hostingersite.com\/#\/schema\/logo\/image\/"}}]}},"_links":{"self":[{"href":"https:\/\/floranueva.com\/fr\/wp-json\/wp\/v2\/product\/3088","targetHints":{"allow":["GET"]}}],"collection":[{"href":"https:\/\/floranueva.com\/fr\/wp-json\/wp\/v2\/product"}],"about":[{"href":"https:\/\/floranueva.com\/fr\/wp-json\/wp\/v2\/types\/product"}],"wp:featuredmedia":[{"embeddable":true,"href":"https:\/\/floranueva.com\/fr\/wp-json\/wp\/v2\/media\/3089"}],"wp:attachment":[{"href":"https:\/\/floranueva.com\/fr\/wp-json\/wp\/v2\/media?parent=3088"}],"wp:term":[{"taxonomy":"product_brand","embeddable":true,"href":"https:\/\/floranueva.com\/fr\/wp-json\/wp\/v2\/product_brand?post=3088"},{"taxonomy":"product_cat","embeddable":true,"href":"https:\/\/floranueva.com\/fr\/wp-json\/wp\/v2\/product_cat?post=3088"},{"taxonomy":"product_tag","embeddable":true,"href":"https:\/\/floranueva.com\/fr\/wp-json\/wp\/v2\/product_tag?post=3088"}],"curies":[{"name":"wp","href":"https:\/\/api.w.org\/{rel}","templated":true}]}}