{"id":3283,"date":"2025-12-09T22:19:15","date_gmt":"2025-12-09T22:19:15","guid":{"rendered":"https:\/\/floranueva.com\/producto\/repliquer-notre-modele-deployer-lagroecologie-et-linnovation-territoriale\/"},"modified":"2026-02-12T00:43:34","modified_gmt":"2026-02-12T00:43:34","slug":"repliquer-notre-modele-deployer-lagroecologie-et-linnovation-territoriale","status":"publish","type":"product","link":"https:\/\/floranueva.com\/fr\/producto\/repliquer-notre-modele-deployer-lagroecologie-et-linnovation-territoriale\/","title":{"rendered":"R\u00e9pliquer notre mod\u00e8le : d\u00e9ployer l\u2019agro\u00e9cologie et l\u2019innovation territoriale"},"content":{"rendered":"<p><span style=\"font-weight: 400;\">Notre mod\u00e8le est un syst\u00e8me r\u00e9plicable et adaptable, con\u00e7u pour \u00eatre d\u00e9ploy\u00e9 dans des contextes vari\u00e9s avec un objectif clair : r\u00e9g\u00e9n\u00e9rer la biodiversit\u00e9, renforcer les \u00e9conomies locales et cr\u00e9er de la valeur partag\u00e9e.<\/span><\/p>\n<p><b>R\u00c9PLIQUER LE MOD\u00c8LE FLORA NUEVA, C\u2019EST :<\/b><\/p>\n<p><span style=\"font-weight: 400;\">Nous transf\u00e9rons notre m\u00e9thodologie, nos protocoles et notre expertise technique, en les adaptant aux r\u00e9alit\u00e9s sociales et environnementales de chaque territoire, pour ainsi :<\/span><\/p>\n<ul>\n<li style=\"font-weight: 400;\" aria-level=\"1\">Mettre en \u0153uvre des agro-cha\u00eenes int\u00e9gr\u00e9es : Des syst\u00e8mes couvrant la production primaire, la transformation locale et la valorisation finale des ingr\u00e9dients naturels.<\/li>\n<li style=\"font-weight: 400;\" aria-level=\"1\">Int\u00e9grer la biodiversit\u00e9 fonctionnelle : L\u2019utilisation d\u2019abeilles natives, de polycultures et de plantes sauvages comme leviers de r\u00e9silience \u00e9cologique et \u00e9conomique.<\/li>\n<li style=\"font-weight: 400;\" aria-level=\"1\">D\u00e9velopper des Village Industries : La cr\u00e9ation d\u2019unit\u00e9s productives territoriales g\u00e9n\u00e9rant des revenus, des savoirs et une autonomie locale gr\u00e2ce \u00e0 la redistribution de la valeur ajout\u00e9e.<\/li>\n<li style=\"font-weight: 400;\" aria-level=\"1\">Renforcer la gouvernance et les connaissances : La construction d\u2019une coh\u00e9sion sociale au sein de l\u2019agro-cha\u00eene, garantissant que les savoirs techniques, agricoles et administratifs soient compris, appropri\u00e9s et g\u00e9r\u00e9s par les communaut\u00e9s.<\/li>\n<\/ul>\n<p>Impact et changement d\u2019\u00e9chelle : Nous accompagnons les entreprises, ONG, organismes de coop\u00e9ration internationale et collectivit\u00e9s locales souhaitant transformer des projets pilotes en mod\u00e8les de d\u00e9veloppement \u00e9volutifs, \u00e0 impact mesurable et \u00e0 vision de long terme.<\/p>\n","protected":false},"excerpt":{"rendered":"<p><b>R\u00e9plication du Mod\u00e8le et Changement d\u2019\u00c9chelle<\/b><\/p>\n<p><span style=\"font-weight: 400;\">Transfert de m\u00e9thodologies pour mettre en \u0153uvre des agro-cha\u00eenes r\u00e9g\u00e9n\u00e9ratives et des unit\u00e9s de transformation locale (Village Industries).<\/span><\/p>\n<ul>\n<li style=\"font-weight: 400;\" aria-level=\"1\">Approche : Autonomie \u00e9conomique, biodiversit\u00e9 et valorisation des ingr\u00e9dients.<\/li>\n<li style=\"font-weight: 400;\" aria-level=\"1\">Public cible : Entreprises, ONG et territoires porteurs d\u2019une vision d\u2019impact global.<\/li>\n<\/ul>\n<p><a href=\"https:\/\/floranueva.com\/fr\/contact\/\"><button class=\"product-button-contact\">Je veux ce service<\/button><\/a><\/p>\n","protected":false},"featured_media":5330,"template":"","meta":{"site-sidebar-layout":"default","site-content-layout":"","ast-site-content-layout":"default","site-content-style":"default","site-sidebar-style":"default","ast-global-header-display":"","ast-banner-title-visibility":"","ast-main-header-display":"","ast-hfb-above-header-display":"","ast-hfb-below-header-display":"","ast-hfb-mobile-header-display":"","site-post-title":"","ast-breadcrumbs-content":"","ast-featured-img":"","footer-sml-layout":"","theme-transparent-header-meta":"default","adv-header-id-meta":"","stick-header-meta":"","header-above-stick-meta":"","header-main-stick-meta":"","header-below-stick-meta":"","astra-migrate-meta-layouts":"default","ast-page-background-enabled":"default","ast-page-background-meta":{"desktop":{"background-color":"var(--ast-global-color-5)","background-image":"","background-repeat":"repeat","background-position":"center center","background-size":"auto","background-attachment":"scroll","background-type":"","background-media":"","overlay-type":"","overlay-color":"","overlay-opacity":"","overlay-gradient":""},"tablet":{"background-color":"","background-image":"","background-repeat":"repeat","background-position":"center center","background-size":"auto","background-attachment":"scroll","background-type":"","background-media":"","overlay-type":"","overlay-color":"","overlay-opacity":"","overlay-gradient":""},"mobile":{"background-color":"","background-image":"","background-repeat":"repeat","background-position":"center center","background-size":"auto","background-attachment":"scroll","background-type":"","background-media":"","overlay-type":"","overlay-color":"","overlay-opacity":"","overlay-gradient":""}},"ast-content-background-meta":{"desktop":{"background-color":"var(--ast-global-color-4)","background-image":"","background-repeat":"repeat","background-position":"center center","background-size":"auto","background-attachment":"scroll","background-type":"","background-media":"","overlay-type":"","overlay-color":"","overlay-opacity":"","overlay-gradient":""},"tablet":{"background-color":"var(--ast-global-color-4)","background-image":"","background-repeat":"repeat","background-position":"center center","background-size":"auto","background-attachment":"scroll","background-type":"","background-media":"","overlay-type":"","overlay-color":"","overlay-opacity":"","overlay-gradient":""},"mobile":{"background-color":"var(--ast-global-color-4)","background-image":"","background-repeat":"repeat","background-position":"center center","background-size":"auto","background-attachment":"scroll","background-type":"","background-media":"","overlay-type":"","overlay-color":"","overlay-opacity":"","overlay-gradient":""}}},"product_brand":[],"product_cat":[104],"product_tag":[106,108,94,114,107,105],"class_list":{"0":"post-3283","1":"product","2":"type-product","3":"status-publish","4":"has-post-thumbnail","6":"product_cat-services","7":"product_tag-consultations","8":"product_tag-developpement","9":"product_tag-flora-nueva","10":"product_tag-modele","11":"product_tag-recherche","12":"product_tag-services","13":"desktop-align-left","14":"tablet-align-left","15":"mobile-align-left","17":"first","18":"instock","19":"shipping-taxable","20":"product-type-simple"},"yoast_head":"<!-- This site is optimized with the Yoast SEO plugin v27.3 - https:\/\/yoast.com\/product\/yoast-seo-wordpress\/ -->\n<title>R\u00e9pliquer notre mod\u00e8le : d\u00e9ployer l\u2019agro\u00e9cologie et l\u2019innovation territoriale - Flora Nueva<\/title>\n<meta name=\"description\" content=\"Mettre en \u0153uvre des mod\u00e8les de d\u00e9veloppement \u00e9volutifs et r\u00e9plicables. Nous transformons les territoires gr\u00e2ce \u00e0 des agro-cha\u00eenes int\u00e9gr\u00e9es, une biodiversit\u00e9 fonctionnelle et une autonomie locale.\" \/>\n<meta name=\"robots\" content=\"index, follow, max-snippet:-1, max-image-preview:large, max-video-preview:-1\" \/>\n<link rel=\"canonical\" href=\"https:\/\/floranueva.com\/fr\/producto\/repliquer-notre-modele-deployer-lagroecologie-et-linnovation-territoriale\/\" \/>\n<meta property=\"og:locale\" content=\"fr_FR\" \/>\n<meta property=\"og:type\" content=\"article\" \/>\n<meta property=\"og:title\" content=\"R\u00e9pliquer notre mod\u00e8le : d\u00e9ployer l\u2019agro\u00e9cologie et l\u2019innovation territoriale - Flora Nueva\" \/>\n<meta property=\"og:description\" content=\"Mettre en \u0153uvre des mod\u00e8les de d\u00e9veloppement \u00e9volutifs et r\u00e9plicables. Nous transformons les territoires gr\u00e2ce \u00e0 des agro-cha\u00eenes int\u00e9gr\u00e9es, une biodiversit\u00e9 fonctionnelle et une autonomie locale.\" \/>\n<meta property=\"og:url\" content=\"https:\/\/floranueva.com\/fr\/producto\/repliquer-notre-modele-deployer-lagroecologie-et-linnovation-territoriale\/\" \/>\n<meta property=\"og:site_name\" content=\"Flora Nueva\" \/>\n<meta property=\"article:modified_time\" content=\"2026-02-12T00:43:34+00:00\" \/>\n<meta property=\"og:image\" content=\"https:\/\/floranueva.com\/wp-content\/uploads\/2025\/12\/Replica-nuestro-modelo-ejemplo-foto-1_FINAL.png-1.jpg\" \/>\n\t<meta property=\"og:image:width\" content=\"1536\" \/>\n\t<meta property=\"og:image:height\" content=\"1024\" \/>\n\t<meta property=\"og:image:type\" content=\"image\/jpeg\" \/>\n<meta name=\"twitter:card\" content=\"summary_large_image\" \/>\n<meta name=\"twitter:label1\" content=\"Dur\u00e9e de lecture estim\u00e9e\" \/>\n\t<meta name=\"twitter:data1\" content=\"1 minute\" \/>\n<script type=\"application\/ld+json\" class=\"yoast-schema-graph\">{\"@context\":\"https:\\\/\\\/schema.org\",\"@graph\":[{\"@type\":\"WebPage\",\"@id\":\"https:\\\/\\\/floranueva.com\\\/fr\\\/producto\\\/repliquer-notre-modele-deployer-lagroecologie-et-linnovation-territoriale\\\/\",\"url\":\"https:\\\/\\\/floranueva.com\\\/fr\\\/producto\\\/repliquer-notre-modele-deployer-lagroecologie-et-linnovation-territoriale\\\/\",\"name\":\"R\u00e9pliquer notre mod\u00e8le : d\u00e9ployer l\u2019agro\u00e9cologie et l\u2019innovation territoriale - Flora Nueva\",\"isPartOf\":{\"@id\":\"https:\\\/\\\/purple-eland-953371.hostingersite.com\\\/#website\"},\"primaryImageOfPage\":{\"@id\":\"https:\\\/\\\/floranueva.com\\\/fr\\\/producto\\\/repliquer-notre-modele-deployer-lagroecologie-et-linnovation-territoriale\\\/#primaryimage\"},\"image\":{\"@id\":\"https:\\\/\\\/floranueva.com\\\/fr\\\/producto\\\/repliquer-notre-modele-deployer-lagroecologie-et-linnovation-territoriale\\\/#primaryimage\"},\"thumbnailUrl\":\"https:\\\/\\\/floranueva.com\\\/wp-content\\\/uploads\\\/2025\\\/12\\\/Replica-nuestro-modelo-ejemplo-foto-1_FINAL.png-1.jpg\",\"datePublished\":\"2025-12-09T22:19:15+00:00\",\"dateModified\":\"2026-02-12T00:43:34+00:00\",\"description\":\"Mettre en \u0153uvre des mod\u00e8les de d\u00e9veloppement \u00e9volutifs et r\u00e9plicables. Nous transformons les territoires gr\u00e2ce \u00e0 des agro-cha\u00eenes int\u00e9gr\u00e9es, une biodiversit\u00e9 fonctionnelle et une autonomie locale.\",\"breadcrumb\":{\"@id\":\"https:\\\/\\\/floranueva.com\\\/fr\\\/producto\\\/repliquer-notre-modele-deployer-lagroecologie-et-linnovation-territoriale\\\/#breadcrumb\"},\"inLanguage\":\"fr-FR\",\"potentialAction\":[{\"@type\":\"ReadAction\",\"target\":[\"https:\\\/\\\/floranueva.com\\\/fr\\\/producto\\\/repliquer-notre-modele-deployer-lagroecologie-et-linnovation-territoriale\\\/\"]}]},{\"@type\":\"ImageObject\",\"inLanguage\":\"fr-FR\",\"@id\":\"https:\\\/\\\/floranueva.com\\\/fr\\\/producto\\\/repliquer-notre-modele-deployer-lagroecologie-et-linnovation-territoriale\\\/#primaryimage\",\"url\":\"https:\\\/\\\/floranueva.com\\\/wp-content\\\/uploads\\\/2025\\\/12\\\/Replica-nuestro-modelo-ejemplo-foto-1_FINAL.png-1.jpg\",\"contentUrl\":\"https:\\\/\\\/floranueva.com\\\/wp-content\\\/uploads\\\/2025\\\/12\\\/Replica-nuestro-modelo-ejemplo-foto-1_FINAL.png-1.jpg\",\"width\":1536,\"height\":1024,\"caption\":\"camplo Flora Nueva\"},{\"@type\":\"BreadcrumbList\",\"@id\":\"https:\\\/\\\/floranueva.com\\\/fr\\\/producto\\\/repliquer-notre-modele-deployer-lagroecologie-et-linnovation-territoriale\\\/#breadcrumb\",\"itemListElement\":[{\"@type\":\"ListItem\",\"position\":1,\"name\":\"Portada\",\"item\":\"https:\\\/\\\/floranueva.com\\\/fr\\\/\"},{\"@type\":\"ListItem\",\"position\":2,\"name\":\"Boutique\",\"item\":\"https:\\\/\\\/floranueva.com\\\/fr\\\/boutique\\\/\"},{\"@type\":\"ListItem\",\"position\":3,\"name\":\"R\u00e9pliquer notre mod\u00e8le : d\u00e9ployer l\u2019agro\u00e9cologie et l\u2019innovation territoriale\"}]},{\"@type\":\"WebSite\",\"@id\":\"https:\\\/\\\/purple-eland-953371.hostingersite.com\\\/#website\",\"url\":\"https:\\\/\\\/purple-eland-953371.hostingersite.com\\\/\",\"name\":\"Flora Nueva\",\"description\":\"\",\"publisher\":{\"@id\":\"https:\\\/\\\/purple-eland-953371.hostingersite.com\\\/#organization\"},\"potentialAction\":[{\"@type\":\"SearchAction\",\"target\":{\"@type\":\"EntryPoint\",\"urlTemplate\":\"https:\\\/\\\/purple-eland-953371.hostingersite.com\\\/?s={search_term_string}\"},\"query-input\":{\"@type\":\"PropertyValueSpecification\",\"valueRequired\":true,\"valueName\":\"search_term_string\"}}],\"inLanguage\":\"fr-FR\"},{\"@type\":\"Organization\",\"@id\":\"https:\\\/\\\/purple-eland-953371.hostingersite.com\\\/#organization\",\"name\":\"Flora Nueva\",\"url\":\"https:\\\/\\\/purple-eland-953371.hostingersite.com\\\/\",\"logo\":{\"@type\":\"ImageObject\",\"inLanguage\":\"fr-FR\",\"@id\":\"https:\\\/\\\/purple-eland-953371.hostingersite.com\\\/#\\\/schema\\\/logo\\\/image\\\/\",\"url\":\"https:\\\/\\\/floranueva.com\\\/wp-content\\\/uploads\\\/2025\\\/11\\\/ISO-GRANDE.png\",\"contentUrl\":\"https:\\\/\\\/floranueva.com\\\/wp-content\\\/uploads\\\/2025\\\/11\\\/ISO-GRANDE.png\",\"width\":434,\"height\":552,\"caption\":\"Flora Nueva\"},\"image\":{\"@id\":\"https:\\\/\\\/purple-eland-953371.hostingersite.com\\\/#\\\/schema\\\/logo\\\/image\\\/\"}}]}<\/script>\n<!-- \/ Yoast SEO plugin. -->","yoast_head_json":{"title":"R\u00e9pliquer notre mod\u00e8le : d\u00e9ployer l\u2019agro\u00e9cologie et l\u2019innovation territoriale - Flora Nueva","description":"Mettre en \u0153uvre des mod\u00e8les de d\u00e9veloppement \u00e9volutifs et r\u00e9plicables. Nous transformons les territoires gr\u00e2ce \u00e0 des agro-cha\u00eenes int\u00e9gr\u00e9es, une biodiversit\u00e9 fonctionnelle et une autonomie locale.","robots":{"index":"index","follow":"follow","max-snippet":"max-snippet:-1","max-image-preview":"max-image-preview:large","max-video-preview":"max-video-preview:-1"},"canonical":"https:\/\/floranueva.com\/fr\/producto\/repliquer-notre-modele-deployer-lagroecologie-et-linnovation-territoriale\/","og_locale":"fr_FR","og_type":"article","og_title":"R\u00e9pliquer notre mod\u00e8le : d\u00e9ployer l\u2019agro\u00e9cologie et l\u2019innovation territoriale - Flora Nueva","og_description":"Mettre en \u0153uvre des mod\u00e8les de d\u00e9veloppement \u00e9volutifs et r\u00e9plicables. Nous transformons les territoires gr\u00e2ce \u00e0 des agro-cha\u00eenes int\u00e9gr\u00e9es, une biodiversit\u00e9 fonctionnelle et une autonomie locale.","og_url":"https:\/\/floranueva.com\/fr\/producto\/repliquer-notre-modele-deployer-lagroecologie-et-linnovation-territoriale\/","og_site_name":"Flora Nueva","article_modified_time":"2026-02-12T00:43:34+00:00","og_image":[{"width":1536,"height":1024,"url":"https:\/\/floranueva.com\/wp-content\/uploads\/2025\/12\/Replica-nuestro-modelo-ejemplo-foto-1_FINAL.png-1.jpg","type":"image\/jpeg"}],"twitter_card":"summary_large_image","twitter_misc":{"Dur\u00e9e de lecture estim\u00e9e":"1 minute"},"schema":{"@context":"https:\/\/schema.org","@graph":[{"@type":"WebPage","@id":"https:\/\/floranueva.com\/fr\/producto\/repliquer-notre-modele-deployer-lagroecologie-et-linnovation-territoriale\/","url":"https:\/\/floranueva.com\/fr\/producto\/repliquer-notre-modele-deployer-lagroecologie-et-linnovation-territoriale\/","name":"R\u00e9pliquer notre mod\u00e8le : d\u00e9ployer l\u2019agro\u00e9cologie et l\u2019innovation territoriale - Flora Nueva","isPartOf":{"@id":"https:\/\/purple-eland-953371.hostingersite.com\/#website"},"primaryImageOfPage":{"@id":"https:\/\/floranueva.com\/fr\/producto\/repliquer-notre-modele-deployer-lagroecologie-et-linnovation-territoriale\/#primaryimage"},"image":{"@id":"https:\/\/floranueva.com\/fr\/producto\/repliquer-notre-modele-deployer-lagroecologie-et-linnovation-territoriale\/#primaryimage"},"thumbnailUrl":"https:\/\/floranueva.com\/wp-content\/uploads\/2025\/12\/Replica-nuestro-modelo-ejemplo-foto-1_FINAL.png-1.jpg","datePublished":"2025-12-09T22:19:15+00:00","dateModified":"2026-02-12T00:43:34+00:00","description":"Mettre en \u0153uvre des mod\u00e8les de d\u00e9veloppement \u00e9volutifs et r\u00e9plicables. Nous transformons les territoires gr\u00e2ce \u00e0 des agro-cha\u00eenes int\u00e9gr\u00e9es, une biodiversit\u00e9 fonctionnelle et une autonomie locale.","breadcrumb":{"@id":"https:\/\/floranueva.com\/fr\/producto\/repliquer-notre-modele-deployer-lagroecologie-et-linnovation-territoriale\/#breadcrumb"},"inLanguage":"fr-FR","potentialAction":[{"@type":"ReadAction","target":["https:\/\/floranueva.com\/fr\/producto\/repliquer-notre-modele-deployer-lagroecologie-et-linnovation-territoriale\/"]}]},{"@type":"ImageObject","inLanguage":"fr-FR","@id":"https:\/\/floranueva.com\/fr\/producto\/repliquer-notre-modele-deployer-lagroecologie-et-linnovation-territoriale\/#primaryimage","url":"https:\/\/floranueva.com\/wp-content\/uploads\/2025\/12\/Replica-nuestro-modelo-ejemplo-foto-1_FINAL.png-1.jpg","contentUrl":"https:\/\/floranueva.com\/wp-content\/uploads\/2025\/12\/Replica-nuestro-modelo-ejemplo-foto-1_FINAL.png-1.jpg","width":1536,"height":1024,"caption":"camplo Flora Nueva"},{"@type":"BreadcrumbList","@id":"https:\/\/floranueva.com\/fr\/producto\/repliquer-notre-modele-deployer-lagroecologie-et-linnovation-territoriale\/#breadcrumb","itemListElement":[{"@type":"ListItem","position":1,"name":"Portada","item":"https:\/\/floranueva.com\/fr\/"},{"@type":"ListItem","position":2,"name":"Boutique","item":"https:\/\/floranueva.com\/fr\/boutique\/"},{"@type":"ListItem","position":3,"name":"R\u00e9pliquer notre mod\u00e8le : d\u00e9ployer l\u2019agro\u00e9cologie et l\u2019innovation territoriale"}]},{"@type":"WebSite","@id":"https:\/\/purple-eland-953371.hostingersite.com\/#website","url":"https:\/\/purple-eland-953371.hostingersite.com\/","name":"Flora Nueva","description":"","publisher":{"@id":"https:\/\/purple-eland-953371.hostingersite.com\/#organization"},"potentialAction":[{"@type":"SearchAction","target":{"@type":"EntryPoint","urlTemplate":"https:\/\/purple-eland-953371.hostingersite.com\/?s={search_term_string}"},"query-input":{"@type":"PropertyValueSpecification","valueRequired":true,"valueName":"search_term_string"}}],"inLanguage":"fr-FR"},{"@type":"Organization","@id":"https:\/\/purple-eland-953371.hostingersite.com\/#organization","name":"Flora Nueva","url":"https:\/\/purple-eland-953371.hostingersite.com\/","logo":{"@type":"ImageObject","inLanguage":"fr-FR","@id":"https:\/\/purple-eland-953371.hostingersite.com\/#\/schema\/logo\/image\/","url":"https:\/\/floranueva.com\/wp-content\/uploads\/2025\/11\/ISO-GRANDE.png","contentUrl":"https:\/\/floranueva.com\/wp-content\/uploads\/2025\/11\/ISO-GRANDE.png","width":434,"height":552,"caption":"Flora Nueva"},"image":{"@id":"https:\/\/purple-eland-953371.hostingersite.com\/#\/schema\/logo\/image\/"}}]}},"_links":{"self":[{"href":"https:\/\/floranueva.com\/fr\/wp-json\/wp\/v2\/product\/3283","targetHints":{"allow":["GET"]}}],"collection":[{"href":"https:\/\/floranueva.com\/fr\/wp-json\/wp\/v2\/product"}],"about":[{"href":"https:\/\/floranueva.com\/fr\/wp-json\/wp\/v2\/types\/product"}],"wp:featuredmedia":[{"embeddable":true,"href":"https:\/\/floranueva.com\/fr\/wp-json\/wp\/v2\/media\/5330"}],"wp:attachment":[{"href":"https:\/\/floranueva.com\/fr\/wp-json\/wp\/v2\/media?parent=3283"}],"wp:term":[{"taxonomy":"product_brand","embeddable":true,"href":"https:\/\/floranueva.com\/fr\/wp-json\/wp\/v2\/product_brand?post=3283"},{"taxonomy":"product_cat","embeddable":true,"href":"https:\/\/floranueva.com\/fr\/wp-json\/wp\/v2\/product_cat?post=3283"},{"taxonomy":"product_tag","embeddable":true,"href":"https:\/\/floranueva.com\/fr\/wp-json\/wp\/v2\/product_tag?post=3283"}],"curies":[{"name":"wp","href":"https:\/\/api.w.org\/{rel}","templated":true}]}}