{"id":4807,"date":"2025-12-09T20:47:42","date_gmt":"2025-12-09T20:47:42","guid":{"rendered":"https:\/\/floranueva.com\/producto\/oleo-cacao\/"},"modified":"2026-03-20T20:32:58","modified_gmt":"2026-03-20T20:32:58","slug":"oleo-cacao","status":"publish","type":"product","link":"https:\/\/floranueva.com\/fr\/producto\/oleo-cacao\/","title":{"rendered":"Ol\u00e9o Cacao"},"content":{"rendered":"<p>Notre Ol\u00e9o Cacao s&rsquo;inscrit dans notre d\u00e9marche bean-to-bar \u2014 o\u00f9 le beurre de cacao est l&rsquo;une des expressions les plus abouties que la fili\u00e8re puisse offrir. Contrairement aux proc\u00e9d\u00e9s industriels massifs, ce produit est enti\u00e8rement transform\u00e9 dans le territoire, de la fermentation jusqu&rsquo;\u00e0 l&rsquo;extraction finale.<\/p>\n<p>Cet extrait pur pr\u00e9serve les graisses naturelles et l&rsquo;ar\u00f4me authentique du cacao. Alli\u00e9 exceptionnel pour la protection et la douceur de la peau, il vous garantit un produit sans interm\u00e9diaires \u2014 qui b\u00e9n\u00e9ficie directement aux gardiens d&rsquo;un environnement pur, libre d&rsquo;agrochimiques.<\/p>\n<p>Choisir cet ol\u00e9o, c&rsquo;est choisir un ingr\u00e9dient qui raconte une histoire \u2014 celle d&rsquo;un territoire qui a d\u00e9cid\u00e9 de ma\u00eetriser chaque \u00e9tape de sa propre richesse.<\/p>\n<ul>\n<li class=\"whitespace-normal break-words pl-2\"><strong>B\u00e9n\u00e9fice<\/strong> \u2014 Hydratation intense et protection naturelle de la peau.<\/li>\n<li class=\"whitespace-normal break-words pl-2\"><strong>Souverainet\u00e9<\/strong> \u2014 Renforce l&rsquo;autonomie productive des familles rurales.<\/li>\n<\/ul>\n<p><strong>INCI<\/strong> \u2014 Theobroma Cacao Seed Butter<\/p>\n<p>&nbsp;<\/p>\n","protected":false},"excerpt":{"rendered":"<p class=\"font-claude-response-body break-words whitespace-normal leading-[1.7]\"><strong>L&rsquo;h\u00e9ritage vivant du territoire m\u00e9soam\u00e9ricain.<\/strong><\/p>\n<p class=\"font-claude-response-body break-words whitespace-normal leading-[1.7]\">Issu d&rsquo;une g\u00e9n\u00e9tique de haute qualit\u00e9, notre Cacao est cultiv\u00e9 dans un oasis agro\u00e9cologique et transform\u00e9 localement \u2014 garantissant une qualit\u00e9 int\u00e9grale et un impact \u00e9conomique direct sur les communaut\u00e9s productrices.<\/p>\n<ul>\n<li class=\"whitespace-normal break-words pl-2\"><strong>Profil<\/strong> \u2014 Haute teneur en polyph\u00e9nols et Vitamine D.<\/li>\n<li class=\"whitespace-normal break-words pl-2\"><strong>Garantie<\/strong> \u2014 Culture agro\u00e9cologique, transformation communautaire.<\/li>\n<\/ul>\n<p><a href=\"https:\/\/floranueva.com\/fr\/contact\/\"><button class=\"product-button-contact\">Je veux ce produit<\/button><\/a><\/p>\n","protected":false},"featured_media":5189,"template":"","meta":{"site-sidebar-layout":"default","site-content-layout":"","ast-site-content-layout":"default","site-content-style":"default","site-sidebar-style":"default","ast-global-header-display":"","ast-banner-title-visibility":"","ast-main-header-display":"","ast-hfb-above-header-display":"","ast-hfb-below-header-display":"","ast-hfb-mobile-header-display":"","site-post-title":"","ast-breadcrumbs-content":"","ast-featured-img":"","footer-sml-layout":"","theme-transparent-header-meta":"default","adv-header-id-meta":"","stick-header-meta":"","header-above-stick-meta":"","header-main-stick-meta":"","header-below-stick-meta":"","astra-migrate-meta-layouts":"set","ast-page-background-enabled":"default","ast-page-background-meta":{"desktop":{"background-color":"var(--ast-global-color-5)","background-image":"","background-repeat":"repeat","background-position":"center center","background-size":"auto","background-attachment":"scroll","background-type":"","background-media":"","overlay-type":"","overlay-color":"","overlay-opacity":"","overlay-gradient":""},"tablet":{"background-color":"","background-image":"","background-repeat":"repeat","background-position":"center center","background-size":"auto","background-attachment":"scroll","background-type":"","background-media":"","overlay-type":"","overlay-color":"","overlay-opacity":"","overlay-gradient":""},"mobile":{"background-color":"","background-image":"","background-repeat":"repeat","background-position":"center center","background-size":"auto","background-attachment":"scroll","background-type":"","background-media":"","overlay-type":"","overlay-color":"","overlay-opacity":"","overlay-gradient":""}},"ast-content-background-meta":{"desktop":{"background-color":"var(--ast-global-color-4)","background-image":"","background-repeat":"repeat","background-position":"center center","background-size":"auto","background-attachment":"scroll","background-type":"","background-media":"","overlay-type":"","overlay-color":"","overlay-opacity":"","overlay-gradient":""},"tablet":{"background-color":"var(--ast-global-color-4)","background-image":"","background-repeat":"repeat","background-position":"center center","background-size":"auto","background-attachment":"scroll","background-type":"","background-media":"","overlay-type":"","overlay-color":"","overlay-opacity":"","overlay-gradient":""},"mobile":{"background-color":"var(--ast-global-color-4)","background-image":"","background-repeat":"repeat","background-position":"center center","background-size":"auto","background-attachment":"scroll","background-type":"","background-media":"","overlay-type":"","overlay-color":"","overlay-opacity":"","overlay-gradient":""}}},"product_brand":[],"product_cat":[83,85],"product_tag":[164,161,165,63,166,162,163],"class_list":{"0":"post-4807","1":"product","2":"type-product","3":"status-publish","4":"has-post-thumbnail","6":"product_cat-ingredients","7":"product_cat-pour-entreprises","8":"product_tag-bean-to-bar","9":"product_tag-cacao","10":"product_tag-commerce-equitable","11":"product_tag-floranueva","12":"product_tag-hydratation-biologique","13":"product_tag-oleo-de-cacao","14":"product_tag-soins-naturels-pour-la-peau","15":"desktop-align-left","16":"tablet-align-left","17":"mobile-align-left","19":"first","20":"instock","21":"shipping-taxable","22":"product-type-simple"},"yoast_head":"<!-- This site is optimized with the Yoast SEO plugin v27.3 - https:\/\/yoast.com\/product\/yoast-seo-wordpress\/ -->\n<title>Ol\u00e9o Cacao - Flora Nueva<\/title>\n<meta name=\"description\" content=\"D\u00e9couvrez notre Oleo de Cacao pure pour une hydratation intense et naturelle. Un produit Bean-to-Bar qui prot\u00e8ge votre peau et soutient les familles rurales.\" \/>\n<meta name=\"robots\" content=\"index, follow, max-snippet:-1, max-image-preview:large, max-video-preview:-1\" \/>\n<link rel=\"canonical\" href=\"https:\/\/floranueva.com\/fr\/producto\/oleo-cacao\/\" \/>\n<meta property=\"og:locale\" content=\"fr_FR\" \/>\n<meta property=\"og:type\" content=\"article\" \/>\n<meta property=\"og:title\" content=\"Ol\u00e9o Cacao - Flora Nueva\" \/>\n<meta property=\"og:description\" content=\"D\u00e9couvrez notre Oleo de Cacao pure pour une hydratation intense et naturelle. Un produit Bean-to-Bar qui prot\u00e8ge votre peau et soutient les familles rurales.\" \/>\n<meta property=\"og:url\" content=\"https:\/\/floranueva.com\/fr\/producto\/oleo-cacao\/\" \/>\n<meta property=\"og:site_name\" content=\"Flora Nueva\" \/>\n<meta property=\"article:modified_time\" content=\"2026-03-20T20:32:58+00:00\" \/>\n<meta property=\"og:image\" content=\"https:\/\/floranueva.com\/wp-content\/uploads\/2025\/12\/Manteca-de-cacao.jpg\" \/>\n\t<meta property=\"og:image:width\" content=\"2048\" \/>\n\t<meta property=\"og:image:height\" content=\"2048\" \/>\n\t<meta property=\"og:image:type\" content=\"image\/jpeg\" \/>\n<meta name=\"twitter:card\" content=\"summary_large_image\" \/>\n<meta name=\"twitter:label1\" content=\"Dur\u00e9e de lecture estim\u00e9e\" \/>\n\t<meta name=\"twitter:data1\" content=\"1 minute\" \/>\n<script type=\"application\/ld+json\" class=\"yoast-schema-graph\">{\"@context\":\"https:\\\/\\\/schema.org\",\"@graph\":[{\"@type\":\"WebPage\",\"@id\":\"https:\\\/\\\/floranueva.com\\\/fr\\\/producto\\\/oleo-cacao\\\/\",\"url\":\"https:\\\/\\\/floranueva.com\\\/fr\\\/producto\\\/oleo-cacao\\\/\",\"name\":\"Ol\u00e9o Cacao - Flora Nueva\",\"isPartOf\":{\"@id\":\"https:\\\/\\\/purple-eland-953371.hostingersite.com\\\/#website\"},\"primaryImageOfPage\":{\"@id\":\"https:\\\/\\\/floranueva.com\\\/fr\\\/producto\\\/oleo-cacao\\\/#primaryimage\"},\"image\":{\"@id\":\"https:\\\/\\\/floranueva.com\\\/fr\\\/producto\\\/oleo-cacao\\\/#primaryimage\"},\"thumbnailUrl\":\"https:\\\/\\\/floranueva.com\\\/wp-content\\\/uploads\\\/2025\\\/12\\\/Manteca-de-cacao.jpg\",\"datePublished\":\"2025-12-09T20:47:42+00:00\",\"dateModified\":\"2026-03-20T20:32:58+00:00\",\"description\":\"D\u00e9couvrez notre Oleo de Cacao pure pour une hydratation intense et naturelle. Un produit Bean-to-Bar qui prot\u00e8ge votre peau et soutient les familles rurales.\",\"breadcrumb\":{\"@id\":\"https:\\\/\\\/floranueva.com\\\/fr\\\/producto\\\/oleo-cacao\\\/#breadcrumb\"},\"inLanguage\":\"fr-FR\",\"potentialAction\":[{\"@type\":\"ReadAction\",\"target\":[\"https:\\\/\\\/floranueva.com\\\/fr\\\/producto\\\/oleo-cacao\\\/\"]}]},{\"@type\":\"ImageObject\",\"inLanguage\":\"fr-FR\",\"@id\":\"https:\\\/\\\/floranueva.com\\\/fr\\\/producto\\\/oleo-cacao\\\/#primaryimage\",\"url\":\"https:\\\/\\\/floranueva.com\\\/wp-content\\\/uploads\\\/2025\\\/12\\\/Manteca-de-cacao.jpg\",\"contentUrl\":\"https:\\\/\\\/floranueva.com\\\/wp-content\\\/uploads\\\/2025\\\/12\\\/Manteca-de-cacao.jpg\",\"width\":2048,\"height\":2048,\"caption\":\"\u00f3leo de cacao de Flora Nueva\"},{\"@type\":\"BreadcrumbList\",\"@id\":\"https:\\\/\\\/floranueva.com\\\/fr\\\/producto\\\/oleo-cacao\\\/#breadcrumb\",\"itemListElement\":[{\"@type\":\"ListItem\",\"position\":1,\"name\":\"Portada\",\"item\":\"https:\\\/\\\/floranueva.com\\\/fr\\\/\"},{\"@type\":\"ListItem\",\"position\":2,\"name\":\"Boutique\",\"item\":\"https:\\\/\\\/floranueva.com\\\/fr\\\/boutique\\\/\"},{\"@type\":\"ListItem\",\"position\":3,\"name\":\"Ol\u00e9o Cacao\"}]},{\"@type\":\"WebSite\",\"@id\":\"https:\\\/\\\/purple-eland-953371.hostingersite.com\\\/#website\",\"url\":\"https:\\\/\\\/purple-eland-953371.hostingersite.com\\\/\",\"name\":\"Flora Nueva\",\"description\":\"\",\"publisher\":{\"@id\":\"https:\\\/\\\/purple-eland-953371.hostingersite.com\\\/#organization\"},\"potentialAction\":[{\"@type\":\"SearchAction\",\"target\":{\"@type\":\"EntryPoint\",\"urlTemplate\":\"https:\\\/\\\/purple-eland-953371.hostingersite.com\\\/?s={search_term_string}\"},\"query-input\":{\"@type\":\"PropertyValueSpecification\",\"valueRequired\":true,\"valueName\":\"search_term_string\"}}],\"inLanguage\":\"fr-FR\"},{\"@type\":\"Organization\",\"@id\":\"https:\\\/\\\/purple-eland-953371.hostingersite.com\\\/#organization\",\"name\":\"Flora Nueva\",\"url\":\"https:\\\/\\\/purple-eland-953371.hostingersite.com\\\/\",\"logo\":{\"@type\":\"ImageObject\",\"inLanguage\":\"fr-FR\",\"@id\":\"https:\\\/\\\/purple-eland-953371.hostingersite.com\\\/#\\\/schema\\\/logo\\\/image\\\/\",\"url\":\"https:\\\/\\\/floranueva.com\\\/wp-content\\\/uploads\\\/2025\\\/11\\\/ISO-GRANDE.png\",\"contentUrl\":\"https:\\\/\\\/floranueva.com\\\/wp-content\\\/uploads\\\/2025\\\/11\\\/ISO-GRANDE.png\",\"width\":434,\"height\":552,\"caption\":\"Flora Nueva\"},\"image\":{\"@id\":\"https:\\\/\\\/purple-eland-953371.hostingersite.com\\\/#\\\/schema\\\/logo\\\/image\\\/\"}}]}<\/script>\n<!-- \/ Yoast SEO plugin. -->","yoast_head_json":{"title":"Ol\u00e9o Cacao - Flora Nueva","description":"D\u00e9couvrez notre Oleo de Cacao pure pour une hydratation intense et naturelle. Un produit Bean-to-Bar qui prot\u00e8ge votre peau et soutient les familles rurales.","robots":{"index":"index","follow":"follow","max-snippet":"max-snippet:-1","max-image-preview":"max-image-preview:large","max-video-preview":"max-video-preview:-1"},"canonical":"https:\/\/floranueva.com\/fr\/producto\/oleo-cacao\/","og_locale":"fr_FR","og_type":"article","og_title":"Ol\u00e9o Cacao - Flora Nueva","og_description":"D\u00e9couvrez notre Oleo de Cacao pure pour une hydratation intense et naturelle. Un produit Bean-to-Bar qui prot\u00e8ge votre peau et soutient les familles rurales.","og_url":"https:\/\/floranueva.com\/fr\/producto\/oleo-cacao\/","og_site_name":"Flora Nueva","article_modified_time":"2026-03-20T20:32:58+00:00","og_image":[{"width":2048,"height":2048,"url":"https:\/\/floranueva.com\/wp-content\/uploads\/2025\/12\/Manteca-de-cacao.jpg","type":"image\/jpeg"}],"twitter_card":"summary_large_image","twitter_misc":{"Dur\u00e9e de lecture estim\u00e9e":"1 minute"},"schema":{"@context":"https:\/\/schema.org","@graph":[{"@type":"WebPage","@id":"https:\/\/floranueva.com\/fr\/producto\/oleo-cacao\/","url":"https:\/\/floranueva.com\/fr\/producto\/oleo-cacao\/","name":"Ol\u00e9o Cacao - Flora Nueva","isPartOf":{"@id":"https:\/\/purple-eland-953371.hostingersite.com\/#website"},"primaryImageOfPage":{"@id":"https:\/\/floranueva.com\/fr\/producto\/oleo-cacao\/#primaryimage"},"image":{"@id":"https:\/\/floranueva.com\/fr\/producto\/oleo-cacao\/#primaryimage"},"thumbnailUrl":"https:\/\/floranueva.com\/wp-content\/uploads\/2025\/12\/Manteca-de-cacao.jpg","datePublished":"2025-12-09T20:47:42+00:00","dateModified":"2026-03-20T20:32:58+00:00","description":"D\u00e9couvrez notre Oleo de Cacao pure pour une hydratation intense et naturelle. Un produit Bean-to-Bar qui prot\u00e8ge votre peau et soutient les familles rurales.","breadcrumb":{"@id":"https:\/\/floranueva.com\/fr\/producto\/oleo-cacao\/#breadcrumb"},"inLanguage":"fr-FR","potentialAction":[{"@type":"ReadAction","target":["https:\/\/floranueva.com\/fr\/producto\/oleo-cacao\/"]}]},{"@type":"ImageObject","inLanguage":"fr-FR","@id":"https:\/\/floranueva.com\/fr\/producto\/oleo-cacao\/#primaryimage","url":"https:\/\/floranueva.com\/wp-content\/uploads\/2025\/12\/Manteca-de-cacao.jpg","contentUrl":"https:\/\/floranueva.com\/wp-content\/uploads\/2025\/12\/Manteca-de-cacao.jpg","width":2048,"height":2048,"caption":"\u00f3leo de cacao de Flora Nueva"},{"@type":"BreadcrumbList","@id":"https:\/\/floranueva.com\/fr\/producto\/oleo-cacao\/#breadcrumb","itemListElement":[{"@type":"ListItem","position":1,"name":"Portada","item":"https:\/\/floranueva.com\/fr\/"},{"@type":"ListItem","position":2,"name":"Boutique","item":"https:\/\/floranueva.com\/fr\/boutique\/"},{"@type":"ListItem","position":3,"name":"Ol\u00e9o Cacao"}]},{"@type":"WebSite","@id":"https:\/\/purple-eland-953371.hostingersite.com\/#website","url":"https:\/\/purple-eland-953371.hostingersite.com\/","name":"Flora Nueva","description":"","publisher":{"@id":"https:\/\/purple-eland-953371.hostingersite.com\/#organization"},"potentialAction":[{"@type":"SearchAction","target":{"@type":"EntryPoint","urlTemplate":"https:\/\/purple-eland-953371.hostingersite.com\/?s={search_term_string}"},"query-input":{"@type":"PropertyValueSpecification","valueRequired":true,"valueName":"search_term_string"}}],"inLanguage":"fr-FR"},{"@type":"Organization","@id":"https:\/\/purple-eland-953371.hostingersite.com\/#organization","name":"Flora Nueva","url":"https:\/\/purple-eland-953371.hostingersite.com\/","logo":{"@type":"ImageObject","inLanguage":"fr-FR","@id":"https:\/\/purple-eland-953371.hostingersite.com\/#\/schema\/logo\/image\/","url":"https:\/\/floranueva.com\/wp-content\/uploads\/2025\/11\/ISO-GRANDE.png","contentUrl":"https:\/\/floranueva.com\/wp-content\/uploads\/2025\/11\/ISO-GRANDE.png","width":434,"height":552,"caption":"Flora Nueva"},"image":{"@id":"https:\/\/purple-eland-953371.hostingersite.com\/#\/schema\/logo\/image\/"}}]}},"_links":{"self":[{"href":"https:\/\/floranueva.com\/fr\/wp-json\/wp\/v2\/product\/4807","targetHints":{"allow":["GET"]}}],"collection":[{"href":"https:\/\/floranueva.com\/fr\/wp-json\/wp\/v2\/product"}],"about":[{"href":"https:\/\/floranueva.com\/fr\/wp-json\/wp\/v2\/types\/product"}],"wp:featuredmedia":[{"embeddable":true,"href":"https:\/\/floranueva.com\/fr\/wp-json\/wp\/v2\/media\/5189"}],"wp:attachment":[{"href":"https:\/\/floranueva.com\/fr\/wp-json\/wp\/v2\/media?parent=4807"}],"wp:term":[{"taxonomy":"product_brand","embeddable":true,"href":"https:\/\/floranueva.com\/fr\/wp-json\/wp\/v2\/product_brand?post=4807"},{"taxonomy":"product_cat","embeddable":true,"href":"https:\/\/floranueva.com\/fr\/wp-json\/wp\/v2\/product_cat?post=4807"},{"taxonomy":"product_tag","embeddable":true,"href":"https:\/\/floranueva.com\/fr\/wp-json\/wp\/v2\/product_tag?post=4807"}],"curies":[{"name":"wp","href":"https:\/\/api.w.org\/{rel}","templated":true}]}}