{"id":4982,"date":"2026-02-10T21:10:21","date_gmt":"2026-02-10T21:10:21","guid":{"rendered":"https:\/\/floranueva.com\/producto\/oleo-de-chia-2\/"},"modified":"2026-03-20T21:45:18","modified_gmt":"2026-03-20T21:45:18","slug":"oleo-de-chia-2","status":"publish","type":"product","link":"https:\/\/floranueva.com\/fr\/producto\/oleo-de-chia-2\/","title":{"rendered":"Ol\u00e9o de Chia"},"content":{"rendered":"<p class=\"font-claude-response-body break-words whitespace-normal leading-[1.7]\">Notre Ol\u00e9o Chia vient des terres agro\u00e9cologiques de la P\u00e9ninsule de Nicoya \u2014 l&rsquo;une des cinq Zones Bleues de la plan\u00e8te, ces territoires o\u00f9 l&rsquo;on vit plus longtemps et en meilleure sant\u00e9. Un origine qui n&rsquo;est pas un hasard : ici, la terre, le climat et le savoir-faire se conjuguent pour donner naissance \u00e0 une chia d&rsquo;exception.<\/p>\n<p class=\"font-claude-response-body break-words whitespace-normal leading-[1.7]\">Press\u00e9 \u00e0 froid pour pr\u00e9server chaque nutriment, cet ol\u00e9o est<strong> la source v\u00e9g\u00e9tale la plus riche en Om\u00e9ga-3<\/strong>. Consomm\u00e9 au quotidien, il soutient votre sant\u00e9 naturellement. Appliqu\u00e9 sur la peau, il apaise les irritations, nourrit en profondeur et redonne \u00e9clat et souplesse aux peaux sensibles et s\u00e8ches.<\/p>\n<p class=\"font-claude-response-body break-words whitespace-normal leading-[1.7]\">C&rsquo;est l&rsquo;alliance de la long\u00e9vit\u00e9 du territoire et d&rsquo;une technique ma\u00eetris\u00e9e \u2014 pour vivre le bien-\u00eatre de Nicoya, une goutte \u00e0 la fois<em>.<\/em><\/p>\n<ul>\n<li style=\"font-weight: 400;\" aria-level=\"1\"><b>Actif principal : <\/b><span style=\"font-weight: 400;\">Concentration maximale en Om\u00e9ga-3 v\u00e9g\u00e9tal.<\/span><\/li>\n<li style=\"font-weight: 400;\" aria-level=\"1\"><b>Usages : <\/b><span style=\"font-weight: 400;\">Nutrition\u00a0 et soin topique.<\/span><\/li>\n<li style=\"font-weight: 400;\" aria-level=\"1\"><b style=\"font-style: inherit;\">Origine : <\/b><span style=\"font-weight: 400;\">Culture saisonni\u00e8re de la P\u00e9ninsule de Nicoya (Zone Bleue).<\/span><\/li>\n<\/ul>\n","protected":false},"excerpt":{"rendered":"<p class=\"font-claude-response-body break-words whitespace-normal leading-[1.7]\"><strong>Le secret de la long\u00e9vit\u00e9 pour votre bien-\u00eatre.<\/strong><\/p>\n<p class=\"font-claude-response-body break-words whitespace-normal leading-[1.7]\">Un extrait pur charg\u00e9 en Om\u00e9ga-3 \u2014 pour nourrir votre corps de l&rsquo;int\u00e9rieur dans vos recettes sant\u00e9, ou pour apaiser et r\u00e9g\u00e9n\u00e9rer votre peau naturellement. Cultiv\u00e9 dans le respect des cycles de la terre, dans la P\u00e9ninsule de Nicoya \u2014 l&rsquo;une des cinq Zones Bleues de la plan\u00e8te.<\/p>\n<ul>\n<li class=\"whitespace-normal break-words pl-2\"><strong>Effet<\/strong> \u2014 Anti-inflammatoire et anti-\u00e2ge naturel.<\/li>\n<li class=\"whitespace-normal break-words pl-2\"><strong>Application<\/strong> \u2014 Id\u00e9al en cuisine froide et en soin topique.<\/li>\n<li class=\"whitespace-normal break-words pl-2\"><strong>Qualit\u00e9<\/strong> \u2014 Press\u00e9 \u00e0 froid pour pr\u00e9server tous les nutriments.<\/li>\n<\/ul>\n<p><a href=\"https:\/\/floranueva.com\/fr\/contact\/\"><button class=\"product-button-contact\">Je veux ce produit<\/button><\/a><\/p>\n","protected":false},"featured_media":5184,"template":"","meta":{"site-sidebar-layout":"default","site-content-layout":"","ast-site-content-layout":"default","site-content-style":"default","site-sidebar-style":"default","ast-global-header-display":"","ast-banner-title-visibility":"","ast-main-header-display":"","ast-hfb-above-header-display":"","ast-hfb-below-header-display":"","ast-hfb-mobile-header-display":"","site-post-title":"","ast-breadcrumbs-content":"","ast-featured-img":"","footer-sml-layout":"","theme-transparent-header-meta":"default","adv-header-id-meta":"","stick-header-meta":"","header-above-stick-meta":"","header-main-stick-meta":"","header-below-stick-meta":"","astra-migrate-meta-layouts":"set","ast-page-background-enabled":"default","ast-page-background-meta":{"desktop":{"background-color":"var(--ast-global-color-5)","background-image":"","background-repeat":"repeat","background-position":"center center","background-size":"auto","background-attachment":"scroll","background-type":"","background-media":"","overlay-type":"","overlay-color":"","overlay-opacity":"","overlay-gradient":""},"tablet":{"background-color":"","background-image":"","background-repeat":"repeat","background-position":"center center","background-size":"auto","background-attachment":"scroll","background-type":"","background-media":"","overlay-type":"","overlay-color":"","overlay-opacity":"","overlay-gradient":""},"mobile":{"background-color":"","background-image":"","background-repeat":"repeat","background-position":"center center","background-size":"auto","background-attachment":"scroll","background-type":"","background-media":"","overlay-type":"","overlay-color":"","overlay-opacity":"","overlay-gradient":""}},"ast-content-background-meta":{"desktop":{"background-color":"var(--ast-global-color-4)","background-image":"","background-repeat":"repeat","background-position":"center center","background-size":"auto","background-attachment":"scroll","background-type":"","background-media":"","overlay-type":"","overlay-color":"","overlay-opacity":"","overlay-gradient":""},"tablet":{"background-color":"var(--ast-global-color-4)","background-image":"","background-repeat":"repeat","background-position":"center center","background-size":"auto","background-attachment":"scroll","background-type":"","background-media":"","overlay-type":"","overlay-color":"","overlay-opacity":"","overlay-gradient":""},"mobile":{"background-color":"var(--ast-global-color-4)","background-image":"","background-repeat":"repeat","background-position":"center center","background-size":"auto","background-attachment":"scroll","background-type":"","background-media":"","overlay-type":"","overlay-color":"","overlay-opacity":"","overlay-gradient":""}}},"product_brand":[],"product_cat":[62],"product_tag":[208,211,212,209,210],"class_list":{"0":"post-4982","1":"product","2":"type-product","3":"status-publish","4":"has-post-thumbnail","6":"product_cat-produits","7":"product_tag-aceite-de-chia-prensado-en-frio","8":"product_tag-cosmetica-antiinflamatoria","9":"product_tag-cuidado-antiedad-natural","10":"product_tag-omega-3-vegetal","11":"product_tag-peninsule-de-nicoya","12":"desktop-align-left","13":"tablet-align-left","14":"mobile-align-left","16":"first","17":"instock","18":"shipping-taxable","19":"product-type-simple"},"yoast_head":"<!-- This site is optimized with the Yoast SEO plugin v27.3 - https:\/\/yoast.com\/product\/yoast-seo-wordpress\/ -->\n<title>Ol\u00e9o de Chia - Flora Nueva<\/title>\n<meta name=\"description\" content=\"D\u00e9couvrez l&#039;Oleo de chia de la p\u00e9ninsule de Nicoya. Concentration maximale en om\u00e9ga 3 naturel aux propri\u00e9t\u00e9s anti-inflammatoires et anti-\u00e2ge.\" \/>\n<meta name=\"robots\" content=\"index, follow, max-snippet:-1, max-image-preview:large, max-video-preview:-1\" \/>\n<link rel=\"canonical\" href=\"https:\/\/floranueva.com\/fr\/producto\/oleo-de-chia-2\/\" \/>\n<meta property=\"og:locale\" content=\"fr_FR\" \/>\n<meta property=\"og:type\" content=\"article\" \/>\n<meta property=\"og:title\" content=\"Ol\u00e9o de Chia - Flora Nueva\" \/>\n<meta property=\"og:description\" content=\"D\u00e9couvrez l&#039;Oleo de chia de la p\u00e9ninsule de Nicoya. Concentration maximale en om\u00e9ga 3 naturel aux propri\u00e9t\u00e9s anti-inflammatoires et anti-\u00e2ge.\" \/>\n<meta property=\"og:url\" content=\"https:\/\/floranueva.com\/fr\/producto\/oleo-de-chia-2\/\" \/>\n<meta property=\"og:site_name\" content=\"Flora Nueva\" \/>\n<meta property=\"article:modified_time\" content=\"2026-03-20T21:45:18+00:00\" \/>\n<meta property=\"og:image\" content=\"https:\/\/floranueva.com\/wp-content\/uploads\/2026\/02\/Oleo-de-Chia-producto_nuevo.jpg\" \/>\n\t<meta property=\"og:image:width\" content=\"880\" \/>\n\t<meta property=\"og:image:height\" content=\"880\" \/>\n\t<meta property=\"og:image:type\" content=\"image\/jpeg\" \/>\n<meta name=\"twitter:card\" content=\"summary_large_image\" \/>\n<meta name=\"twitter:label1\" content=\"Dur\u00e9e de lecture estim\u00e9e\" \/>\n\t<meta name=\"twitter:data1\" content=\"1 minute\" \/>\n<script type=\"application\/ld+json\" class=\"yoast-schema-graph\">{\"@context\":\"https:\\\/\\\/schema.org\",\"@graph\":[{\"@type\":\"WebPage\",\"@id\":\"https:\\\/\\\/floranueva.com\\\/fr\\\/producto\\\/oleo-de-chia-2\\\/\",\"url\":\"https:\\\/\\\/floranueva.com\\\/fr\\\/producto\\\/oleo-de-chia-2\\\/\",\"name\":\"Ol\u00e9o de Chia - Flora Nueva\",\"isPartOf\":{\"@id\":\"https:\\\/\\\/purple-eland-953371.hostingersite.com\\\/#website\"},\"primaryImageOfPage\":{\"@id\":\"https:\\\/\\\/floranueva.com\\\/fr\\\/producto\\\/oleo-de-chia-2\\\/#primaryimage\"},\"image\":{\"@id\":\"https:\\\/\\\/floranueva.com\\\/fr\\\/producto\\\/oleo-de-chia-2\\\/#primaryimage\"},\"thumbnailUrl\":\"https:\\\/\\\/floranueva.com\\\/wp-content\\\/uploads\\\/2026\\\/02\\\/Oleo-de-Chia-producto_nuevo.jpg\",\"datePublished\":\"2026-02-10T21:10:21+00:00\",\"dateModified\":\"2026-03-20T21:45:18+00:00\",\"description\":\"D\u00e9couvrez l'Oleo de chia de la p\u00e9ninsule de Nicoya. Concentration maximale en om\u00e9ga 3 naturel aux propri\u00e9t\u00e9s anti-inflammatoires et anti-\u00e2ge.\",\"breadcrumb\":{\"@id\":\"https:\\\/\\\/floranueva.com\\\/fr\\\/producto\\\/oleo-de-chia-2\\\/#breadcrumb\"},\"inLanguage\":\"fr-FR\",\"potentialAction\":[{\"@type\":\"ReadAction\",\"target\":[\"https:\\\/\\\/floranueva.com\\\/fr\\\/producto\\\/oleo-de-chia-2\\\/\"]}]},{\"@type\":\"ImageObject\",\"inLanguage\":\"fr-FR\",\"@id\":\"https:\\\/\\\/floranueva.com\\\/fr\\\/producto\\\/oleo-de-chia-2\\\/#primaryimage\",\"url\":\"https:\\\/\\\/floranueva.com\\\/wp-content\\\/uploads\\\/2026\\\/02\\\/Oleo-de-Chia-producto_nuevo.jpg\",\"contentUrl\":\"https:\\\/\\\/floranueva.com\\\/wp-content\\\/uploads\\\/2026\\\/02\\\/Oleo-de-Chia-producto_nuevo.jpg\",\"width\":880,\"height\":880,\"caption\":\"\u00f3leo ch\u00eda Flora Nueva\"},{\"@type\":\"BreadcrumbList\",\"@id\":\"https:\\\/\\\/floranueva.com\\\/fr\\\/producto\\\/oleo-de-chia-2\\\/#breadcrumb\",\"itemListElement\":[{\"@type\":\"ListItem\",\"position\":1,\"name\":\"Portada\",\"item\":\"https:\\\/\\\/floranueva.com\\\/fr\\\/\"},{\"@type\":\"ListItem\",\"position\":2,\"name\":\"Boutique\",\"item\":\"https:\\\/\\\/floranueva.com\\\/fr\\\/boutique\\\/\"},{\"@type\":\"ListItem\",\"position\":3,\"name\":\"Ol\u00e9o de Chia\"}]},{\"@type\":\"WebSite\",\"@id\":\"https:\\\/\\\/purple-eland-953371.hostingersite.com\\\/#website\",\"url\":\"https:\\\/\\\/purple-eland-953371.hostingersite.com\\\/\",\"name\":\"Flora Nueva\",\"description\":\"\",\"publisher\":{\"@id\":\"https:\\\/\\\/purple-eland-953371.hostingersite.com\\\/#organization\"},\"potentialAction\":[{\"@type\":\"SearchAction\",\"target\":{\"@type\":\"EntryPoint\",\"urlTemplate\":\"https:\\\/\\\/purple-eland-953371.hostingersite.com\\\/?s={search_term_string}\"},\"query-input\":{\"@type\":\"PropertyValueSpecification\",\"valueRequired\":true,\"valueName\":\"search_term_string\"}}],\"inLanguage\":\"fr-FR\"},{\"@type\":\"Organization\",\"@id\":\"https:\\\/\\\/purple-eland-953371.hostingersite.com\\\/#organization\",\"name\":\"Flora Nueva\",\"url\":\"https:\\\/\\\/purple-eland-953371.hostingersite.com\\\/\",\"logo\":{\"@type\":\"ImageObject\",\"inLanguage\":\"fr-FR\",\"@id\":\"https:\\\/\\\/purple-eland-953371.hostingersite.com\\\/#\\\/schema\\\/logo\\\/image\\\/\",\"url\":\"https:\\\/\\\/floranueva.com\\\/wp-content\\\/uploads\\\/2025\\\/11\\\/ISO-GRANDE.png\",\"contentUrl\":\"https:\\\/\\\/floranueva.com\\\/wp-content\\\/uploads\\\/2025\\\/11\\\/ISO-GRANDE.png\",\"width\":434,\"height\":552,\"caption\":\"Flora Nueva\"},\"image\":{\"@id\":\"https:\\\/\\\/purple-eland-953371.hostingersite.com\\\/#\\\/schema\\\/logo\\\/image\\\/\"}}]}<\/script>\n<!-- \/ Yoast SEO plugin. -->","yoast_head_json":{"title":"Ol\u00e9o de Chia - Flora Nueva","description":"D\u00e9couvrez l'Oleo de chia de la p\u00e9ninsule de Nicoya. Concentration maximale en om\u00e9ga 3 naturel aux propri\u00e9t\u00e9s anti-inflammatoires et anti-\u00e2ge.","robots":{"index":"index","follow":"follow","max-snippet":"max-snippet:-1","max-image-preview":"max-image-preview:large","max-video-preview":"max-video-preview:-1"},"canonical":"https:\/\/floranueva.com\/fr\/producto\/oleo-de-chia-2\/","og_locale":"fr_FR","og_type":"article","og_title":"Ol\u00e9o de Chia - Flora Nueva","og_description":"D\u00e9couvrez l'Oleo de chia de la p\u00e9ninsule de Nicoya. Concentration maximale en om\u00e9ga 3 naturel aux propri\u00e9t\u00e9s anti-inflammatoires et anti-\u00e2ge.","og_url":"https:\/\/floranueva.com\/fr\/producto\/oleo-de-chia-2\/","og_site_name":"Flora Nueva","article_modified_time":"2026-03-20T21:45:18+00:00","og_image":[{"width":880,"height":880,"url":"https:\/\/floranueva.com\/wp-content\/uploads\/2026\/02\/Oleo-de-Chia-producto_nuevo.jpg","type":"image\/jpeg"}],"twitter_card":"summary_large_image","twitter_misc":{"Dur\u00e9e de lecture estim\u00e9e":"1 minute"},"schema":{"@context":"https:\/\/schema.org","@graph":[{"@type":"WebPage","@id":"https:\/\/floranueva.com\/fr\/producto\/oleo-de-chia-2\/","url":"https:\/\/floranueva.com\/fr\/producto\/oleo-de-chia-2\/","name":"Ol\u00e9o de Chia - Flora Nueva","isPartOf":{"@id":"https:\/\/purple-eland-953371.hostingersite.com\/#website"},"primaryImageOfPage":{"@id":"https:\/\/floranueva.com\/fr\/producto\/oleo-de-chia-2\/#primaryimage"},"image":{"@id":"https:\/\/floranueva.com\/fr\/producto\/oleo-de-chia-2\/#primaryimage"},"thumbnailUrl":"https:\/\/floranueva.com\/wp-content\/uploads\/2026\/02\/Oleo-de-Chia-producto_nuevo.jpg","datePublished":"2026-02-10T21:10:21+00:00","dateModified":"2026-03-20T21:45:18+00:00","description":"D\u00e9couvrez l'Oleo de chia de la p\u00e9ninsule de Nicoya. Concentration maximale en om\u00e9ga 3 naturel aux propri\u00e9t\u00e9s anti-inflammatoires et anti-\u00e2ge.","breadcrumb":{"@id":"https:\/\/floranueva.com\/fr\/producto\/oleo-de-chia-2\/#breadcrumb"},"inLanguage":"fr-FR","potentialAction":[{"@type":"ReadAction","target":["https:\/\/floranueva.com\/fr\/producto\/oleo-de-chia-2\/"]}]},{"@type":"ImageObject","inLanguage":"fr-FR","@id":"https:\/\/floranueva.com\/fr\/producto\/oleo-de-chia-2\/#primaryimage","url":"https:\/\/floranueva.com\/wp-content\/uploads\/2026\/02\/Oleo-de-Chia-producto_nuevo.jpg","contentUrl":"https:\/\/floranueva.com\/wp-content\/uploads\/2026\/02\/Oleo-de-Chia-producto_nuevo.jpg","width":880,"height":880,"caption":"\u00f3leo ch\u00eda Flora Nueva"},{"@type":"BreadcrumbList","@id":"https:\/\/floranueva.com\/fr\/producto\/oleo-de-chia-2\/#breadcrumb","itemListElement":[{"@type":"ListItem","position":1,"name":"Portada","item":"https:\/\/floranueva.com\/fr\/"},{"@type":"ListItem","position":2,"name":"Boutique","item":"https:\/\/floranueva.com\/fr\/boutique\/"},{"@type":"ListItem","position":3,"name":"Ol\u00e9o de Chia"}]},{"@type":"WebSite","@id":"https:\/\/purple-eland-953371.hostingersite.com\/#website","url":"https:\/\/purple-eland-953371.hostingersite.com\/","name":"Flora Nueva","description":"","publisher":{"@id":"https:\/\/purple-eland-953371.hostingersite.com\/#organization"},"potentialAction":[{"@type":"SearchAction","target":{"@type":"EntryPoint","urlTemplate":"https:\/\/purple-eland-953371.hostingersite.com\/?s={search_term_string}"},"query-input":{"@type":"PropertyValueSpecification","valueRequired":true,"valueName":"search_term_string"}}],"inLanguage":"fr-FR"},{"@type":"Organization","@id":"https:\/\/purple-eland-953371.hostingersite.com\/#organization","name":"Flora Nueva","url":"https:\/\/purple-eland-953371.hostingersite.com\/","logo":{"@type":"ImageObject","inLanguage":"fr-FR","@id":"https:\/\/purple-eland-953371.hostingersite.com\/#\/schema\/logo\/image\/","url":"https:\/\/floranueva.com\/wp-content\/uploads\/2025\/11\/ISO-GRANDE.png","contentUrl":"https:\/\/floranueva.com\/wp-content\/uploads\/2025\/11\/ISO-GRANDE.png","width":434,"height":552,"caption":"Flora Nueva"},"image":{"@id":"https:\/\/purple-eland-953371.hostingersite.com\/#\/schema\/logo\/image\/"}}]}},"_links":{"self":[{"href":"https:\/\/floranueva.com\/fr\/wp-json\/wp\/v2\/product\/4982","targetHints":{"allow":["GET"]}}],"collection":[{"href":"https:\/\/floranueva.com\/fr\/wp-json\/wp\/v2\/product"}],"about":[{"href":"https:\/\/floranueva.com\/fr\/wp-json\/wp\/v2\/types\/product"}],"wp:featuredmedia":[{"embeddable":true,"href":"https:\/\/floranueva.com\/fr\/wp-json\/wp\/v2\/media\/5184"}],"wp:attachment":[{"href":"https:\/\/floranueva.com\/fr\/wp-json\/wp\/v2\/media?parent=4982"}],"wp:term":[{"taxonomy":"product_brand","embeddable":true,"href":"https:\/\/floranueva.com\/fr\/wp-json\/wp\/v2\/product_brand?post=4982"},{"taxonomy":"product_cat","embeddable":true,"href":"https:\/\/floranueva.com\/fr\/wp-json\/wp\/v2\/product_cat?post=4982"},{"taxonomy":"product_tag","embeddable":true,"href":"https:\/\/floranueva.com\/fr\/wp-json\/wp\/v2\/product_tag?post=4982"}],"curies":[{"name":"wp","href":"https:\/\/api.w.org\/{rel}","templated":true}]}}